{"id":9071,"date":"2026-04-25T13:07:09","date_gmt":"2026-04-25T13:07:09","guid":{"rendered":"https:\/\/anopri.com\/?post_type=product&#038;p=9071"},"modified":"2026-04-25T13:07:11","modified_gmt":"2026-04-25T13:07:11","slug":"machine-a-coudre-divine","status":"publish","type":"product","link":"https:\/\/anopri.com\/?product=machine-a-coudre-divine","title":{"rendered":"Machine \u00e0 coudre DIVINE"},"content":{"rendered":"<p>Machine \u00e0 coudre DIVINE Machine \u00e0 coudre domestique Mat\u00e9riel : Fer Pays de fabrication : Indien \u2603 Couleur : Noir et Densit\u00e9 (L x L x H) : 44 cm x 33 cm x 55 cm<\/p>\n","protected":false},"excerpt":{"rendered":"<p>Machine \u00e0 coudre DIVINE Machine \u00e0 coudre domestique Mat\u00e9riel : Fer Pays de fabrication : Indien \u2603 Couleur : Noir et Densit\u00e9 (L x L x H) : 44 cm x 33 cm x 55 cm<\/p>\n","protected":false},"featured_media":8264,"comment_status":"open","ping_status":"closed","template":"","meta":{"_bst_post_transparent":"","_bst_post_title":"","_bst_post_layout":"","_bst_post_sidebar_id":"","_bst_post_content_style":"","_bst_post_vertical_padding":"","_bst_post_feature":"","_bst_post_feature_position":"","_bst_post_header":false,"_bst_post_footer":false},"product_brand":[],"product_cat":[176],"product_tag":[],"product_brands":[],"class_list":{"0":"post-9071","1":"product","2":"type-product","3":"status-publish","4":"has-post-thumbnail","6":"product_cat-machines-a-coudre-accessoires-de-couture","8":"first","9":"instock","10":"shipping-taxable","11":"purchasable","12":"product-type-simple","13":"entry","14":"content-bg","15":"loop-entry"},"_links":{"self":[{"href":"https:\/\/anopri.com\/index.php?rest_route=\/wp\/v2\/product\/9071","targetHints":{"allow":["GET"]}}],"collection":[{"href":"https:\/\/anopri.com\/index.php?rest_route=\/wp\/v2\/product"}],"about":[{"href":"https:\/\/anopri.com\/index.php?rest_route=\/wp\/v2\/types\/product"}],"replies":[{"embeddable":true,"href":"https:\/\/anopri.com\/index.php?rest_route=%2Fwp%2Fv2%2Fcomments&post=9071"}],"wp:featuredmedia":[{"embeddable":true,"href":"https:\/\/anopri.com\/index.php?rest_route=\/wp\/v2\/media\/8264"}],"wp:attachment":[{"href":"https:\/\/anopri.com\/index.php?rest_route=%2Fwp%2Fv2%2Fmedia&parent=9071"}],"wp:term":[{"taxonomy":"product_brand","embeddable":true,"href":"https:\/\/anopri.com\/index.php?rest_route=%2Fwp%2Fv2%2Fproduct_brand&post=9071"},{"taxonomy":"product_cat","embeddable":true,"href":"https:\/\/anopri.com\/index.php?rest_route=%2Fwp%2Fv2%2Fproduct_cat&post=9071"},{"taxonomy":"product_tag","embeddable":true,"href":"https:\/\/anopri.com\/index.php?rest_route=%2Fwp%2Fv2%2Fproduct_tag&post=9071"},{"taxonomy":"product_brands","embeddable":true,"href":"https:\/\/anopri.com\/index.php?rest_route=%2Fwp%2Fv2%2Fproduct_brands&post=9071"}],"curies":[{"name":"wp","href":"https:\/\/api.w.org\/{rel}","templated":true}]}}