{"id":9069,"date":"2026-04-25T13:07:09","date_gmt":"2026-04-25T13:07:09","guid":{"rendered":"https:\/\/anopri.com\/?post_type=product&#038;p=9069"},"modified":"2026-04-25T13:07:11","modified_gmt":"2026-04-25T13:07:11","slug":"machine-a-coudre-industrielle-emel-em737g","status":"publish","type":"product","link":"https:\/\/anopri.com\/?product=machine-a-coudre-industrielle-emel-em737g","title":{"rendered":"Machine \u00e0 Coudre industrielle Emel &#8211; EM737G"},"content":{"rendered":"<p><span>Emel 737 est une machine \u00e0 coudre industrielle \u00e0 trois fils (machine \u00e0 tisser) utilis\u00e9e dans les tissus de surbordure pour une finition fine et une protection contre la perte lors de la couture. Elle est applicable pour coudre des tissus fins, mod\u00e9r\u00e9s et \u00e9pais, gr\u00e2ce \u00e0 son dispositif de lubrification automatique.\u00a0La machine fonctionne parfaitement et en douceur \u00e0 faible tension de couture avec des points parfaitement stables \u00e0 grande vitesse.<\/span><\/p>\n<p><span>Les machines \u00e0 tisser industrielles sont une n\u00e9cessit\u00e9 absolue pour les tailleurs et couturi\u00e8res professionnels qui donnent une finition raffin\u00e9e aux v\u00eatements.\u00a0Ici au Nigeria, on les appelle commun\u00e9ment des machines \u00e0 tisser, mais le nom correct est surjeteuse ou surjeteuse.<\/span><\/p>\n<p><span>Les surjeteuses industrielles sont plus avanc\u00e9es que les machines \u00e0 tisser ordinaires.\u00a0Ils offrent plus de fonctions et s\u2019adaptent \u00e0 une plus large gamme de tissus.\u00a0Travailler avec eux est plus facile avec une vitesse plus rapide.<\/span><\/p>\n<p><span>En tant que l&#8217;un des principaux fabricants de machines \u00e0 coudre industrielles, Emel produit des surjeteuses auxquelles vous pouvez faire confiance pour leur robustesse et leur durabilit\u00e9.<\/span><\/p>\n<p><span>La surjeteuse industrielle Emel 737 r\u00e9pondra certainement \u00e0 vos besoins.<\/span><\/p>\n","protected":false},"excerpt":{"rendered":"<ul>\n<li><span>Machine \u00e0 bordurer \u00e0 trois fils<\/span><\/li>\n<li><span>Autolubrification automatique<\/span><\/li>\n<li><span>Couture \u00e0 grande vitesse avec un faible bruit<\/span><\/li>\n<li><span>Fourni avec Table Industrielle, Support et Moteur d&#8217;embrayage<\/span><\/li>\n<li><span>Garantie de durabilit\u00e9<\/span><\/li>\n<\/ul>\n","protected":false},"featured_media":8262,"comment_status":"open","ping_status":"closed","template":"","meta":{"_bst_post_transparent":"","_bst_post_title":"","_bst_post_layout":"","_bst_post_sidebar_id":"","_bst_post_content_style":"","_bst_post_vertical_padding":"","_bst_post_feature":"","_bst_post_feature_position":"","_bst_post_header":false,"_bst_post_footer":false},"product_brand":[],"product_cat":[176],"product_tag":[],"product_brands":[],"class_list":{"0":"post-9069","1":"product","2":"type-product","3":"status-publish","4":"has-post-thumbnail","6":"product_cat-machines-a-coudre-accessoires-de-couture","8":"first","9":"instock","10":"shipping-taxable","11":"purchasable","12":"product-type-simple","13":"entry","14":"content-bg","15":"loop-entry"},"_links":{"self":[{"href":"https:\/\/anopri.com\/index.php?rest_route=\/wp\/v2\/product\/9069","targetHints":{"allow":["GET"]}}],"collection":[{"href":"https:\/\/anopri.com\/index.php?rest_route=\/wp\/v2\/product"}],"about":[{"href":"https:\/\/anopri.com\/index.php?rest_route=\/wp\/v2\/types\/product"}],"replies":[{"embeddable":true,"href":"https:\/\/anopri.com\/index.php?rest_route=%2Fwp%2Fv2%2Fcomments&post=9069"}],"wp:featuredmedia":[{"embeddable":true,"href":"https:\/\/anopri.com\/index.php?rest_route=\/wp\/v2\/media\/8262"}],"wp:attachment":[{"href":"https:\/\/anopri.com\/index.php?rest_route=%2Fwp%2Fv2%2Fmedia&parent=9069"}],"wp:term":[{"taxonomy":"product_brand","embeddable":true,"href":"https:\/\/anopri.com\/index.php?rest_route=%2Fwp%2Fv2%2Fproduct_brand&post=9069"},{"taxonomy":"product_cat","embeddable":true,"href":"https:\/\/anopri.com\/index.php?rest_route=%2Fwp%2Fv2%2Fproduct_cat&post=9069"},{"taxonomy":"product_tag","embeddable":true,"href":"https:\/\/anopri.com\/index.php?rest_route=%2Fwp%2Fv2%2Fproduct_tag&post=9069"},{"taxonomy":"product_brands","embeddable":true,"href":"https:\/\/anopri.com\/index.php?rest_route=%2Fwp%2Fv2%2Fproduct_brands&post=9069"}],"curies":[{"name":"wp","href":"https:\/\/api.w.org\/{rel}","templated":true}]}}