{"id":9068,"date":"2026-04-25T13:07:03","date_gmt":"2026-04-25T13:07:03","guid":{"rendered":"https:\/\/anopri.com\/?post_type=product&#038;p=9068"},"modified":"2026-04-25T13:07:07","modified_gmt":"2026-04-25T13:07:07","slug":"machine-a-coudre-industrielle-singer-20u33","status":"publish","type":"product","link":"https:\/\/anopri.com\/?product=machine-a-coudre-industrielle-singer-20u33","title":{"rendered":"Machine \u00e0 coudre industrielle SINGER- 20u33"},"content":{"rendered":"<p><span>Cette machine est capable de broder \u00e0 main lev\u00e9e.<\/span><\/p>\n<p><span>Id\u00e9al pour les travaux l\u00e9gers et moyens avec des tissus tels que le tissu, la soie, les synth\u00e9tiques et plus encore.<\/span><\/p>\n<p><span>Recommand\u00e9 pour la r\u00e9paration de costumes, l&#8217;industrie cin\u00e9matographique, les voiles, les tentes, etc.<\/span><\/p>\n","protected":false},"excerpt":{"rendered":"<p><strong><span>Caract\u00e9ristiques\u00a0:<\/span><\/strong><br \/>\n<span>Point droit<\/span><br \/>\n<span>Zig Zag<\/span><br \/>\n<span>Broderie \u00e0 main lev\u00e9e<\/span><br \/>\n<span>Vitesse de couture (2 500 spm)\u00a0Syst\u00e8me d&#8217;aiguille de levage<\/span><br \/>\n<span>de genou<\/span><br \/>\n<span>invers\u00e9\/arri\u00e8re (DPx5)\u00a0Monophas\u00e9 240 V 13 A (peut \u00eatre utilis\u00e9 \u00e0 la maison)<\/span><\/p>\n","protected":false},"featured_media":8231,"comment_status":"open","ping_status":"closed","template":"","meta":{"_bst_post_transparent":"","_bst_post_title":"","_bst_post_layout":"","_bst_post_sidebar_id":"","_bst_post_content_style":"","_bst_post_vertical_padding":"","_bst_post_feature":"","_bst_post_feature_position":"","_bst_post_header":false,"_bst_post_footer":false},"product_brand":[],"product_cat":[176],"product_tag":[],"product_brands":[],"class_list":{"0":"post-9068","1":"product","2":"type-product","3":"status-publish","4":"has-post-thumbnail","6":"product_cat-machines-a-coudre-accessoires-de-couture","8":"first","9":"instock","10":"shipping-taxable","11":"purchasable","12":"product-type-simple","13":"entry","14":"content-bg","15":"loop-entry"},"_links":{"self":[{"href":"https:\/\/anopri.com\/index.php?rest_route=\/wp\/v2\/product\/9068","targetHints":{"allow":["GET"]}}],"collection":[{"href":"https:\/\/anopri.com\/index.php?rest_route=\/wp\/v2\/product"}],"about":[{"href":"https:\/\/anopri.com\/index.php?rest_route=\/wp\/v2\/types\/product"}],"replies":[{"embeddable":true,"href":"https:\/\/anopri.com\/index.php?rest_route=%2Fwp%2Fv2%2Fcomments&post=9068"}],"wp:featuredmedia":[{"embeddable":true,"href":"https:\/\/anopri.com\/index.php?rest_route=\/wp\/v2\/media\/8231"}],"wp:attachment":[{"href":"https:\/\/anopri.com\/index.php?rest_route=%2Fwp%2Fv2%2Fmedia&parent=9068"}],"wp:term":[{"taxonomy":"product_brand","embeddable":true,"href":"https:\/\/anopri.com\/index.php?rest_route=%2Fwp%2Fv2%2Fproduct_brand&post=9068"},{"taxonomy":"product_cat","embeddable":true,"href":"https:\/\/anopri.com\/index.php?rest_route=%2Fwp%2Fv2%2Fproduct_cat&post=9068"},{"taxonomy":"product_tag","embeddable":true,"href":"https:\/\/anopri.com\/index.php?rest_route=%2Fwp%2Fv2%2Fproduct_tag&post=9068"},{"taxonomy":"product_brands","embeddable":true,"href":"https:\/\/anopri.com\/index.php?rest_route=%2Fwp%2Fv2%2Fproduct_brands&post=9068"}],"curies":[{"name":"wp","href":"https:\/\/api.w.org\/{rel}","templated":true}]}}