{"id":9062,"date":"2026-04-25T13:07:02","date_gmt":"2026-04-25T13:07:02","guid":{"rendered":"https:\/\/anopri.com\/?post_type=product&#038;p=9062"},"modified":"2026-04-25T13:07:06","modified_gmt":"2026-04-25T13:07:06","slug":"refrigerateur-vitre-oscar-double-porte-553l-osc-rv650","status":"publish","type":"product","link":"https:\/\/anopri.com\/?product=refrigerateur-vitre-oscar-double-porte-553l-osc-rv650","title":{"rendered":"R\u00e9frig\u00e9rateur vitr\u00e9 OSCAR  double porte-553L OSC-RV650"},"content":{"rendered":"<p>Le r\u00e9frig\u00e9rateur oscar Vitrine Vertical est id\u00e9al pour Les grands appartements et les commerces. Fabriqu\u00e9 \u00e0 partir de mat\u00e9riaux de bonne qualit\u00e9 qui le rendent durable et efficace. Il dispose de compartiments de refroidissement spacieux\u00a0 de rangement Pour conserver les aliments Et Les Boissons De Mani\u00e8re Organis\u00e9e Tout En Les Conservant Au Frais.<\/p>\n","protected":false},"excerpt":{"rendered":"<ul>\n<li>\n<h4><strong><span style=\"vertical-align: inherit;\"><span style=\"vertical-align: inherit;\"><span style=\"vertical-align: inherit;\"><span style=\"vertical-align: inherit;\">Mod\u00e8le: RV650-QN<\/span><\/span><\/span><\/span><\/strong><\/h4>\n<\/li>\n<li>\n<h4><strong><span style=\"vertical-align: inherit;\"><span style=\"vertical-align: inherit;\"><span style=\"vertical-align: inherit;\"><span style=\"vertical-align: inherit;\">marque:oscar<\/span><\/span><\/span><\/span><\/strong><\/h4>\n<\/li>\n<li>\n<h4><strong><span style=\"vertical-align: inherit;\"><span style=\"vertical-align: inherit;\"><span style=\"vertical-align: inherit;\"><span style=\"vertical-align: inherit;\">volume: 553l<\/span><\/span><\/span><\/span><\/strong><\/h4>\n<\/li>\n<li>\n<h4><strong><span style=\"vertical-align: inherit;\"><span style=\"vertical-align: inherit;\"><span style=\"vertical-align: inherit;\"><span style=\"vertical-align: inherit;\">tension : 220-240 V<\/span><\/span><\/span><\/span><\/strong><\/h4>\n<\/li>\n<li>\n<h4><strong><span style=\"vertical-align: inherit;\"><span style=\"vertical-align: inherit;\"><span style=\"vertical-align: inherit;\"><span style=\"vertical-align: inherit;\">Fr\u00e9quence : 50 Hz<\/span><\/span><\/span><\/span><\/strong><\/h4>\n<\/li>\n<li>\n<h4><strong><span style=\"vertical-align: inherit;\"><span style=\"vertical-align: inherit;\"><span style=\"vertical-align: inherit;\"><span style=\"vertical-align: inherit;\">poids net:85kg<\/span><\/span><\/span><\/span><\/strong><\/h4>\n<\/li>\n<li>\n<h4><strong><span style=\"vertical-align: inherit;\"><span style=\"vertical-align: inherit;\"><span style=\"vertical-align: inherit;\"><span style=\"vertical-align: inherit;\">couleur:blanc<\/span><\/span><\/span><\/span><\/strong><\/h4>\n<\/li>\n<\/ul>\n","protected":false},"featured_media":8226,"comment_status":"open","ping_status":"closed","template":"","meta":{"_bst_post_transparent":"","_bst_post_title":"","_bst_post_layout":"","_bst_post_sidebar_id":"","_bst_post_content_style":"","_bst_post_vertical_padding":"","_bst_post_feature":"","_bst_post_feature_position":"","_bst_post_header":false,"_bst_post_footer":false},"product_brand":[],"product_cat":[157],"product_tag":[],"product_brands":[],"class_list":{"0":"post-9062","1":"product","2":"type-product","3":"status-publish","4":"has-post-thumbnail","6":"product_cat-refrigerateur","8":"first","9":"instock","10":"shipping-taxable","11":"purchasable","12":"product-type-simple","13":"entry","14":"content-bg","15":"loop-entry"},"_links":{"self":[{"href":"https:\/\/anopri.com\/index.php?rest_route=\/wp\/v2\/product\/9062","targetHints":{"allow":["GET"]}}],"collection":[{"href":"https:\/\/anopri.com\/index.php?rest_route=\/wp\/v2\/product"}],"about":[{"href":"https:\/\/anopri.com\/index.php?rest_route=\/wp\/v2\/types\/product"}],"replies":[{"embeddable":true,"href":"https:\/\/anopri.com\/index.php?rest_route=%2Fwp%2Fv2%2Fcomments&post=9062"}],"wp:featuredmedia":[{"embeddable":true,"href":"https:\/\/anopri.com\/index.php?rest_route=\/wp\/v2\/media\/8226"}],"wp:attachment":[{"href":"https:\/\/anopri.com\/index.php?rest_route=%2Fwp%2Fv2%2Fmedia&parent=9062"}],"wp:term":[{"taxonomy":"product_brand","embeddable":true,"href":"https:\/\/anopri.com\/index.php?rest_route=%2Fwp%2Fv2%2Fproduct_brand&post=9062"},{"taxonomy":"product_cat","embeddable":true,"href":"https:\/\/anopri.com\/index.php?rest_route=%2Fwp%2Fv2%2Fproduct_cat&post=9062"},{"taxonomy":"product_tag","embeddable":true,"href":"https:\/\/anopri.com\/index.php?rest_route=%2Fwp%2Fv2%2Fproduct_tag&post=9062"},{"taxonomy":"product_brands","embeddable":true,"href":"https:\/\/anopri.com\/index.php?rest_route=%2Fwp%2Fv2%2Fproduct_brands&post=9062"}],"curies":[{"name":"wp","href":"https:\/\/api.w.org\/{rel}","templated":true}]}}