{"id":9061,"date":"2026-04-25T13:07:02","date_gmt":"2026-04-25T13:07:02","guid":{"rendered":"https:\/\/anopri.com\/?post_type=product&#038;p=9061"},"modified":"2026-04-25T13:07:06","modified_gmt":"2026-04-25T13:07:06","slug":"climatiseur-split-oscar-18crn1-r410-2-5-cv-18000-btu","status":"publish","type":"product","link":"https:\/\/anopri.com\/?product=climatiseur-split-oscar-18crn1-r410-2-5-cv-18000-btu","title":{"rendered":"Climatiseur Split  OSCAR 18CRN1-R410 -2.5 cv -18000 Btu"},"content":{"rendered":"<h2>D\u00e9couvrez et achetez chez ANOPRI le climatiseur Oscar OSC-S18W &#8211; 2.5 Cv &#8211; 18000 BTU\u00a0 \u2013 6 mois garantis.<\/h2>\n<p>L&#8217;unit\u00e9 int\u00e9rieure a \u00e9t\u00e9 repens\u00e9e avec plus de style. Les clients pensent toujours au design exceptionnel, le splitt oscar 18000Btu \u00a0apporte un espace moderne et luxueux pour l&#8217;espace int\u00e9rieur de votre famille. La capacit\u00e9 de refroidissement de 18000 Btu est un choix raisonnable pour les pi\u00e8ces de grandes ou petites surfaces de mani\u00e8re efficace.<\/p>\n<p>&nbsp;<\/p>\n<figure class=\"image\"><img decoding=\"async\" src=\"https:\/\/iziway.cm\/images\/uploaded\/tmp\/oscar-climatiseur-2,5.jpeg\" alt=\"\" \/><\/figure>\n<p>&nbsp;<\/p>\n<p>L&#8217;\u00a0<strong>onduleur<\/strong>\u00a0du climatiseur oscar \u00a0est \u00e9quip\u00e9 de la technologie Inverter, qui permet une \u00e9conomie d&#8217;\u00e9nergie efficace et a la capacit\u00e9 de maintenir un niveau de chaleur stable dans la pi\u00e8ce apporte une sensation agr\u00e9able \u00e0 l&#8217;utilisateur. En changeant la vitesse de rotation du compresseur avec un circuit de commande de changement de fr\u00e9quence \u00e9lectrique, il fournit un fonctionnement stable et durable.\u00a0Le fonctionnement du climatiseur pas cher en mode nuit augmentera la temp\u00e9rature tout en r\u00e9duisant la vitesse du ventilateur pour un fonctionnement en douceur .<\/p>\n<p>&nbsp;<\/p>\n<figure class=\"image\"><img decoding=\"async\" src=\"https:\/\/iziway.cm\/images\/uploaded\/tmp\/chambre-climatiseur-oscar.jpeg\" alt=\"\" \/><\/figure>\n<p>&nbsp;<\/p>\n<p>Avec ce mode presque la nuit, vous n&#8217;entendrez pas le moteur fonctionner, donnez \u00e0 votre famille un vrai sommeil profond et vous n&#8217;aurez pas \u00e0 vous soucier d&#8217;attraper un rhume la nuit car la machine augmente automatiquement la temp\u00e9rature. Cela fait partie du message que les climatiseurs oscar veulent toujours transmettre aux utilisateurs &#8220;Vous appr\u00e9ciez simplement le reste.<\/p>\n<p>&nbsp;<\/p>\n<figure class=\"image\"><img decoding=\"async\" src=\"https:\/\/iziway.cm\/images\/uploaded\/tmp\/oscar-climatiseur-et-moteur.jpeg\" alt=\"\" \/><\/figure>\n<p class=\"p1\"><span class=\"s1\"><strong>B\u00e9n\u00e9ficiez de 6 mois de garantie \u00e0 l&#8217;achat de ce climatiseur une garantie qui comprend les pannes de fabrication et vices cach\u00e9s du produit.<\/strong><\/span><\/p>\n","protected":false},"excerpt":{"rendered":"<ul>\n<li>\n<h3><strong><span style=\"vertical-align: inherit;\"><span style=\"vertical-align: inherit;\">Marque<\/span><\/span><\/strong><span style=\"vertical-align: inherit;\"><span style=\"vertical-align: inherit;\"> \u00a0: OSCAR<\/span><\/span><\/h3>\n<\/li>\n<li>\n<h3><span style=\"vertical-align: inherit;\"><span style=\"vertical-align: inherit;\">Mod\u00e8le:18CRN1-R410<\/span><\/span><\/h3>\n<\/li>\n<li>\n<h3><strong><span style=\"vertical-align: inherit;\"><span style=\"vertical-align: inherit;\">Type de produit<\/span><\/span><\/strong><span style=\"vertical-align: inherit;\"><span style=\"vertical-align: inherit;\"> \u00a0: Climatiseur Split<\/span><\/span><\/h3>\n<\/li>\n<li>\n<h3><strong><span style=\"vertical-align: inherit;\"><span style=\"vertical-align: inherit;\">Nombre de chevaux<\/span><\/span><\/strong><span style=\"vertical-align: inherit;\"><span style=\"vertical-align: inherit;\"> \u00a0: 2.5CV<\/span><\/span><\/h3>\n<\/li>\n<li>\n<h3><strong><span style=\"vertical-align: inherit;\"><span style=\"vertical-align: inherit;\">Capacit\u00e9 de refroidissement<\/span><\/span><\/strong><span style=\"vertical-align: inherit;\"><span style=\"vertical-align: inherit;\"> \u00a0: 18 000 BTU<\/span><\/span><\/h3>\n<\/li>\n<li>\n<h3><span style=\"vertical-align: inherit;\"><span style=\"vertical-align: inherit;\">surface de recouvrement :35 \u00e0 50m2<\/span><\/span><\/h3>\n<\/li>\n<li>\n<h3><strong><span style=\"vertical-align: inherit;\"><span style=\"vertical-align: inherit;\">Type de r\u00e9frig\u00e9rant<\/span><\/span><\/strong><span style=\"vertical-align: inherit;\"><span style=\"vertical-align: inherit;\"> \u00a0: R410<\/span><\/span><\/h3>\n<\/li>\n<li>\n<h3><strong><span style=\"vertical-align: inherit;\"><span style=\"vertical-align: inherit;\">Tension<\/span><\/span><\/strong><span style=\"vertical-align: inherit;\"><span style=\"vertical-align: inherit;\"> : 220V-240V<\/span><\/span><\/h3>\n<\/li>\n<li>\n<h3><strong><span style=\"vertical-align: inherit;\"><span style=\"vertical-align: inherit;\">Fr\u00e9quence<\/span><\/span><\/strong><span style=\"vertical-align: inherit;\"><span style=\"vertical-align: inherit;\"> : 50Hz<\/span><\/span><\/h3>\n<\/li>\n<li><\/li>\n<\/ul>\n","protected":false},"featured_media":8225,"comment_status":"closed","ping_status":"closed","template":"","meta":{"_bst_post_transparent":"","_bst_post_title":"","_bst_post_layout":"","_bst_post_sidebar_id":"","_bst_post_content_style":"","_bst_post_vertical_padding":"","_bst_post_feature":"","_bst_post_feature_position":"","_bst_post_header":false,"_bst_post_footer":false},"product_brand":[],"product_cat":[164,160],"product_tag":[],"product_brands":[],"class_list":{"0":"post-9061","1":"product","2":"type-product","3":"status-publish","4":"has-post-thumbnail","6":"product_cat-climatiseurs","7":"product_cat-climatiseurs-ventilateurs","9":"first","10":"instock","11":"shipping-taxable","12":"purchasable","13":"product-type-simple","14":"entry","15":"content-bg","16":"loop-entry"},"_links":{"self":[{"href":"https:\/\/anopri.com\/index.php?rest_route=\/wp\/v2\/product\/9061","targetHints":{"allow":["GET"]}}],"collection":[{"href":"https:\/\/anopri.com\/index.php?rest_route=\/wp\/v2\/product"}],"about":[{"href":"https:\/\/anopri.com\/index.php?rest_route=\/wp\/v2\/types\/product"}],"replies":[{"embeddable":true,"href":"https:\/\/anopri.com\/index.php?rest_route=%2Fwp%2Fv2%2Fcomments&post=9061"}],"wp:featuredmedia":[{"embeddable":true,"href":"https:\/\/anopri.com\/index.php?rest_route=\/wp\/v2\/media\/8225"}],"wp:attachment":[{"href":"https:\/\/anopri.com\/index.php?rest_route=%2Fwp%2Fv2%2Fmedia&parent=9061"}],"wp:term":[{"taxonomy":"product_brand","embeddable":true,"href":"https:\/\/anopri.com\/index.php?rest_route=%2Fwp%2Fv2%2Fproduct_brand&post=9061"},{"taxonomy":"product_cat","embeddable":true,"href":"https:\/\/anopri.com\/index.php?rest_route=%2Fwp%2Fv2%2Fproduct_cat&post=9061"},{"taxonomy":"product_tag","embeddable":true,"href":"https:\/\/anopri.com\/index.php?rest_route=%2Fwp%2Fv2%2Fproduct_tag&post=9061"},{"taxonomy":"product_brands","embeddable":true,"href":"https:\/\/anopri.com\/index.php?rest_route=%2Fwp%2Fv2%2Fproduct_brands&post=9061"}],"curies":[{"name":"wp","href":"https:\/\/api.w.org\/{rel}","templated":true}]}}