{"id":9060,"date":"2026-04-25T13:07:02","date_gmt":"2026-04-25T13:07:02","guid":{"rendered":"https:\/\/anopri.com\/?post_type=product&#038;p=9060"},"modified":"2026-04-25T13:07:06","modified_gmt":"2026-04-25T13:07:06","slug":"climatiseur-split-oscar-1-5-cv-12000-btu-12crn1-r410","status":"publish","type":"product","link":"https:\/\/anopri.com\/?product=climatiseur-split-oscar-1-5-cv-12000-btu-12crn1-r410","title":{"rendered":"Climatiseur split oscar-1.5 cv-12000 Btu 12CRN1-R410"},"content":{"rendered":"<p>Procurez vous de ce climatiseur split OSCAR 12000BTU pour b\u00e9n\u00e9ficiez jusqu\u2019\u00e0 60% d\u2019\u00e9conomie d\u2019\u00e9nergie. Ce split OSCAR de 1.5 cv est \u00e9quip\u00e9 d\u2019un filtre anti-poussi\u00e8re qui purifie instantan\u00e9ment l\u2019air et rend votre cadre de vie\/travail agr\u00e9able. Il sera parfait contre les vagues de chaleur pour une faible consommation d\u2019\u00e9nergie.<\/p>\n","protected":false},"excerpt":{"rendered":"<ul>\n<li>\n<h3><strong><span style=\"vertical-align: inherit;\"><span style=\"vertical-align: inherit;\">Marque<\/span><\/span><\/strong><span style=\"vertical-align: inherit;\"><span style=\"vertical-align: inherit;\"> \u00a0: OSCAR<\/span><\/span><\/h3>\n<\/li>\n<li>\n<h3><span style=\"vertical-align: inherit;\"><span style=\"vertical-align: inherit;\">Mod\u00e8le:12CRN1-R410<\/span><\/span><\/h3>\n<\/li>\n<li>\n<h3><strong><span style=\"vertical-align: inherit;\"><span style=\"vertical-align: inherit;\">Type de produit<\/span><\/span><\/strong><span style=\"vertical-align: inherit;\"><span style=\"vertical-align: inherit;\"> \u00a0: Climatiseur Split<\/span><\/span><\/h3>\n<\/li>\n<li>\n<h3><strong><span style=\"vertical-align: inherit;\"><span style=\"vertical-align: inherit;\">Nombre de chevaux<\/span><\/span><\/strong><span style=\"vertical-align: inherit;\"><span style=\"vertical-align: inherit;\"> \u00a0: 1.5cv<\/span><\/span><\/h3>\n<\/li>\n<li>\n<h3><strong><span style=\"vertical-align: inherit;\"><span style=\"vertical-align: inherit;\">Capacit\u00e9 de refroidissement<\/span><\/span><\/strong><span style=\"vertical-align: inherit;\"><span style=\"vertical-align: inherit;\"> \u00a0: 12000 BTU<\/span><\/span><\/h3>\n<\/li>\n<li>\n<h3><span style=\"vertical-align: inherit;\"><span style=\"vertical-align: inherit;\">surface de recouvrement :30 \u00e0 35m2<\/span><\/span><\/h3>\n<\/li>\n<li>\n<h3><strong><span style=\"vertical-align: inherit;\"><span style=\"vertical-align: inherit;\">Type de r\u00e9frig\u00e9rant<\/span><\/span><\/strong><span style=\"vertical-align: inherit;\"><span style=\"vertical-align: inherit;\"> \u00a0: R410<\/span><\/span><\/h3>\n<\/li>\n<li>\n<h3><strong><span style=\"vertical-align: inherit;\"><span style=\"vertical-align: inherit;\">Tension<\/span><\/span><\/strong><span style=\"vertical-align: inherit;\"><span style=\"vertical-align: inherit;\"> : 220V-240V<\/span><\/span><\/h3>\n<\/li>\n<li>\n<h3><strong><span style=\"vertical-align: inherit;\"><span style=\"vertical-align: inherit;\">Fr\u00e9quence<\/span><\/span><\/strong><span style=\"vertical-align: inherit;\"><span style=\"vertical-align: inherit;\"> : 50Hz<\/span><\/span><\/h3>\n<\/li>\n<li>\n<h3><strong><span style=\"vertical-align: inherit;\"><span style=\"vertical-align: inherit;\">Garantie<\/span><\/span><\/strong><span style=\"vertical-align: inherit;\"><span style=\"vertical-align: inherit;\"> \u00a0: 6 Mois<\/span><\/span><\/h3>\n<\/li>\n<\/ul>\n","protected":false},"featured_media":8224,"comment_status":"open","ping_status":"closed","template":"","meta":{"_bst_post_transparent":"","_bst_post_title":"","_bst_post_layout":"","_bst_post_sidebar_id":"","_bst_post_content_style":"","_bst_post_vertical_padding":"","_bst_post_feature":"","_bst_post_feature_position":"","_bst_post_header":false,"_bst_post_footer":false},"product_brand":[],"product_cat":[164,160],"product_tag":[],"product_brands":[],"class_list":{"0":"post-9060","1":"product","2":"type-product","3":"status-publish","4":"has-post-thumbnail","6":"product_cat-climatiseurs","7":"product_cat-climatiseurs-ventilateurs","9":"first","10":"instock","11":"sale","12":"shipping-taxable","13":"purchasable","14":"product-type-simple","15":"entry","16":"content-bg","17":"loop-entry"},"_links":{"self":[{"href":"https:\/\/anopri.com\/index.php?rest_route=\/wp\/v2\/product\/9060","targetHints":{"allow":["GET"]}}],"collection":[{"href":"https:\/\/anopri.com\/index.php?rest_route=\/wp\/v2\/product"}],"about":[{"href":"https:\/\/anopri.com\/index.php?rest_route=\/wp\/v2\/types\/product"}],"replies":[{"embeddable":true,"href":"https:\/\/anopri.com\/index.php?rest_route=%2Fwp%2Fv2%2Fcomments&post=9060"}],"wp:featuredmedia":[{"embeddable":true,"href":"https:\/\/anopri.com\/index.php?rest_route=\/wp\/v2\/media\/8224"}],"wp:attachment":[{"href":"https:\/\/anopri.com\/index.php?rest_route=%2Fwp%2Fv2%2Fmedia&parent=9060"}],"wp:term":[{"taxonomy":"product_brand","embeddable":true,"href":"https:\/\/anopri.com\/index.php?rest_route=%2Fwp%2Fv2%2Fproduct_brand&post=9060"},{"taxonomy":"product_cat","embeddable":true,"href":"https:\/\/anopri.com\/index.php?rest_route=%2Fwp%2Fv2%2Fproduct_cat&post=9060"},{"taxonomy":"product_tag","embeddable":true,"href":"https:\/\/anopri.com\/index.php?rest_route=%2Fwp%2Fv2%2Fproduct_tag&post=9060"},{"taxonomy":"product_brands","embeddable":true,"href":"https:\/\/anopri.com\/index.php?rest_route=%2Fwp%2Fv2%2Fproduct_brands&post=9060"}],"curies":[{"name":"wp","href":"https:\/\/api.w.org\/{rel}","templated":true}]}}