{"id":9059,"date":"2026-04-25T13:07:02","date_gmt":"2026-04-25T13:07:02","guid":{"rendered":"https:\/\/anopri.com\/?post_type=product&#038;p=9059"},"modified":"2026-04-25T13:07:05","modified_gmt":"2026-04-25T13:07:05","slug":"cuisiniere-oscar-60x76-06-foyers-automatique-electrique","status":"publish","type":"product","link":"https:\/\/anopri.com\/?product=cuisiniere-oscar-60x76-06-foyers-automatique-electrique","title":{"rendered":"Cuisini\u00e8re  OSCAR 60&#215;76 &#8211; 06 foyers Automatique (Electrique)"},"content":{"rendered":"","protected":false},"excerpt":{"rendered":"<ul>\n<li>\n<h3>Types de produit: Cuisini\u00e8re<\/h3>\n<\/li>\n<li>\n<h3>Marque : oscar<\/h3>\n<\/li>\n<li>\n<h3>Mod\u00e8le: 60x76Luxe<\/h3>\n<\/li>\n<li>\n<h3>Dimension : 60 x 76 cm<\/h3>\n<\/li>\n<li>\n<h3>Nombre de foyers : 06 foyers<\/h3>\n<\/li>\n<li>\n<h3>Double four : oui<\/h3>\n<\/li>\n<li>\n<h3>Tourne broche : oui<\/h3>\n<\/li>\n<li>\n<h3>Ampoule : oui<\/h3>\n<\/li>\n<li>\n<h3>Plateau\u00a0 en acier inoxydable : oui<\/h3>\n<\/li>\n<li>\n<h3>\u00c9tag\u00e8re en grille m\u00e9tallique: oui<\/h3>\n<\/li>\n<li>\n<h3>Bouton de commande pour four : oui<\/h3>\n<\/li>\n<li>\n<h3>Couleur: Grise<\/h3>\n<\/li>\n<\/ul>\n","protected":false},"featured_media":8221,"comment_status":"closed","ping_status":"closed","template":"","meta":{"_bst_post_transparent":"","_bst_post_title":"","_bst_post_layout":"","_bst_post_sidebar_id":"","_bst_post_content_style":"","_bst_post_vertical_padding":"","_bst_post_feature":"","_bst_post_feature_position":"","_bst_post_header":false,"_bst_post_footer":false},"product_brand":[],"product_cat":[151,150],"product_tag":[],"product_brands":[],"class_list":{"0":"post-9059","1":"product","2":"type-product","3":"status-publish","4":"has-post-thumbnail","6":"product_cat-cuisiniere","7":"product_cat-cuisiniere-et-plaque-a-gaz","9":"first","10":"instock","11":"shipping-taxable","12":"purchasable","13":"product-type-simple","14":"entry","15":"content-bg","16":"loop-entry"},"_links":{"self":[{"href":"https:\/\/anopri.com\/index.php?rest_route=\/wp\/v2\/product\/9059","targetHints":{"allow":["GET"]}}],"collection":[{"href":"https:\/\/anopri.com\/index.php?rest_route=\/wp\/v2\/product"}],"about":[{"href":"https:\/\/anopri.com\/index.php?rest_route=\/wp\/v2\/types\/product"}],"replies":[{"embeddable":true,"href":"https:\/\/anopri.com\/index.php?rest_route=%2Fwp%2Fv2%2Fcomments&post=9059"}],"wp:featuredmedia":[{"embeddable":true,"href":"https:\/\/anopri.com\/index.php?rest_route=\/wp\/v2\/media\/8221"}],"wp:attachment":[{"href":"https:\/\/anopri.com\/index.php?rest_route=%2Fwp%2Fv2%2Fmedia&parent=9059"}],"wp:term":[{"taxonomy":"product_brand","embeddable":true,"href":"https:\/\/anopri.com\/index.php?rest_route=%2Fwp%2Fv2%2Fproduct_brand&post=9059"},{"taxonomy":"product_cat","embeddable":true,"href":"https:\/\/anopri.com\/index.php?rest_route=%2Fwp%2Fv2%2Fproduct_cat&post=9059"},{"taxonomy":"product_tag","embeddable":true,"href":"https:\/\/anopri.com\/index.php?rest_route=%2Fwp%2Fv2%2Fproduct_tag&post=9059"},{"taxonomy":"product_brands","embeddable":true,"href":"https:\/\/anopri.com\/index.php?rest_route=%2Fwp%2Fv2%2Fproduct_brands&post=9059"}],"curies":[{"name":"wp","href":"https:\/\/api.w.org\/{rel}","templated":true}]}}