{"id":9036,"date":"2026-04-25T13:06:54","date_gmt":"2026-04-25T13:06:54","guid":{"rendered":"https:\/\/anopri.com\/?post_type=product&#038;p=9036"},"modified":"2026-04-25T13:06:59","modified_gmt":"2026-04-25T13:06:59","slug":"projecteur-solaire-cclamp-cl-750s-100w-13-a-15h-dautonomie","status":"publish","type":"product","link":"https:\/\/anopri.com\/?product=projecteur-solaire-cclamp-cl-750s-100w-13-a-15h-dautonomie","title":{"rendered":"Projecteur Solaire \u2013 CCLamp \u2013 CL-750S \u2013 100W \u2013 13 a 15H d\u2019autonomie"},"content":{"rendered":"<p>Ce projecteur solaire a \u00e9t\u00e9 con\u00e7u pour r\u00e9soudre les probl\u00e8me de p\u00e9nurie de courant \u00e9lectrique ou alors pour r\u00e9soudre le probl\u00e8me d\u2019acc\u00e8s d\u2019\u00e9nergie dans les zones non accessibles. Avec ce syst\u00e8me d\u2019une autonomie de 15H maximum en pleine charge, vous ne connaitrez pas de d\u00e9lestages.<\/p>\n","protected":false},"excerpt":{"rendered":"<p><strong>Caract\u00e9ristique du projecteur solaire<\/strong><\/p>\n<p><strong>\u2013 Mod\u00e8le<\/strong>\u00a0: CL-750S<\/p>\n<p><strong>\u2013 Luminosit\u00e9<\/strong>\u00a0: 1200 lumens \u00e9lev\u00e9s en mode lumineux<\/p>\n<p><strong>\u2013 Mat\u00e9riau<\/strong>\u00a0: Corps en aluminium + support en m\u00e9tal + panneau en verre + c\u00e2ble 5M<\/p>\n<p><strong>\u2013 Batterie :<\/strong>\u00a0Batterie rechargeable au lithium 3.2V 9600 mAh<\/p>\n<p><strong>\u2013 Panneau solaire<\/strong>\u00a0: 6V \u2013 2.6 A<\/p>\n<p><strong>\u2013 Quantit\u00e9 de LED :<\/strong>\u00a0100W\u00a0 LED blanche super brillante<\/p>\n<p><strong>\u2013 Commutateur :<\/strong>\u00a0Allumer \/ \u00e9teindre automatiquement avec un bouton<\/p>\n<p><strong>\u2013 Autonomie:<\/strong>\u00a0jusqu\u2019\u00e0 15 heures avec une charge compl\u00e8te<\/p>\n<p><strong>\u2013 Utilisation<\/strong>\u00a0: Escaliers\/ panneau publicitaire \/ jardin \/ cour \/ sentier \/ garage etc \u2026<\/p>\n","protected":false},"featured_media":8163,"comment_status":"open","ping_status":"closed","template":"","meta":{"_bst_post_transparent":"","_bst_post_title":"","_bst_post_layout":"","_bst_post_sidebar_id":"","_bst_post_content_style":"","_bst_post_vertical_padding":"","_bst_post_feature":"","_bst_post_feature_position":"","_bst_post_header":false,"_bst_post_footer":false},"product_brand":[],"product_cat":[166,189],"product_tag":[],"product_brands":[],"class_list":{"0":"post-9036","1":"product","2":"type-product","3":"status-publish","4":"has-post-thumbnail","6":"product_cat-electricite","7":"product_cat-energie-solaire","9":"first","10":"instock","11":"shipping-taxable","12":"purchasable","13":"product-type-simple","14":"entry","15":"content-bg","16":"loop-entry"},"_links":{"self":[{"href":"https:\/\/anopri.com\/index.php?rest_route=\/wp\/v2\/product\/9036","targetHints":{"allow":["GET"]}}],"collection":[{"href":"https:\/\/anopri.com\/index.php?rest_route=\/wp\/v2\/product"}],"about":[{"href":"https:\/\/anopri.com\/index.php?rest_route=\/wp\/v2\/types\/product"}],"replies":[{"embeddable":true,"href":"https:\/\/anopri.com\/index.php?rest_route=%2Fwp%2Fv2%2Fcomments&post=9036"}],"wp:featuredmedia":[{"embeddable":true,"href":"https:\/\/anopri.com\/index.php?rest_route=\/wp\/v2\/media\/8163"}],"wp:attachment":[{"href":"https:\/\/anopri.com\/index.php?rest_route=%2Fwp%2Fv2%2Fmedia&parent=9036"}],"wp:term":[{"taxonomy":"product_brand","embeddable":true,"href":"https:\/\/anopri.com\/index.php?rest_route=%2Fwp%2Fv2%2Fproduct_brand&post=9036"},{"taxonomy":"product_cat","embeddable":true,"href":"https:\/\/anopri.com\/index.php?rest_route=%2Fwp%2Fv2%2Fproduct_cat&post=9036"},{"taxonomy":"product_tag","embeddable":true,"href":"https:\/\/anopri.com\/index.php?rest_route=%2Fwp%2Fv2%2Fproduct_tag&post=9036"},{"taxonomy":"product_brands","embeddable":true,"href":"https:\/\/anopri.com\/index.php?rest_route=%2Fwp%2Fv2%2Fproduct_brands&post=9036"}],"curies":[{"name":"wp","href":"https:\/\/api.w.org\/{rel}","templated":true}]}}