{"id":9029,"date":"2026-04-25T13:06:54","date_gmt":"2026-04-25T13:06:54","guid":{"rendered":"https:\/\/anopri.com\/?post_type=product&#038;p=9029"},"modified":"2026-04-25T13:06:58","modified_gmt":"2026-04-25T13:06:58","slug":"bouilloire-silvercrest-2l-2200w","status":"publish","type":"product","link":"https:\/\/anopri.com\/?product=bouilloire-silvercrest-2l-2200w","title":{"rendered":"Bouilloire SilverCrest 2L- 2200W"},"content":{"rendered":"<p>Le bouton d\u2019ouverture du couvercle vous permet d\u2019utiliser ais\u00e9ment la bouilloire d\u2019une seule main<\/p>\n","protected":false},"excerpt":{"rendered":"<ul>\n<li>Corps en acier inoxydable<\/li>\n<li>Fond encapsul\u00e9 en acier inoxydable avec r\u00e9sistance cach\u00e9e<\/li>\n<li>Bouton d\u2019ouverture sur la poign\u00e9e<\/li>\n<li>Capacit\u00e9\u00a0: max. 1,7 l<\/li>\n<li>Temps n\u00e9cessaire pour faire bouillir 1\u00a0l d\u2019eau\u00a0: 3 minutes 25<\/li>\n<li>Arr\u00eat automatique et protection contre le fonctionnement \u00e0 vide<\/li>\n<li>Affichage du niveau d\u2019eau et filtre anticalcaire amovible<\/li>\n<li>Enrouleur de c\u00e2ble et pieds antid\u00e9rapants<\/li>\n<li>Puissance : max. 2400 W<\/li>\n<\/ul>\n","protected":false},"featured_media":8142,"comment_status":"closed","ping_status":"closed","template":"","meta":{"_bst_post_transparent":"","_bst_post_title":"","_bst_post_layout":"","_bst_post_sidebar_id":"","_bst_post_content_style":"","_bst_post_vertical_padding":"","_bst_post_feature":"","_bst_post_feature_position":"","_bst_post_header":false,"_bst_post_footer":false},"product_brand":[],"product_cat":[155,145,178],"product_tag":[],"product_brands":[],"class_list":{"0":"post-9029","1":"product","2":"type-product","3":"status-publish","4":"has-post-thumbnail","6":"product_cat-bouilloire-electrique","7":"product_cat-electromenager","8":"product_cat-soldes","10":"first","11":"outofstock","12":"sale","13":"shipping-taxable","14":"purchasable","15":"product-type-simple","16":"entry","17":"content-bg","18":"loop-entry"},"_links":{"self":[{"href":"https:\/\/anopri.com\/index.php?rest_route=\/wp\/v2\/product\/9029","targetHints":{"allow":["GET"]}}],"collection":[{"href":"https:\/\/anopri.com\/index.php?rest_route=\/wp\/v2\/product"}],"about":[{"href":"https:\/\/anopri.com\/index.php?rest_route=\/wp\/v2\/types\/product"}],"replies":[{"embeddable":true,"href":"https:\/\/anopri.com\/index.php?rest_route=%2Fwp%2Fv2%2Fcomments&post=9029"}],"wp:featuredmedia":[{"embeddable":true,"href":"https:\/\/anopri.com\/index.php?rest_route=\/wp\/v2\/media\/8142"}],"wp:attachment":[{"href":"https:\/\/anopri.com\/index.php?rest_route=%2Fwp%2Fv2%2Fmedia&parent=9029"}],"wp:term":[{"taxonomy":"product_brand","embeddable":true,"href":"https:\/\/anopri.com\/index.php?rest_route=%2Fwp%2Fv2%2Fproduct_brand&post=9029"},{"taxonomy":"product_cat","embeddable":true,"href":"https:\/\/anopri.com\/index.php?rest_route=%2Fwp%2Fv2%2Fproduct_cat&post=9029"},{"taxonomy":"product_tag","embeddable":true,"href":"https:\/\/anopri.com\/index.php?rest_route=%2Fwp%2Fv2%2Fproduct_tag&post=9029"},{"taxonomy":"product_brands","embeddable":true,"href":"https:\/\/anopri.com\/index.php?rest_route=%2Fwp%2Fv2%2Fproduct_brands&post=9029"}],"curies":[{"name":"wp","href":"https:\/\/api.w.org\/{rel}","templated":true}]}}