{"id":9025,"date":"2026-04-25T13:06:53","date_gmt":"2026-04-25T13:06:53","guid":{"rendered":"https:\/\/anopri.com\/?post_type=product&#038;p=9025"},"modified":"2026-04-25T13:06:57","modified_gmt":"2026-04-25T13:06:57","slug":"tv-samsung-55-pouces-smart-uhd-4k-55au7000","status":"publish","type":"product","link":"https:\/\/anopri.com\/?product=tv-samsung-55-pouces-smart-uhd-4k-55au7000","title":{"rendered":"TV SAMSUNG 55 POUCES SMART UHD 4K &#8211; 55AU7000"},"content":{"rendered":"<h3 class=\"feature-benefit__sub-title contrast-target\" data-font-size-mo=\"16\" data-font-size-pc=\"28\">Processeur Crystal 4K<\/h3>\n<p class=\"feature-benefit__desc contrast-target\" data-font-size-mo=\"12\" data-font-size-pc=\"18\">La puissante mise \u00e0 l\u2019\u00e9chelle\u00a04K vous garantit d\u2019obtenir une r\u00e9solution jusqu\u2019\u00e0\u00a04K pour vos contenus pr\u00e9f\u00e9r\u00e9s. Vous obtiendrez \u00e9galement des expressions de couleurs plus r\u00e9alistes gr\u00e2ce \u00e0 sa technologie sophistiqu\u00e9e de cartographie des couleurs.<\/p>\n<h3 class=\"feature-benefit__sub-title contrast-target\" data-font-size-mo=\"16\" data-font-size-pc=\"28\">HDR<\/h3>\n<p class=\"feature-benefit__desc contrast-target\" data-font-size-mo=\"12\" data-font-size-pc=\"18\">La plage dynamique \u00e9lev\u00e9e (ou High Dynamic Range, HDR) augmente la gamme de niveaux de luminosit\u00e9 sur votre t\u00e9l\u00e9viseur afin que vous puissiez profiter d\u2019un vaste spectre de couleurs et de tous les d\u00e9tails visuels, m\u00eame dans les sc\u00e8nes les plus sombres.<\/p>\n<p data-font-size-mo=\"12\" data-font-size-pc=\"18\">\n","protected":false},"excerpt":{"rendered":"<p><strong>FICHE TECHNIQUE<\/strong><\/p>\n<table class=\"woocommerce-product-attributes shop_attributes\">\n<tbody>\n<tr class=\"woocommerce-product-attributes-item woocommerce-product-attributes-item--attribute_pa_brand\">\n<th class=\"woocommerce-product-attributes-item__label\">MARQUES<\/th>\n<td class=\"woocommerce-product-attributes-item__value\">SAMSUNG<\/td>\n<\/tr>\n<tr class=\"woocommerce-product-attributes-item woocommerce-product-attributes-item--attribute_pa_tailles\">\n<th class=\"woocommerce-product-attributes-item__label\">TAILLES<\/th>\n<td class=\"woocommerce-product-attributes-item__value\">55\u2033<\/td>\n<\/tr>\n<tr class=\"woocommerce-product-attributes-item woocommerce-product-attributes-item--attribute_s%c3%a9rie\">\n<th class=\"woocommerce-product-attributes-item__label\">S\u00c9RIE<\/th>\n<td class=\"woocommerce-product-attributes-item__value\">7<\/td>\n<\/tr>\n<tr class=\"woocommerce-product-attributes-item woocommerce-product-attributes-item--attribute_r%c3%a9solution\">\n<th class=\"woocommerce-product-attributes-item__label\">R\u00c9SOLUTION<\/th>\n<td class=\"woocommerce-product-attributes-item__value\">3840 x 2160<\/td>\n<\/tr>\n<tr class=\"woocommerce-product-attributes-item woocommerce-product-attributes-item--attribute_moteur-dimage\">\n<th class=\"woocommerce-product-attributes-item__label\">MOTEUR D\u2019IMAGE<\/th>\n<td class=\"woocommerce-product-attributes-item__value\">Processeur Crystal 4K<\/td>\n<\/tr>\n<tr class=\"woocommerce-product-attributes-item woocommerce-product-attributes-item--attribute_iqi\">\n<th class=\"woocommerce-product-attributes-item__label\">IQI<\/th>\n<td class=\"woocommerce-product-attributes-item__value\">2000<\/td>\n<\/tr>\n<tr class=\"woocommerce-product-attributes-item woocommerce-product-attributes-item--attribute_hdr-10\">\n<th class=\"woocommerce-product-attributes-item__label\">HDR 10+<\/th>\n<td class=\"woocommerce-product-attributes-item__value\">Assistance<\/td>\n<\/tr>\n<tr class=\"woocommerce-product-attributes-item woocommerce-product-attributes-item--attribute_hlg\">\n<th class=\"woocommerce-product-attributes-item__label\">HLG<\/th>\n<td class=\"woocommerce-product-attributes-item__value\">Oui<\/td>\n<\/tr>\n<tr class=\"woocommerce-product-attributes-item woocommerce-product-attributes-item--attribute_couleur\">\n<th class=\"woocommerce-product-attributes-item__label\">COULEUR<\/th>\n<td class=\"woocommerce-product-attributes-item__value\">PurColor<\/td>\n<\/tr>\n<tr class=\"woocommerce-product-attributes-item woocommerce-product-attributes-item--attribute_micro-gradation\">\n<th class=\"woocommerce-product-attributes-item__label\">MICRO-GRADATION<\/th>\n<td class=\"woocommerce-product-attributes-item__value\">Gradation UHD Dimming<\/td>\n<\/tr>\n<tr class=\"woocommerce-product-attributes-item woocommerce-product-attributes-item--attribute_auto-motion-plus\">\n<th class=\"woocommerce-product-attributes-item__label\">AUTO MOTION PLUS<\/th>\n<td class=\"woocommerce-product-attributes-item__value\">Oui<\/td>\n<\/tr>\n<tr class=\"woocommerce-product-attributes-item woocommerce-product-attributes-item--attribute_dolby-digital-plus\">\n<th class=\"woocommerce-product-attributes-item__label\">DOLBY DIGITAL PLUS<\/th>\n<td class=\"woocommerce-product-attributes-item__value\">Oui<\/td>\n<\/tr>\n<tr class=\"woocommerce-product-attributes-item woocommerce-product-attributes-item--attribute_puissance-en-sortie-rms\">\n<th class=\"woocommerce-product-attributes-item__label\">PUISSANCE EN SORTIE (RMS)<\/th>\n<td class=\"woocommerce-product-attributes-item__value\">20 W<\/td>\n<\/tr>\n<tr class=\"woocommerce-product-attributes-item woocommerce-product-attributes-item--attribute_audio-bluetooth\">\n<th class=\"woocommerce-product-attributes-item__label\">AUDIO BLUETOOTH<\/th>\n<td class=\"woocommerce-product-attributes-item__value\">Oui<\/td>\n<\/tr>\n<tr class=\"woocommerce-product-attributes-item woocommerce-product-attributes-item--attribute_type-de-haut-parleur\">\n<th class=\"woocommerce-product-attributes-item__label\">TYPE DE HAUT-PARLEUR<\/th>\n<td class=\"woocommerce-product-attributes-item__value\">2 CH<\/td>\n<\/tr>\n<tr class=\"woocommerce-product-attributes-item woocommerce-product-attributes-item--attribute_samsung-smart-tv\">\n<th class=\"woocommerce-product-attributes-item__label\">SAMSUNG SMART TV<\/th>\n<td class=\"woocommerce-product-attributes-item__value\">Intelligent<\/td>\n<\/tr>\n<tr class=\"woocommerce-product-attributes-item woocommerce-product-attributes-item--attribute_operating-system\">\n<th class=\"woocommerce-product-attributes-item__label\">OPERATING SYSTEM<\/th>\n<td class=\"woocommerce-product-attributes-item__value\">Tizen\u2122<\/td>\n<\/tr>\n<tr class=\"woocommerce-product-attributes-item woocommerce-product-attributes-item--attribute_navigateur-internet\">\n<th class=\"woocommerce-product-attributes-item__label\">NAVIGATEUR INTERNET<\/th>\n<td class=\"woocommerce-product-attributes-item__value\">Oui<\/td>\n<\/tr>\n<tr class=\"woocommerce-product-attributes-item woocommerce-product-attributes-item--attribute_mobile-vers-tv-miroitage-dlna\">\n<th class=\"woocommerce-product-attributes-item__label\">MOBILE VERS TV \u2013 MIROITAGE, DLNA<\/th>\n<td class=\"woocommerce-product-attributes-item__value\">Oui<\/td>\n<\/tr>\n<tr class=\"woocommerce-product-attributes-item woocommerce-product-attributes-item--attribute_wi-fi-direct\">\n<th class=\"woocommerce-product-attributes-item__label\">WI-FI DIRECT<\/th>\n<td class=\"woocommerce-product-attributes-item__value\">Oui<\/td>\n<\/tr>\n<tr class=\"woocommerce-product-attributes-item woocommerce-product-attributes-item--attribute_tuner-analogique\">\n<th class=\"woocommerce-product-attributes-item__label\">TUNER ANALOGIQUE<\/th>\n<td class=\"woocommerce-product-attributes-item__value\">Oui<\/td>\n<\/tr>\n<tr class=\"woocommerce-product-attributes-item woocommerce-product-attributes-item--attribute_hdmi\">\n<th class=\"woocommerce-product-attributes-item__label\">HDMI<\/th>\n<td class=\"woocommerce-product-attributes-item__value\">3<\/td>\n<\/tr>\n<tr class=\"woocommerce-product-attributes-item woocommerce-product-attributes-item--attribute_usb\">\n<th class=\"woocommerce-product-attributes-item__label\">USB<\/th>\n<td class=\"woocommerce-product-attributes-item__value\">1<\/td>\n<\/tr>\n<tr class=\"woocommerce-product-attributes-item woocommerce-product-attributes-item--attribute_ethernet-r%c3%a9seau-local\">\n<th class=\"woocommerce-product-attributes-item__label\">ETHERNET (R\u00c9SEAU LOCAL)<\/th>\n<td class=\"woocommerce-product-attributes-item__value\">Oui<\/td>\n<\/tr>\n<tr class=\"woocommerce-product-attributes-item woocommerce-product-attributes-item--attribute_sortie-audio-num%c3%a9rique-optique\">\n<th class=\"woocommerce-product-attributes-item__label\">SORTIE AUDIO NUM\u00c9RIQUE (OPTIQUE)<\/th>\n<td class=\"woocommerce-product-attributes-item__value\">1<\/td>\n<\/tr>\n<tr class=\"woocommerce-product-attributes-item woocommerce-product-attributes-item--attribute_1-entr%c3%a9e-rf-entr%c3%a9e-terrestrec%c3%a2blesatellite\">\n<th class=\"woocommerce-product-attributes-item__label\">1 ENTR\u00c9E RF (ENTR\u00c9E TERRESTRE\/C\u00c2BLE\/SATELLITE)<\/th>\n<td class=\"woocommerce-product-attributes-item__value\">1\/1\/1<\/td>\n<\/tr>\n<tr class=\"woocommerce-product-attributes-item woocommerce-product-attributes-item--attribute_earc\">\n<th class=\"woocommerce-product-attributes-item__label\">EARC<\/th>\n<td class=\"woocommerce-product-attributes-item__value\">Oui<\/td>\n<\/tr>\n<tr class=\"woocommerce-product-attributes-item woocommerce-product-attributes-item--attribute_r%c3%a9seau-local-sans-fil-int%c3%a9gr%c3%a9\">\n<th class=\"woocommerce-product-attributes-item__label\">R\u00c9SEAU LOCAL SANS FIL INT\u00c9GR\u00c9<\/th>\n<td class=\"woocommerce-product-attributes-item__value\">Oui (WiFi 5)<\/td>\n<\/tr>\n<tr class=\"woocommerce-product-attributes-item woocommerce-product-attributes-item--attribute_bluetooth\">\n<th class=\"woocommerce-product-attributes-item__label\">BLUETOOTH<\/th>\n<td class=\"woocommerce-product-attributes-item__value\">Oui (BT4.2)<\/td>\n<\/tr>\n<tr class=\"woocommerce-product-attributes-item woocommerce-product-attributes-item--attribute_anynet-hdmi-cec\">\n<th class=\"woocommerce-product-attributes-item__label\">ANYNET + (HDMI \u2013 CEC)<\/th>\n<td class=\"woocommerce-product-attributes-item__value\">Oui<\/td>\n<\/tr>\n<tr class=\"woocommerce-product-attributes-item woocommerce-product-attributes-item--attribute_alimentation-%c3%a9lectrique\">\n<th class=\"woocommerce-product-attributes-item__label\">ALIMENTATION \u00c9LECTRIQUE<\/th>\n<td class=\"woocommerce-product-attributes-item__value\">AC100-240V 50\/60Hz<\/td>\n<\/tr>\n<tr class=\"woocommerce-product-attributes-item woocommerce-product-attributes-item--attribute_consommation-%c3%a9lectrique-max\">\n<th class=\"woocommerce-product-attributes-item__label\">CONSOMMATION \u00c9LECTRIQUE (MAX.)<\/th>\n<td class=\"woocommerce-product-attributes-item__value\">150 W<\/td>\n<\/tr>\n<tr class=\"woocommerce-product-attributes-item woocommerce-product-attributes-item--attribute_taille-avec-support-lxhxp\">\n<th class=\"woocommerce-product-attributes-item__label\">TAILLE AVEC SUPPORT (LXHXP)<\/th>\n<td class=\"woocommerce-product-attributes-item__value\">1230.5 x 783.3 x 250.2 mm<\/td>\n<\/tr>\n<tr class=\"woocommerce-product-attributes-item woocommerce-product-attributes-item--attribute_taille-sans-support-lxhxp\">\n<th class=\"woocommerce-product-attributes-item__label\">TAILLE SANS SUPPORT (LXHXP)<\/th>\n<td class=\"woocommerce-product-attributes-item__value\">230.5 x 707.2 x 59.9 mm<\/td>\n<\/tr>\n<tr class=\"woocommerce-product-attributes-item woocommerce-product-attributes-item--attribute_poids-de-lappareil-avec-pied\">\n<th class=\"woocommerce-product-attributes-item__label\">POIDS DE L\u2019APPAREIL AVEC PIED<\/th>\n<td class=\"woocommerce-product-attributes-item__value\">14.2 kg<\/td>\n<\/tr>\n<tr class=\"woocommerce-product-attributes-item woocommerce-product-attributes-item--attribute_poids-de-lappareil-sans-pied\">\n<th class=\"woocommerce-product-attributes-item__label\">POIDS DE L\u2019APPAREIL SANS PIED<\/th>\n<td class=\"woocommerce-product-attributes-item__value\">13.9 kg<\/td>\n<\/tr>\n<tr class=\"woocommerce-product-attributes-item woocommerce-product-attributes-item--attribute_mod%c3%a8le-de-t%c3%a9l%c3%a9commande\">\n<th class=\"woocommerce-product-attributes-item__label\">MOD\u00c8LE DE T\u00c9L\u00c9COMMANDE<\/th>\n<td class=\"woocommerce-product-attributes-item__value\">TM2140A<\/td>\n<\/tr>\n<\/tbody>\n<\/table>\n","protected":false},"featured_media":8137,"comment_status":"closed","ping_status":"closed","template":"","meta":{"_bst_post_transparent":"","_bst_post_title":"","_bst_post_layout":"","_bst_post_sidebar_id":"","_bst_post_content_style":"","_bst_post_vertical_padding":"","_bst_post_feature":"","_bst_post_feature_position":"","_bst_post_header":false,"_bst_post_footer":false},"product_brand":[],"product_cat":[143,144],"product_tag":[],"product_brands":[],"class_list":{"0":"post-9025","1":"product","2":"type-product","3":"status-publish","4":"has-post-thumbnail","6":"product_cat-television","7":"product_cat-televisions-smart","9":"first","10":"instock","11":"sale","12":"shipping-taxable","13":"purchasable","14":"product-type-simple","15":"entry","16":"content-bg","17":"loop-entry"},"_links":{"self":[{"href":"https:\/\/anopri.com\/index.php?rest_route=\/wp\/v2\/product\/9025","targetHints":{"allow":["GET"]}}],"collection":[{"href":"https:\/\/anopri.com\/index.php?rest_route=\/wp\/v2\/product"}],"about":[{"href":"https:\/\/anopri.com\/index.php?rest_route=\/wp\/v2\/types\/product"}],"replies":[{"embeddable":true,"href":"https:\/\/anopri.com\/index.php?rest_route=%2Fwp%2Fv2%2Fcomments&post=9025"}],"wp:featuredmedia":[{"embeddable":true,"href":"https:\/\/anopri.com\/index.php?rest_route=\/wp\/v2\/media\/8137"}],"wp:attachment":[{"href":"https:\/\/anopri.com\/index.php?rest_route=%2Fwp%2Fv2%2Fmedia&parent=9025"}],"wp:term":[{"taxonomy":"product_brand","embeddable":true,"href":"https:\/\/anopri.com\/index.php?rest_route=%2Fwp%2Fv2%2Fproduct_brand&post=9025"},{"taxonomy":"product_cat","embeddable":true,"href":"https:\/\/anopri.com\/index.php?rest_route=%2Fwp%2Fv2%2Fproduct_cat&post=9025"},{"taxonomy":"product_tag","embeddable":true,"href":"https:\/\/anopri.com\/index.php?rest_route=%2Fwp%2Fv2%2Fproduct_tag&post=9025"},{"taxonomy":"product_brands","embeddable":true,"href":"https:\/\/anopri.com\/index.php?rest_route=%2Fwp%2Fv2%2Fproduct_brands&post=9025"}],"curies":[{"name":"wp","href":"https:\/\/api.w.org\/{rel}","templated":true}]}}