{"id":9018,"date":"2026-04-25T13:06:53","date_gmt":"2026-04-25T13:06:53","guid":{"rendered":"https:\/\/anopri.com\/?post_type=product&#038;p=9018"},"modified":"2026-04-25T13:06:55","modified_gmt":"2026-04-25T13:06:55","slug":"distributeur-deau-krypton-knwd6422-fonction-chaud-et-froid","status":"publish","type":"product","link":"https:\/\/anopri.com\/?product=distributeur-deau-krypton-knwd6422-fonction-chaud-et-froid","title":{"rendered":"Distributeur d&#8217;eau Krypton &#8211; KNWD6422 | Fonction chaud et froid"},"content":{"rendered":"<p>Il a l&#8217;air plus \u00e9l\u00e9gant et chic en raison de sa couleur blanche \u00e9l\u00e9gante et attrayante.\u00a0Ce distributeur d&#8217;eau vous permet d&#8217;obtenir rapidement de l&#8217;eau chaude et froide \u00e0 la maison, ce qui en fait un incontournable dans votre maison.\u00a0Il a une capacit\u00e9 de refroidissement de 2 L\/H et une capacit\u00e9 de chauffage de 5 L\/H.\u00a0Le distributeur a une temp\u00e9rature froide de 5 \u00e0 10 degr\u00e9s Celsius et une temp\u00e9rature chaude de 85 \u00e0 90 degr\u00e9s Celsius.\u00a0Un distributeur d&#8217;eau servira \u00e0 un large \u00e9ventail d&#8217;utilisations, qu&#8217;il s&#8217;agisse d&#8217;\u00e9tancher votre soif ou de pr\u00e9parer une tasse de th\u00e9 fumante.\u00a0Le distributeur d&#8217;eau est adapt\u00e9 pour une utilisation dans les restaurants, les bureaux et les m\u00e9nages.\u00a0Il utilise peu d&#8217;\u00e9nergie et fonctionne efficacement pour vous faire \u00e9conomiser de l&#8217;\u00e9lectricit\u00e9 et de l&#8217;argent.\u00a0Le distributeur d&#8217;eau est \u00e9galement facile \u00e0 nettoyer et \u00e0 entretenir.\u00a0Le distributeur d&#8217;eau Krypton mesure 27x28x85 cm, p\u00e8se 10 kg et b\u00e9n\u00e9ficie d&#8217;une garantie constructeur de 2 ans.&#8221;\u00a0Ce distributeur d&#8217;eau vous permet d&#8217;obtenir rapidement de l&#8217;eau chaude et froide \u00e0 la maison, ce qui en fait un incontournable dans votre maison.\u00a0Il a une capacit\u00e9 de refroidissement de 2 L\/H et une capacit\u00e9 de chauffage de 5 L\/H.\u00a0Le distributeur a une temp\u00e9rature froide de 5 \u00e0 10 degr\u00e9s Celsius et une temp\u00e9rature chaude de 85 \u00e0 90 degr\u00e9s Celsius.\u00a0Un distributeur d&#8217;eau servira \u00e0 un large \u00e9ventail d&#8217;utilisations, qu&#8217;il s&#8217;agisse d&#8217;\u00e9tancher votre soif ou de pr\u00e9parer une tasse de th\u00e9 fumante.<\/p>\n","protected":false},"excerpt":{"rendered":"<p>Il a l&#8217;air plus \u00e9l\u00e9gant et chic en raison de sa couleur blanche \u00e9l\u00e9gante et attrayante.\u00a0Ce distributeur d&#8217;eau vous permet d&#8217;obtenir rapidement de l&#8217;eau chaude et froide \u00e0 la maison, ce qui en fait un incontournable dans votre maison.\u00a0Il a une capacit\u00e9 de refroidissement de 2 L\/H et une capacit\u00e9 de chauffage de 5 L\/H.\u00a0Le&#8230;<\/p>\n","protected":false},"featured_media":8115,"comment_status":"open","ping_status":"closed","template":"","meta":{"_bst_post_transparent":"","_bst_post_title":"","_bst_post_layout":"","_bst_post_sidebar_id":"","_bst_post_content_style":"","_bst_post_vertical_padding":"","_bst_post_feature":"","_bst_post_feature_position":"","_bst_post_header":false,"_bst_post_footer":false},"product_brand":[],"product_cat":[145],"product_tag":[],"product_brands":[],"class_list":{"0":"post-9018","1":"product","2":"type-product","3":"status-publish","4":"has-post-thumbnail","6":"product_cat-electromenager","8":"first","9":"instock","10":"shipping-taxable","11":"purchasable","12":"product-type-simple","13":"entry","14":"content-bg","15":"loop-entry"},"_links":{"self":[{"href":"https:\/\/anopri.com\/index.php?rest_route=\/wp\/v2\/product\/9018","targetHints":{"allow":["GET"]}}],"collection":[{"href":"https:\/\/anopri.com\/index.php?rest_route=\/wp\/v2\/product"}],"about":[{"href":"https:\/\/anopri.com\/index.php?rest_route=\/wp\/v2\/types\/product"}],"replies":[{"embeddable":true,"href":"https:\/\/anopri.com\/index.php?rest_route=%2Fwp%2Fv2%2Fcomments&post=9018"}],"wp:featuredmedia":[{"embeddable":true,"href":"https:\/\/anopri.com\/index.php?rest_route=\/wp\/v2\/media\/8115"}],"wp:attachment":[{"href":"https:\/\/anopri.com\/index.php?rest_route=%2Fwp%2Fv2%2Fmedia&parent=9018"}],"wp:term":[{"taxonomy":"product_brand","embeddable":true,"href":"https:\/\/anopri.com\/index.php?rest_route=%2Fwp%2Fv2%2Fproduct_brand&post=9018"},{"taxonomy":"product_cat","embeddable":true,"href":"https:\/\/anopri.com\/index.php?rest_route=%2Fwp%2Fv2%2Fproduct_cat&post=9018"},{"taxonomy":"product_tag","embeddable":true,"href":"https:\/\/anopri.com\/index.php?rest_route=%2Fwp%2Fv2%2Fproduct_tag&post=9018"},{"taxonomy":"product_brands","embeddable":true,"href":"https:\/\/anopri.com\/index.php?rest_route=%2Fwp%2Fv2%2Fproduct_brands&post=9018"}],"curies":[{"name":"wp","href":"https:\/\/api.w.org\/{rel}","templated":true}]}}