{"id":8977,"date":"2026-04-25T13:06:39","date_gmt":"2026-04-25T13:06:39","guid":{"rendered":"https:\/\/anopri.com\/?post_type=product&#038;p=8977"},"modified":"2026-04-25T13:06:46","modified_gmt":"2026-04-25T13:06:46","slug":"amidon-de-manioc-en-kg","status":"publish","type":"product","link":"https:\/\/anopri.com\/?product=amidon-de-manioc-en-kg","title":{"rendered":"AMIDON DE MANIOC EN KG"},"content":{"rendered":"<p><strong>MODE D&#8217;EMPLOI<\/strong><\/p>\n<ul>\n<li>Dilues trois cuiller\u00e9es d&#8217;amidon dans un verre d&#8217;eau froide<\/li>\n<li>Versez ensuite le contenu dans un litre d&#8217;eau bouillante<\/li>\n<li>M\u00e9langez enfin a la derni\u00e8re eau de rin\u00e7age, tremper le linge et le s\u00e9cher.<\/li>\n<\/ul>\n","protected":false},"excerpt":{"rendered":"<p>Il est utilis\u00e9 comme agent de finition pour produire des tissus lisses au toucher; il est utilis\u00e9 comme rehausseur de couleur pour obtenir un tissu imprim\u00e9 clair et r\u00e9sistant \u00e0 l&#8217;usure ; pour les applications textiles, l&#8217;amidon l\u00e9g\u00e8rement bouilli est plus efficace.<\/p>\n","protected":false},"featured_media":7793,"comment_status":"open","ping_status":"closed","template":"","meta":{"_bst_post_transparent":"","_bst_post_title":"","_bst_post_layout":"","_bst_post_sidebar_id":"","_bst_post_content_style":"","_bst_post_vertical_padding":"","_bst_post_feature":"","_bst_post_feature_position":"","_bst_post_header":false,"_bst_post_footer":false},"product_brand":[],"product_cat":[156],"product_tag":[],"product_brands":[],"class_list":{"0":"post-8977","1":"product","2":"type-product","3":"status-publish","4":"has-post-thumbnail","6":"product_cat-outillages-et-petits-materiels-a-main","8":"first","9":"instock","10":"shipping-taxable","11":"purchasable","12":"product-type-simple","13":"entry","14":"content-bg","15":"loop-entry"},"_links":{"self":[{"href":"https:\/\/anopri.com\/index.php?rest_route=\/wp\/v2\/product\/8977","targetHints":{"allow":["GET"]}}],"collection":[{"href":"https:\/\/anopri.com\/index.php?rest_route=\/wp\/v2\/product"}],"about":[{"href":"https:\/\/anopri.com\/index.php?rest_route=\/wp\/v2\/types\/product"}],"replies":[{"embeddable":true,"href":"https:\/\/anopri.com\/index.php?rest_route=%2Fwp%2Fv2%2Fcomments&post=8977"}],"wp:featuredmedia":[{"embeddable":true,"href":"https:\/\/anopri.com\/index.php?rest_route=\/wp\/v2\/media\/7793"}],"wp:attachment":[{"href":"https:\/\/anopri.com\/index.php?rest_route=%2Fwp%2Fv2%2Fmedia&parent=8977"}],"wp:term":[{"taxonomy":"product_brand","embeddable":true,"href":"https:\/\/anopri.com\/index.php?rest_route=%2Fwp%2Fv2%2Fproduct_brand&post=8977"},{"taxonomy":"product_cat","embeddable":true,"href":"https:\/\/anopri.com\/index.php?rest_route=%2Fwp%2Fv2%2Fproduct_cat&post=8977"},{"taxonomy":"product_tag","embeddable":true,"href":"https:\/\/anopri.com\/index.php?rest_route=%2Fwp%2Fv2%2Fproduct_tag&post=8977"},{"taxonomy":"product_brands","embeddable":true,"href":"https:\/\/anopri.com\/index.php?rest_route=%2Fwp%2Fv2%2Fproduct_brands&post=8977"}],"curies":[{"name":"wp","href":"https:\/\/api.w.org\/{rel}","templated":true}]}}