{"id":8970,"date":"2026-04-25T13:06:39","date_gmt":"2026-04-25T13:06:39","guid":{"rendered":"https:\/\/anopri.com\/?post_type=product&#038;p=8970"},"modified":"2026-04-25T13:06:44","modified_gmt":"2026-04-25T13:06:44","slug":"refrigerateur-lg-gn-g382slcb-333-litres-gris","status":"publish","type":"product","link":"https:\/\/anopri.com\/?product=refrigerateur-lg-gn-g382slcb-333-litres-gris","title":{"rendered":"R\u00e9frig\u00e9rateur LG GN-G382SLCB \u2013 333 litres \u2013 Gris"},"content":{"rendered":"<p style=\"margin-top: 0px; margin-bottom: 1rem; font-family: Roboto; font-size: 12px; text-align: justify;\"><span style=\"font-size: 12pt;\">Le\u00a0<span style=\"font-weight: bolder;\">r\u00e9frig\u00e9rateur LG\u00a0GN-G382SLCB<\/span>\u00a0est sp\u00e9cialement con\u00e7u pour se fondre dans le design de votre maison, le look classique \u00e9l\u00e9gant et la sensation moderne correspondent \u00e0 vos go\u00fbts pour r\u00e9pondre \u00e0 vos besoins. Il s\u2019agit du\u00a0<span style=\"font-weight: bolder;\">r\u00e9frig\u00e9rateur LG GN-G382SLCB<\/span>\u00a0<span style=\"font-weight: bolder;\">\u00e0 prix abordable<\/span>, un r\u00e9frig\u00e9rateur efficace, pour une conservation plus effective et en bonne \u00e9tat. Ce r\u00e9frig\u00e9rateur a des fonctionnalit\u00e9s mise en place pour vous faciliter au maximum la vie. C\u2019est un\u00a0<span style=\"font-weight: bolder;\">freezer pas cher<\/span>\u00a0deux battants avec cong\u00e9lateur, muni d\u2019une\u00a0<span style=\"font-weight: bolder;\">capacit\u00e9 de 333 litres et\u00a0<\/span>d\u2019un\u00a0<span style=\"font-weight: bolder;\">r\u00e9frig\u00e9rant R600a.<\/span><\/span><\/p>\n<h2 style=\"font-weight: 400; line-height: 1.25em; font-size: 2em; margin-top: 0px; margin-bottom: 0px; font-family: Roboto;\"><span style=\"font-weight: bolder;\">Une capacit\u00e9 de 333\u00a0litres pour vos aliments<\/span><\/h2>\n<p style=\"margin-top: 0px; margin-bottom: 1rem; font-family: Roboto; font-size: 12px; text-align: justify;\"><span style=\"font-size: 12pt;\">Ce\u00a0<span style=\"font-weight: bolder;\">r\u00e9frig\u00e9rateur neuf\u00a0<\/span>est con\u00e7u pour s\u2019adapter \u00e0 votre cuisine. Id\u00e9al pour les personnes vivante seule, plus pr\u00e9cis\u00e9ment les \u00e9tudiants, ce\u00a0<span style=\"font-weight: bolder;\">frigo de 333\u00a0litres<\/span>\u00a0<span style=\"font-weight: bolder;\">pas cher,<\/span>\u00a0est fait pour vous. Vous pourrez ainsi y ranger vos boissons, produits de premi\u00e8re n\u00e9cessit\u00e9 et p\u00e9rissable sans aucun probl\u00e8me.\u00a0<\/span><span style=\"font-size: 12pt;\">C\u2019est sans compter sur son gaz\u00a0<span style=\"font-weight: bolder;\">r\u00e9frig\u00e9rant R600a\u00a0<\/span>\u00a0rechargeable qui fait fonctionner votre r\u00e9frig\u00e9rateur. Ce freezer effectue un r<\/span><span style=\"font-size: 12pt;\">efroidissement de porte, vous offre un stockage facile, est dot\u00e9 d\u2019un b<\/span><span style=\"font-size: 12pt;\">ac \u00e0 gla\u00e7ons mobile et d\u2019une fonction m<\/span><span style=\"font-size: 12pt;\">ulti flux d\u2019air<\/span><\/p>\n","protected":false},"excerpt":{"rendered":"<ul style=\"margin: 0px; padding: 0px; font-family: Roboto; font-size: 12px;\">\n<li style=\"margin-top: 0px; margin-bottom: 0px;\"><span style=\"font-weight: bolder;\">Type de produit:\u00a0<\/span>R\u00e9frig\u00e9rateur combin\u00e9<\/li>\n<li style=\"margin-top: 0px; margin-bottom: 0px;\"><span style=\"font-weight: bolder;\">Capacit\u00e9 :<\/span>\u00a0333L<\/li>\n<li style=\"margin-top: 0px; margin-bottom: 0px;\"><span style=\"font-weight: bolder;\">Model :<\/span>\u00a0GN-G382SLCB<\/li>\n<li style=\"margin-top: 0px; margin-bottom: 0px;\">Refroidissement de porte<\/li>\n<li style=\"margin-top: 0px; margin-bottom: 0px;\">Multi flux d\u2019air<\/li>\n<li style=\"margin-top: 0px; margin-bottom: 0px;\">Bac \u00e0 gla\u00e7ons mobile<\/li>\n<li style=\"margin-top: 0px; margin-bottom: 0px;\">Refroidissement uniforme<\/li>\n<li style=\"margin-top: 0px; margin-bottom: 0px;\">Stockage facile<\/li>\n<li style=\"margin-top: 0px; margin-bottom: 0px;\"><span style=\"font-weight: bolder;\">R\u00e9frig\u00e9rant :<\/span>\u00a0R600a<\/li>\n<li style=\"margin-top: 0px; margin-bottom: 0px;\"><span style=\"font-weight: bolder;\">Tension\/Frequency:<\/span>\u00a0220\/50Hz<\/li>\n<\/ul>\n","protected":false},"featured_media":7777,"comment_status":"open","ping_status":"closed","template":"","meta":{"_bst_post_transparent":"","_bst_post_title":"","_bst_post_layout":"","_bst_post_sidebar_id":"","_bst_post_content_style":"","_bst_post_vertical_padding":"","_bst_post_feature":"","_bst_post_feature_position":"","_bst_post_header":false,"_bst_post_footer":false},"product_brand":[],"product_cat":[157],"product_tag":[],"product_brands":[],"class_list":{"0":"post-8970","1":"product","2":"type-product","3":"status-publish","4":"has-post-thumbnail","6":"product_cat-refrigerateur","8":"first","9":"instock","10":"shipping-taxable","11":"purchasable","12":"product-type-simple","13":"entry","14":"content-bg","15":"loop-entry"},"_links":{"self":[{"href":"https:\/\/anopri.com\/index.php?rest_route=\/wp\/v2\/product\/8970","targetHints":{"allow":["GET"]}}],"collection":[{"href":"https:\/\/anopri.com\/index.php?rest_route=\/wp\/v2\/product"}],"about":[{"href":"https:\/\/anopri.com\/index.php?rest_route=\/wp\/v2\/types\/product"}],"replies":[{"embeddable":true,"href":"https:\/\/anopri.com\/index.php?rest_route=%2Fwp%2Fv2%2Fcomments&post=8970"}],"wp:featuredmedia":[{"embeddable":true,"href":"https:\/\/anopri.com\/index.php?rest_route=\/wp\/v2\/media\/7777"}],"wp:attachment":[{"href":"https:\/\/anopri.com\/index.php?rest_route=%2Fwp%2Fv2%2Fmedia&parent=8970"}],"wp:term":[{"taxonomy":"product_brand","embeddable":true,"href":"https:\/\/anopri.com\/index.php?rest_route=%2Fwp%2Fv2%2Fproduct_brand&post=8970"},{"taxonomy":"product_cat","embeddable":true,"href":"https:\/\/anopri.com\/index.php?rest_route=%2Fwp%2Fv2%2Fproduct_cat&post=8970"},{"taxonomy":"product_tag","embeddable":true,"href":"https:\/\/anopri.com\/index.php?rest_route=%2Fwp%2Fv2%2Fproduct_tag&post=8970"},{"taxonomy":"product_brands","embeddable":true,"href":"https:\/\/anopri.com\/index.php?rest_route=%2Fwp%2Fv2%2Fproduct_brands&post=8970"}],"curies":[{"name":"wp","href":"https:\/\/api.w.org\/{rel}","templated":true}]}}