{"id":8962,"date":"2026-04-25T13:06:39","date_gmt":"2026-04-25T13:06:39","guid":{"rendered":"https:\/\/anopri.com\/?post_type=product&#038;p=8962"},"modified":"2026-04-25T13:06:43","modified_gmt":"2026-04-25T13:06:43","slug":"megaphone-portable-50-w-rechargeable-et-haut-parleur","status":"publish","type":"product","link":"https:\/\/anopri.com\/?product=megaphone-portable-50-w-rechargeable-et-haut-parleur","title":{"rendered":"M\u00e9gaphone portable -50 W rechargeable et haut-parleur"},"content":{"rendered":"<p><span>Ce m\u00e9gaphone 5 c\u0153urs convivial offre 50 watts de puissance et une couverture sonore de 1000 m.\u00a0<\/span><span>Ce m\u00e9gaphone portable compact mais puissant est couramment utilis\u00e9 lors d&#8217;\u00e9v\u00e9nements sportifs en plein air, de rassemblements politiques et de manifestations de rue, dans les forces arm\u00e9es et la police en raison de sa taille et de son poids compatibles<\/span><\/p>\n","protected":false},"excerpt":{"rendered":"<p>Ce m\u00e9gaphone 5 c\u0153urs convivial offre 50 watts de puissance et une couverture sonore de 1000 m.\u00a0Ce m\u00e9gaphone portable compact mais puissant est couramment utilis\u00e9 lors d&#8217;\u00e9v\u00e9nements sportifs en plein air, de rassemblements politiques et de manifestations de rue, dans les forces arm\u00e9es et la police en raison de sa taille et de son poids&#8230;<\/p>\n","protected":false},"featured_media":7755,"comment_status":"open","ping_status":"closed","template":"","meta":{"_bst_post_transparent":"","_bst_post_title":"","_bst_post_layout":"","_bst_post_sidebar_id":"","_bst_post_content_style":"","_bst_post_vertical_padding":"","_bst_post_feature":"","_bst_post_feature_position":"","_bst_post_header":false,"_bst_post_footer":false},"product_brand":[],"product_cat":[142],"product_tag":[],"product_brands":[],"class_list":{"0":"post-8962","1":"product","2":"type-product","3":"status-publish","4":"has-post-thumbnail","6":"product_cat-electronique","8":"first","9":"instock","10":"shipping-taxable","11":"product-type-simple","12":"entry","13":"content-bg","14":"loop-entry"},"_links":{"self":[{"href":"https:\/\/anopri.com\/index.php?rest_route=\/wp\/v2\/product\/8962","targetHints":{"allow":["GET"]}}],"collection":[{"href":"https:\/\/anopri.com\/index.php?rest_route=\/wp\/v2\/product"}],"about":[{"href":"https:\/\/anopri.com\/index.php?rest_route=\/wp\/v2\/types\/product"}],"replies":[{"embeddable":true,"href":"https:\/\/anopri.com\/index.php?rest_route=%2Fwp%2Fv2%2Fcomments&post=8962"}],"wp:featuredmedia":[{"embeddable":true,"href":"https:\/\/anopri.com\/index.php?rest_route=\/wp\/v2\/media\/7755"}],"wp:attachment":[{"href":"https:\/\/anopri.com\/index.php?rest_route=%2Fwp%2Fv2%2Fmedia&parent=8962"}],"wp:term":[{"taxonomy":"product_brand","embeddable":true,"href":"https:\/\/anopri.com\/index.php?rest_route=%2Fwp%2Fv2%2Fproduct_brand&post=8962"},{"taxonomy":"product_cat","embeddable":true,"href":"https:\/\/anopri.com\/index.php?rest_route=%2Fwp%2Fv2%2Fproduct_cat&post=8962"},{"taxonomy":"product_tag","embeddable":true,"href":"https:\/\/anopri.com\/index.php?rest_route=%2Fwp%2Fv2%2Fproduct_tag&post=8962"},{"taxonomy":"product_brands","embeddable":true,"href":"https:\/\/anopri.com\/index.php?rest_route=%2Fwp%2Fv2%2Fproduct_brands&post=8962"}],"curies":[{"name":"wp","href":"https:\/\/api.w.org\/{rel}","templated":true}]}}