{"id":8958,"date":"2026-04-25T13:06:38","date_gmt":"2026-04-25T13:06:38","guid":{"rendered":"https:\/\/anopri.com\/?post_type=product&#038;p=8958"},"modified":"2026-04-25T13:06:42","modified_gmt":"2026-04-25T13:06:42","slug":"cuisiniere-a-gaz-5-foyers-wilson-60x90-rouge-garantie-12mois","status":"publish","type":"product","link":"https:\/\/anopri.com\/?product=cuisiniere-a-gaz-5-foyers-wilson-60x90-rouge-garantie-12mois","title":{"rendered":"Cuisini\u00e8re \u00e0 Gaz 5 Foyers WILSON 60&#215;90 \u2013 Rouge &#8211; Garantie 12mois"},"content":{"rendered":"","protected":false},"excerpt":{"rendered":"<ul>\n<li>\n<h3><strong>Produit<\/strong>: Cuisini\u00e8re a gaz<\/h3>\n<\/li>\n<li>\n<h3><strong>Marque<\/strong>: WILSON<\/h3>\n<\/li>\n<li>\n<h3>Mati\u00e8re: Acier Inoxydable<\/h3>\n<\/li>\n<li>\n<h3><strong>Nombre de foyers<\/strong>: 05<\/h3>\n<\/li>\n<li>\n<h3><strong>Dimensions<\/strong>: 60 X 90 cm<\/h3>\n<\/li>\n<li>\n<h3>Allumage; Automatique<\/h3>\n<\/li>\n<li>\n<h3>Commande du four;02 boutons<\/h3>\n<\/li>\n<li>\n<h3><strong>Tourne broche: OUI<br \/>\n<\/strong><\/h3>\n<\/li>\n<li>\n<h3><strong>Minuteur; OUI<br \/>\n<\/strong><\/h3>\n<\/li>\n<li>\n<h3><strong>\u00c9clairage int\u00e9rieur; OUI<br \/>\n<\/strong><\/h3>\n<\/li>\n<li>\n<h3><strong>\u00c9tag\u00e8re en grille m\u00e9tallique; oui<\/strong><\/h3>\n<\/li>\n<li>\n<h3><strong>Plateau; oui<\/strong><\/h3>\n<\/li>\n<li>\n<h3><strong>Couvercle en verre; oui<\/strong><\/h3>\n<\/li>\n<li><strong>Espace bouteille de gaz; oui<\/strong><\/li>\n<li>\n<h3><strong>Couleur ; Rouge<br \/>\n<\/strong><\/h3>\n<\/li>\n<li>\n<h3><strong>Garantie; 12 mois<\/strong><\/h3>\n<\/li>\n<\/ul>\n","protected":false},"featured_media":7744,"comment_status":"open","ping_status":"closed","template":"","meta":{"_bst_post_transparent":"","_bst_post_title":"","_bst_post_layout":"","_bst_post_sidebar_id":"","_bst_post_content_style":"","_bst_post_vertical_padding":"","_bst_post_feature":"","_bst_post_feature_position":"","_bst_post_header":false,"_bst_post_footer":false},"product_brand":[],"product_cat":[151,150],"product_tag":[],"product_brands":[],"class_list":{"0":"post-8958","1":"product","2":"type-product","3":"status-publish","4":"has-post-thumbnail","6":"product_cat-cuisiniere","7":"product_cat-cuisiniere-et-plaque-a-gaz","9":"first","10":"instock","11":"shipping-taxable","12":"purchasable","13":"product-type-simple","14":"entry","15":"content-bg","16":"loop-entry"},"_links":{"self":[{"href":"https:\/\/anopri.com\/index.php?rest_route=\/wp\/v2\/product\/8958","targetHints":{"allow":["GET"]}}],"collection":[{"href":"https:\/\/anopri.com\/index.php?rest_route=\/wp\/v2\/product"}],"about":[{"href":"https:\/\/anopri.com\/index.php?rest_route=\/wp\/v2\/types\/product"}],"replies":[{"embeddable":true,"href":"https:\/\/anopri.com\/index.php?rest_route=%2Fwp%2Fv2%2Fcomments&post=8958"}],"wp:featuredmedia":[{"embeddable":true,"href":"https:\/\/anopri.com\/index.php?rest_route=\/wp\/v2\/media\/7744"}],"wp:attachment":[{"href":"https:\/\/anopri.com\/index.php?rest_route=%2Fwp%2Fv2%2Fmedia&parent=8958"}],"wp:term":[{"taxonomy":"product_brand","embeddable":true,"href":"https:\/\/anopri.com\/index.php?rest_route=%2Fwp%2Fv2%2Fproduct_brand&post=8958"},{"taxonomy":"product_cat","embeddable":true,"href":"https:\/\/anopri.com\/index.php?rest_route=%2Fwp%2Fv2%2Fproduct_cat&post=8958"},{"taxonomy":"product_tag","embeddable":true,"href":"https:\/\/anopri.com\/index.php?rest_route=%2Fwp%2Fv2%2Fproduct_tag&post=8958"},{"taxonomy":"product_brands","embeddable":true,"href":"https:\/\/anopri.com\/index.php?rest_route=%2Fwp%2Fv2%2Fproduct_brands&post=8958"}],"curies":[{"name":"wp","href":"https:\/\/api.w.org\/{rel}","templated":true}]}}