{"id":8954,"date":"2026-04-25T13:06:38","date_gmt":"2026-04-25T13:06:38","guid":{"rendered":"https:\/\/anopri.com\/?post_type=product&#038;p=8954"},"modified":"2026-04-25T13:06:41","modified_gmt":"2026-04-25T13:06:41","slug":"ampoule-led-veto-9w","status":"publish","type":"product","link":"https:\/\/anopri.com\/?product=ampoule-led-veto-9w","title":{"rendered":"AMPOULE LED VETO 9W"},"content":{"rendered":"<p>La lampe LED globe \u00e0 filament VETO diffuse une lumi\u00e8re blanche agr\u00e9able, ce qui la rend id\u00e9ale pour \u00e9clairer les petits espaces int\u00e9rieurs, comme la chambre \u00e0 coucher ou le salon. De plus, avec cette ampoule, vous pensez \u00e0 l&#8217;environnement et \u00e0 vos factures d&#8217;\u00e9nergie. La lampe avec raccord E27 dure jusqu&#8217;\u00e0 25 fois plus longtemps que les ampoules \u00e0 incandescence et affiche une consommation de 9W avec le m\u00eame rendement lumineux qu&#8217;une ampoule \u00e0 incandescence de 40W.<\/p>\n","protected":false},"excerpt":{"rendered":"<p>Connexion : ampoule pour douille E27<\/p>\n<p>Tension : 220V \u00e0 240V<\/p>\n<p>Consommation : 9W<\/p>\n<p>Intensit\u00e9 lumineuse : 820\u00a0lumens<\/p>\n<p>Temp\u00e9rature de couleur : 5000K (blanc froid)<\/p>\n<p>Angle diffusion lumi\u00e8re : 300\u00b0<\/p>\n<p>Dur\u00e9e de vie : 25.000 heures<\/p>\n","protected":false},"featured_media":7728,"comment_status":"open","ping_status":"closed","template":"","meta":{"_bst_post_transparent":"","_bst_post_title":"","_bst_post_layout":"","_bst_post_sidebar_id":"","_bst_post_content_style":"","_bst_post_vertical_padding":"","_bst_post_feature":"","_bst_post_feature_position":"","_bst_post_header":false,"_bst_post_footer":false},"product_brand":[],"product_cat":[166],"product_tag":[],"product_brands":[],"class_list":{"0":"post-8954","1":"product","2":"type-product","3":"status-publish","4":"has-post-thumbnail","6":"product_cat-electricite","8":"first","9":"instock","10":"shipping-taxable","11":"purchasable","12":"product-type-simple","13":"entry","14":"content-bg","15":"loop-entry"},"_links":{"self":[{"href":"https:\/\/anopri.com\/index.php?rest_route=\/wp\/v2\/product\/8954","targetHints":{"allow":["GET"]}}],"collection":[{"href":"https:\/\/anopri.com\/index.php?rest_route=\/wp\/v2\/product"}],"about":[{"href":"https:\/\/anopri.com\/index.php?rest_route=\/wp\/v2\/types\/product"}],"replies":[{"embeddable":true,"href":"https:\/\/anopri.com\/index.php?rest_route=%2Fwp%2Fv2%2Fcomments&post=8954"}],"wp:featuredmedia":[{"embeddable":true,"href":"https:\/\/anopri.com\/index.php?rest_route=\/wp\/v2\/media\/7728"}],"wp:attachment":[{"href":"https:\/\/anopri.com\/index.php?rest_route=%2Fwp%2Fv2%2Fmedia&parent=8954"}],"wp:term":[{"taxonomy":"product_brand","embeddable":true,"href":"https:\/\/anopri.com\/index.php?rest_route=%2Fwp%2Fv2%2Fproduct_brand&post=8954"},{"taxonomy":"product_cat","embeddable":true,"href":"https:\/\/anopri.com\/index.php?rest_route=%2Fwp%2Fv2%2Fproduct_cat&post=8954"},{"taxonomy":"product_tag","embeddable":true,"href":"https:\/\/anopri.com\/index.php?rest_route=%2Fwp%2Fv2%2Fproduct_tag&post=8954"},{"taxonomy":"product_brands","embeddable":true,"href":"https:\/\/anopri.com\/index.php?rest_route=%2Fwp%2Fv2%2Fproduct_brands&post=8954"}],"curies":[{"name":"wp","href":"https:\/\/api.w.org\/{rel}","templated":true}]}}