{"id":8951,"date":"2026-04-25T13:06:38","date_gmt":"2026-04-25T13:06:38","guid":{"rendered":"https:\/\/anopri.com\/?post_type=product&#038;p=8951"},"modified":"2026-04-25T13:06:40","modified_gmt":"2026-04-25T13:06:40","slug":"seche-cheveux-carmen-ac5210","status":"publish","type":"product","link":"https:\/\/anopri.com\/?product=seche-cheveux-carmen-ac5210","title":{"rendered":"S\u00e8che-cheveux Carmen AC5210"},"content":{"rendered":"<p>Le\u00a0<strong>s\u00e8che-cheveux Carmen AC5210 <\/strong>a une puissance puissante de 2200 watts avec un<strong>Moteur \u00e0 AC alternatif<\/strong>\u00a0. Gr\u00e2ce \u00e0 ce moteur \u00e0 AC alternatif, ce s\u00e8che-cheveux Carmen AC5210 fournit un flux d&#8217;air puissant et contribue \u00e0 une longue dur\u00e9e de vie. Ce s\u00e8che-cheveux AC5210 Pro AC de Carmen comprend \u00e9galement<strong>Technologie ION<\/strong>\u00a0. Cela garantit que vos cheveux ne deviennent pas statiques pendant le brushing. Vous pouvez \u00e9galement utiliser le<strong>diffuseur<\/strong>\u00a0gardez vos boucles bien ou cr\u00e9ez une vague dans vos cheveux. Cette Carmen HD2195 dispose \u00e9galement d&#8217;un<strong>Fonction Cool Shot<\/strong>\u00a0.<\/p>\n","protected":false},"excerpt":{"rendered":"<ul>\n<li>Moteur CA<\/li>\n<li>Technologie ION<\/li>\n<li>2200 watts<\/li>\n<li>Comprend un diffuseur et une buse<\/li>\n<li>Fonction de tir cool<\/li>\n<\/ul>\n","protected":false},"featured_media":7724,"comment_status":"open","ping_status":"closed","template":"","meta":{"_bst_post_transparent":"","_bst_post_title":"","_bst_post_layout":"","_bst_post_sidebar_id":"","_bst_post_content_style":"","_bst_post_vertical_padding":"","_bst_post_feature":"","_bst_post_feature_position":"","_bst_post_header":false,"_bst_post_footer":false},"product_brand":[],"product_cat":[170,194],"product_tag":[],"product_brands":[],"class_list":{"0":"post-8951","1":"product","2":"type-product","3":"status-publish","4":"has-post-thumbnail","6":"product_cat-mode","7":"product_cat-mode-femme","9":"first","10":"instock","11":"shipping-taxable","12":"purchasable","13":"product-type-simple","14":"entry","15":"content-bg","16":"loop-entry"},"_links":{"self":[{"href":"https:\/\/anopri.com\/index.php?rest_route=\/wp\/v2\/product\/8951","targetHints":{"allow":["GET"]}}],"collection":[{"href":"https:\/\/anopri.com\/index.php?rest_route=\/wp\/v2\/product"}],"about":[{"href":"https:\/\/anopri.com\/index.php?rest_route=\/wp\/v2\/types\/product"}],"replies":[{"embeddable":true,"href":"https:\/\/anopri.com\/index.php?rest_route=%2Fwp%2Fv2%2Fcomments&post=8951"}],"wp:featuredmedia":[{"embeddable":true,"href":"https:\/\/anopri.com\/index.php?rest_route=\/wp\/v2\/media\/7724"}],"wp:attachment":[{"href":"https:\/\/anopri.com\/index.php?rest_route=%2Fwp%2Fv2%2Fmedia&parent=8951"}],"wp:term":[{"taxonomy":"product_brand","embeddable":true,"href":"https:\/\/anopri.com\/index.php?rest_route=%2Fwp%2Fv2%2Fproduct_brand&post=8951"},{"taxonomy":"product_cat","embeddable":true,"href":"https:\/\/anopri.com\/index.php?rest_route=%2Fwp%2Fv2%2Fproduct_cat&post=8951"},{"taxonomy":"product_tag","embeddable":true,"href":"https:\/\/anopri.com\/index.php?rest_route=%2Fwp%2Fv2%2Fproduct_tag&post=8951"},{"taxonomy":"product_brands","embeddable":true,"href":"https:\/\/anopri.com\/index.php?rest_route=%2Fwp%2Fv2%2Fproduct_brands&post=8951"}],"curies":[{"name":"wp","href":"https:\/\/api.w.org\/{rel}","templated":true}]}}