{"id":8939,"date":"2026-04-25T13:06:29","date_gmt":"2026-04-25T13:06:29","guid":{"rendered":"https:\/\/anopri.com\/?post_type=product&#038;p=8939"},"modified":"2026-04-25T13:06:35","modified_gmt":"2026-04-25T13:06:35","slug":"projecteur-led-solaire-veto-professionnel-100w-ip66","status":"publish","type":"product","link":"https:\/\/anopri.com\/?product=projecteur-led-solaire-veto-professionnel-100w-ip66","title":{"rendered":"Projecteur LED Solaire VETO Professionnel- 100W IP66"},"content":{"rendered":"<p><strong>\u00a0 \u00a0 \u00a0Kit qui comprend un projecteur solaire LED avec une batterie au lithium int\u00e9gr\u00e9e haute puissance <\/strong><strong>, un panneau solaire, une t\u00e9l\u00e9commande et du mat\u00e9riel pour l&#8217;installation<\/strong>. Il int\u00e8gre des capteurs de lumi\u00e8re. Id\u00e9al pour \u00e9clairer automatiquement n&#8217;importe quel espace ext\u00e9rieur sans avoir besoin d&#8217;\u00e9lectricit\u00e9.<\/p>\n<p><strong>Fonctionnement\u00a0:<\/strong><\/p>\n<p>Vous pouvez utiliser le projecteur LED connect\u00e9 au panneau solaire ou ind\u00e9pendamment, dans ce dernier cas il ne fonctionne pas en mode automatique, et s&#8217;\u00e9teint ou s&#8217;allume depuis la t\u00e9l\u00e9commande.<\/p>\n<p><strong>&#8211; Mode automatique :\u00a0<\/strong>Ce mode n&#8217;est possible qu&#8217;avec le panneau solaire connect\u00e9 en permanence, de cette fa\u00e7on le projecteur LED ne s&#8217;allume que lorsqu&#8217;il d\u00e9tecte une luminosit\u00e9 inf\u00e9rieure \u00e0 50lux, sinon il s&#8217;\u00e9teindra. De cette mani\u00e8re, il s&#8217;allume automatiquement la nuit et s&#8217;\u00e9teint le jour.<\/p>\n<p><strong>&#8211; Mode manuel\u00a0:\u00a0<\/strong>En appuyant sur le bouton ON\/OFF, le projecteur LED s&#8217;allume et en appuyant dessus de nouveau, le projecteur s&#8217;\u00e9teint. Quelle que soit la luminosit\u00e9 ambiante.<\/p>\n<p><strong>T\u00e9l\u00e9commande\u00a0:<\/strong><\/p>\n<ul>\n<li><strong>Bouton ON\/OFF\u00a0:<\/strong>\u00a0le projecteur LED s&#8217;allume allum\u00e9 allum\u00e9 et en appuyant \u00e0 nouveau sur la m\u00eame touche, le projecteur s&#8217;\u00e9teint. Quelle que soit la luminosit\u00e9 ambiante.<\/li>\n<li><strong>Bouton OFF\u00a0:<\/strong>\u00a0active\/d\u00e9sactive le mode capteur de lumi\u00e8re.<\/li>\n<li><strong>Bouton 3H<\/strong>\u00a0: active le projecteur LED pendant une p\u00e9riode continue de 3 heures, et r\u00e9p\u00e8te le processus les jours successifs.<\/li>\n<li><strong>5H<\/strong>\u00a0bouton\u00a0: active le projecteur LED pendant une p\u00e9riode continue de 5 heures, et r\u00e9p\u00e8te le processus sur des jours successifs.<\/li>\n<li><strong>Bouton 8H<\/strong>\u00a0: active le projecteur LED pendant une p\u00e9riode continue de 8 heures, et r\u00e9p\u00e8te le processus sur des jours successifs.<\/li>\n<li>Bouton\u00a0<strong>luminosit\u00e9 maximale<\/strong>\u00a0: Augmente la luminosit\u00e9 par intervalles de 20\u00a0% jusqu&#8217;\u00e0 atteindre 100\u00a0%<\/li>\n<li>Bouton\u00a0<strong>luminosit\u00e9 minimale<\/strong>\u00a0: Diminue la luminosit\u00e9 par intervalles de 20\u00a0% jusqu&#8217;\u00e0 atteindre 20\u00a0%<\/li>\n<\/ul>\n","protected":false},"excerpt":{"rendered":"<p><strong>Marque: VETO<\/strong><br \/>\n<strong>Type de produit: Projecteur Solaire<\/strong><br \/>\n<strong>Puissance nominale: 200 Watt(W)<\/strong><br \/>\n<strong>Temps de charge: 4-6 heures<\/strong><br \/>\n<strong>Temps d\u2019\u00e9clairage: 14-16 heures<\/strong><br \/>\n<strong>\u00c9tancheit\u00e9: IP66<\/strong><br \/>\n<strong>\u00c9clairage LED sur 10 heures<\/strong><br \/>\n<strong>Application: garage, cour arri\u00e8re, patio, int\u00e9rieur\u201d<\/strong><\/p>\n<ul class=\"tick\">\n<li>T\u00e9l\u00e9commande incluse<\/li>\n<li>Zone d\u2019\u00e9clairage jusqu\u2019\u00e0 16 m\u00e8tres<\/li>\n<li>IP 66 : prot\u00e8ge totalement des poussi\u00e8res et les projections d\u2019eau<\/li>\n<li>Panneau solaire d\u00e9port\u00e9 : c\u00e2ble 3 m\u00e8tres<\/li>\n<\/ul>\n","protected":false},"featured_media":7689,"comment_status":"open","ping_status":"closed","template":"","meta":{"_bst_post_transparent":"","_bst_post_title":"","_bst_post_layout":"","_bst_post_sidebar_id":"","_bst_post_content_style":"","_bst_post_vertical_padding":"","_bst_post_feature":"","_bst_post_feature_position":"","_bst_post_header":false,"_bst_post_footer":false},"product_brand":[],"product_cat":[166,189],"product_tag":[],"product_brands":[],"class_list":{"0":"post-8939","1":"product","2":"type-product","3":"status-publish","4":"has-post-thumbnail","6":"product_cat-electricite","7":"product_cat-energie-solaire","9":"first","10":"instock","11":"shipping-taxable","12":"purchasable","13":"product-type-simple","14":"entry","15":"content-bg","16":"loop-entry"},"_links":{"self":[{"href":"https:\/\/anopri.com\/index.php?rest_route=\/wp\/v2\/product\/8939","targetHints":{"allow":["GET"]}}],"collection":[{"href":"https:\/\/anopri.com\/index.php?rest_route=\/wp\/v2\/product"}],"about":[{"href":"https:\/\/anopri.com\/index.php?rest_route=\/wp\/v2\/types\/product"}],"replies":[{"embeddable":true,"href":"https:\/\/anopri.com\/index.php?rest_route=%2Fwp%2Fv2%2Fcomments&post=8939"}],"wp:featuredmedia":[{"embeddable":true,"href":"https:\/\/anopri.com\/index.php?rest_route=\/wp\/v2\/media\/7689"}],"wp:attachment":[{"href":"https:\/\/anopri.com\/index.php?rest_route=%2Fwp%2Fv2%2Fmedia&parent=8939"}],"wp:term":[{"taxonomy":"product_brand","embeddable":true,"href":"https:\/\/anopri.com\/index.php?rest_route=%2Fwp%2Fv2%2Fproduct_brand&post=8939"},{"taxonomy":"product_cat","embeddable":true,"href":"https:\/\/anopri.com\/index.php?rest_route=%2Fwp%2Fv2%2Fproduct_cat&post=8939"},{"taxonomy":"product_tag","embeddable":true,"href":"https:\/\/anopri.com\/index.php?rest_route=%2Fwp%2Fv2%2Fproduct_tag&post=8939"},{"taxonomy":"product_brands","embeddable":true,"href":"https:\/\/anopri.com\/index.php?rest_route=%2Fwp%2Fv2%2Fproduct_brands&post=8939"}],"curies":[{"name":"wp","href":"https:\/\/api.w.org\/{rel}","templated":true}]}}