{"id":8930,"date":"2026-04-25T13:06:29","date_gmt":"2026-04-25T13:06:29","guid":{"rendered":"https:\/\/anopri.com\/?post_type=product&#038;p=8930"},"modified":"2026-04-25T13:06:33","modified_gmt":"2026-04-25T13:06:33","slug":"supports-tv-beetec-23-a-55-pouces-tf-d2","status":"publish","type":"product","link":"https:\/\/anopri.com\/?product=supports-tv-beetec-23-a-55-pouces-tf-d2","title":{"rendered":"SUPPORTS TV BEETEC 23 \u00e0 55 POUCES TF-D2"},"content":{"rendered":"<p>Meuble TV Beetec de la taille 32 \u00e0 75. La conception soign\u00e9e assure un montage \u00e0 plat du t\u00e9l\u00e9viseur sans aucun tracas. Soigneusement construit pour offrir un angle de vision confortable.<\/p>\n","protected":false},"excerpt":{"rendered":"<p>Meuble TV Beetec de la taille 32 \u00e0 75. La conception soign\u00e9e assure un montage \u00e0 plat du t\u00e9l\u00e9viseur sans aucun tracas. Soigneusement construit pour offrir un angle de vision confortable.<\/p>\n","protected":false},"featured_media":7664,"comment_status":"open","ping_status":"closed","template":"","meta":{"_bst_post_transparent":"","_bst_post_title":"","_bst_post_layout":"","_bst_post_sidebar_id":"","_bst_post_content_style":"","_bst_post_vertical_padding":"","_bst_post_feature":"","_bst_post_feature_position":"","_bst_post_header":false,"_bst_post_footer":false},"product_brand":[],"product_cat":[172,142,192,184],"product_tag":[],"product_brands":[],"class_list":{"0":"post-8930","1":"product","2":"type-product","3":"status-publish","4":"has-post-thumbnail","6":"product_cat-ameublement-decoration","7":"product_cat-electronique","8":"product_cat-supports-tv","9":"product_cat-tables-tv","11":"first","12":"instock","13":"shipping-taxable","14":"purchasable","15":"product-type-simple","16":"entry","17":"content-bg","18":"loop-entry"},"_links":{"self":[{"href":"https:\/\/anopri.com\/index.php?rest_route=\/wp\/v2\/product\/8930","targetHints":{"allow":["GET"]}}],"collection":[{"href":"https:\/\/anopri.com\/index.php?rest_route=\/wp\/v2\/product"}],"about":[{"href":"https:\/\/anopri.com\/index.php?rest_route=\/wp\/v2\/types\/product"}],"replies":[{"embeddable":true,"href":"https:\/\/anopri.com\/index.php?rest_route=%2Fwp%2Fv2%2Fcomments&post=8930"}],"wp:featuredmedia":[{"embeddable":true,"href":"https:\/\/anopri.com\/index.php?rest_route=\/wp\/v2\/media\/7664"}],"wp:attachment":[{"href":"https:\/\/anopri.com\/index.php?rest_route=%2Fwp%2Fv2%2Fmedia&parent=8930"}],"wp:term":[{"taxonomy":"product_brand","embeddable":true,"href":"https:\/\/anopri.com\/index.php?rest_route=%2Fwp%2Fv2%2Fproduct_brand&post=8930"},{"taxonomy":"product_cat","embeddable":true,"href":"https:\/\/anopri.com\/index.php?rest_route=%2Fwp%2Fv2%2Fproduct_cat&post=8930"},{"taxonomy":"product_tag","embeddable":true,"href":"https:\/\/anopri.com\/index.php?rest_route=%2Fwp%2Fv2%2Fproduct_tag&post=8930"},{"taxonomy":"product_brands","embeddable":true,"href":"https:\/\/anopri.com\/index.php?rest_route=%2Fwp%2Fv2%2Fproduct_brands&post=8930"}],"curies":[{"name":"wp","href":"https:\/\/api.w.org\/{rel}","templated":true}]}}