{"id":8929,"date":"2026-04-25T13:06:29","date_gmt":"2026-04-25T13:06:29","guid":{"rendered":"https:\/\/anopri.com\/?post_type=product&#038;p=8929"},"modified":"2026-04-25T13:06:33","modified_gmt":"2026-04-25T13:06:33","slug":"support-tv-mural-beetec-tf-b4-26-a-60-pouces","status":"publish","type":"product","link":"https:\/\/anopri.com\/?product=support-tv-mural-beetec-tf-b4-26-a-60-pouces","title":{"rendered":"Support  TV Mural BEETEC TF-B4 26 \u00e0 60 Pouces"},"content":{"rendered":"<h3>Facile \u00e0 utiliser et \u00e0 installer, le mod\u00e8le populaire TF-B4 est con\u00e7u pour s&#8217;adapter \u00e0 tous les t\u00e9l\u00e9viseurs incurv\u00e9s et \u00e0 \u00e9cran plat de 26&#8243; \u00e0 60&#8243; jusqu&#8217;\u00e0 50 kg\/110 lb. Inclinaison libre de 15\u00b0 vers le haut et 15\u00b0 vers le bas.\u00a0Le niveau \u00e0 bulle int\u00e9gr\u00e9 assure un alignement facile de l&#8217;installation.\u00a0La r\u00e9sistance a \u00e9t\u00e9 test\u00e9e pour un minimum de trois fois sa capacit\u00e9 de charge indiqu\u00e9e.<\/h3>\n","protected":false},"excerpt":{"rendered":"<p>Facile \u00e0 utiliser et \u00e0 installer, le mod\u00e8le populaire TF-B4 est con\u00e7u pour s&#8217;adapter \u00e0 tous les t\u00e9l\u00e9viseurs incurv\u00e9s et \u00e0 \u00e9cran plat de 26&#8243; \u00e0 60&#8243; jusqu&#8217;\u00e0 50 kg\/110 lb. Inclinaison libre de 15\u00b0 vers le haut et 15\u00b0 vers le bas.\u00a0Le niveau \u00e0 bulle int\u00e9gr\u00e9 assure un alignement facile de l&#8217;installation.\u00a0La r\u00e9sistance a&#8230;<\/p>\n","protected":false},"featured_media":7661,"comment_status":"open","ping_status":"closed","template":"","meta":{"_bst_post_transparent":"","_bst_post_title":"","_bst_post_layout":"","_bst_post_sidebar_id":"","_bst_post_content_style":"","_bst_post_vertical_padding":"","_bst_post_feature":"","_bst_post_feature_position":"","_bst_post_header":false,"_bst_post_footer":false},"product_brand":[],"product_cat":[142,192,184],"product_tag":[],"product_brands":[],"class_list":{"0":"post-8929","1":"product","2":"type-product","3":"status-publish","4":"has-post-thumbnail","6":"product_cat-electronique","7":"product_cat-supports-tv","8":"product_cat-tables-tv","10":"first","11":"instock","12":"shipping-taxable","13":"purchasable","14":"product-type-simple","15":"entry","16":"content-bg","17":"loop-entry"},"_links":{"self":[{"href":"https:\/\/anopri.com\/index.php?rest_route=\/wp\/v2\/product\/8929","targetHints":{"allow":["GET"]}}],"collection":[{"href":"https:\/\/anopri.com\/index.php?rest_route=\/wp\/v2\/product"}],"about":[{"href":"https:\/\/anopri.com\/index.php?rest_route=\/wp\/v2\/types\/product"}],"replies":[{"embeddable":true,"href":"https:\/\/anopri.com\/index.php?rest_route=%2Fwp%2Fv2%2Fcomments&post=8929"}],"wp:featuredmedia":[{"embeddable":true,"href":"https:\/\/anopri.com\/index.php?rest_route=\/wp\/v2\/media\/7661"}],"wp:attachment":[{"href":"https:\/\/anopri.com\/index.php?rest_route=%2Fwp%2Fv2%2Fmedia&parent=8929"}],"wp:term":[{"taxonomy":"product_brand","embeddable":true,"href":"https:\/\/anopri.com\/index.php?rest_route=%2Fwp%2Fv2%2Fproduct_brand&post=8929"},{"taxonomy":"product_cat","embeddable":true,"href":"https:\/\/anopri.com\/index.php?rest_route=%2Fwp%2Fv2%2Fproduct_cat&post=8929"},{"taxonomy":"product_tag","embeddable":true,"href":"https:\/\/anopri.com\/index.php?rest_route=%2Fwp%2Fv2%2Fproduct_tag&post=8929"},{"taxonomy":"product_brands","embeddable":true,"href":"https:\/\/anopri.com\/index.php?rest_route=%2Fwp%2Fv2%2Fproduct_brands&post=8929"}],"curies":[{"name":"wp","href":"https:\/\/api.w.org\/{rel}","templated":true}]}}