{"id":8920,"date":"2026-04-25T13:06:28","date_gmt":"2026-04-25T13:06:28","guid":{"rendered":"https:\/\/anopri.com\/?post_type=product&#038;p=8920"},"modified":"2026-04-25T13:06:30","modified_gmt":"2026-04-25T13:06:30","slug":"lampe-a-tube-led-120cm-veto-volux-22w","status":"publish","type":"product","link":"https:\/\/anopri.com\/?product=lampe-a-tube-led-120cm-veto-volux-22w","title":{"rendered":"Lampe \u00e0 tube Led 120cm VETO VOLUX-22W"},"content":{"rendered":"<p>Les lampes VETO \u00e0 tube LED sont int\u00e9gr\u00e9es dans une seule solution puissante. Tout est int\u00e9gr\u00e9 dans ce tube LED T5 fin et super \u00e9l\u00e9gant. Protection contre les surtensions de 2,5 kV. Facteur de puissance \u00e9lev\u00e9 de 0,95, \u00e9quip\u00e9 d&#8217;une dissipation thermique tr\u00e8s efficace qui se traduit par une distribution douce de la lumi\u00e8re sans chauffer l&#8217;environnement. Larges tensions de fonctionnement, sans mercure ni plomb, respectueux de l&#8217;environnement, excellent IRC jusqu&#8217;\u00e0 80 %, temp\u00e9rature de fonctionnement : -10 degC \u00e0 50 degC, lumi\u00e8re anti-fluctuation et anti-\u00e9blouissement, esp\u00e9rance de vie jusqu&#8217;\u00e0 50 000 heures de fonctionnement.<\/p>\n","protected":false},"excerpt":{"rendered":"<p>Marque \u200e: VETO VOLUX<br \/>\nForme :\u200eTube<br \/>\nMat\u00e9riaux :Nano PC<br \/>\nWatts maximum :\u200e22 Watts<br \/>\nVolt \u200e: 160V &#8211; 280 Volts<br \/>\nCaract\u00e9ristiques sp\u00e9ciales \u200eFaible consommation d \u00e9nergie<br \/>\nType de prise \u200e: C\u00e2ble \u00e9lectrique<br \/>\nDur\u00e9e de vie moyenne : \u200e50000 Heures<br \/>\nLongueur du tube : 120cm<\/p>\n","protected":false},"featured_media":7629,"comment_status":"open","ping_status":"closed","template":"","meta":{"_bst_post_transparent":"","_bst_post_title":"","_bst_post_layout":"","_bst_post_sidebar_id":"","_bst_post_content_style":"","_bst_post_vertical_padding":"","_bst_post_feature":"","_bst_post_feature_position":"","_bst_post_header":false,"_bst_post_footer":false},"product_brand":[],"product_cat":[166],"product_tag":[],"product_brands":[],"class_list":{"0":"post-8920","1":"product","2":"type-product","3":"status-publish","4":"has-post-thumbnail","6":"product_cat-electricite","8":"first","9":"instock","10":"shipping-taxable","11":"purchasable","12":"product-type-simple","13":"entry","14":"content-bg","15":"loop-entry"},"_links":{"self":[{"href":"https:\/\/anopri.com\/index.php?rest_route=\/wp\/v2\/product\/8920","targetHints":{"allow":["GET"]}}],"collection":[{"href":"https:\/\/anopri.com\/index.php?rest_route=\/wp\/v2\/product"}],"about":[{"href":"https:\/\/anopri.com\/index.php?rest_route=\/wp\/v2\/types\/product"}],"replies":[{"embeddable":true,"href":"https:\/\/anopri.com\/index.php?rest_route=%2Fwp%2Fv2%2Fcomments&post=8920"}],"wp:featuredmedia":[{"embeddable":true,"href":"https:\/\/anopri.com\/index.php?rest_route=\/wp\/v2\/media\/7629"}],"wp:attachment":[{"href":"https:\/\/anopri.com\/index.php?rest_route=%2Fwp%2Fv2%2Fmedia&parent=8920"}],"wp:term":[{"taxonomy":"product_brand","embeddable":true,"href":"https:\/\/anopri.com\/index.php?rest_route=%2Fwp%2Fv2%2Fproduct_brand&post=8920"},{"taxonomy":"product_cat","embeddable":true,"href":"https:\/\/anopri.com\/index.php?rest_route=%2Fwp%2Fv2%2Fproduct_cat&post=8920"},{"taxonomy":"product_tag","embeddable":true,"href":"https:\/\/anopri.com\/index.php?rest_route=%2Fwp%2Fv2%2Fproduct_tag&post=8920"},{"taxonomy":"product_brands","embeddable":true,"href":"https:\/\/anopri.com\/index.php?rest_route=%2Fwp%2Fv2%2Fproduct_brands&post=8920"}],"curies":[{"name":"wp","href":"https:\/\/api.w.org\/{rel}","templated":true}]}}