{"id":8919,"date":"2026-04-25T13:06:28","date_gmt":"2026-04-25T13:06:28","guid":{"rendered":"https:\/\/anopri.com\/?post_type=product&#038;p=8919"},"modified":"2026-04-25T13:06:30","modified_gmt":"2026-04-25T13:06:30","slug":"perceuse-visseuse-sans-fil-epsilon-12v-ecd1037","status":"publish","type":"product","link":"https:\/\/anopri.com\/?product=perceuse-visseuse-sans-fil-epsilon-12v-ecd1037","title":{"rendered":"Perceuse Visseuse sans fil Epsilon 12V &#8211; ECD1037"},"content":{"rendered":"<hr class=\"a-divider-normal bucketDivider\" aria-hidden=\"true\" \/>\n<h2>D\u00e9tails du produit<\/h2>\n<div id=\"detailBullets_feature_div\">\n<ul class=\"a-unordered-list a-nostyle a-vertical a-spacing-none detail-bullet-list\">\n<li><span class=\"a-list-item\"><span class=\"a-list-item\"><span class=\"a-text-bold\">Dimensions du produit :\u00a0<\/span>22,9 x 6 x 12,2 cm; 1 kilogrammes<\/span><\/span><br \/>\n<table class=\"a-normal a-spacing-micro\">\n<tbody>\n<tr class=\"a-spacing-small po-brand\">\n<td class=\"a-span3\"><span class=\"a-size-base a-text-bold\">Marque<\/span><\/td>\n<td class=\"a-span9\"><span class=\"a-size-base po-break-word\">EPSILON<\/span><\/td>\n<\/tr>\n<tr class=\"a-spacing-small po-power_source_type\">\n<td class=\"a-span3\"><span class=\"a-size-base a-text-bold\">Source d\u2019alimentation<\/span><\/td>\n<td class=\"a-span9\"><span class=\"a-size-base po-break-word\">Cordon \u00e9lectrique<\/span><\/td>\n<\/tr>\n<tr class=\"a-spacing-small po-voltage\">\n<td class=\"a-span3\"><span class=\"a-size-base a-text-bold\">Tension<\/span><\/td>\n<td class=\"a-span9\"><span class=\"a-size-base po-break-word\">12<\/span><\/td>\n<\/tr>\n<tr class=\"a-spacing-small po-amperage\">\n<td class=\"a-span3\"><span class=\"a-size-base a-text-bold\">Amp\u00e9rage<\/span><\/td>\n<td class=\"a-span9\"><span class=\"a-size-base po-break-word\">1,5 amp\u00e8res<\/span><\/td>\n<\/tr>\n<tr class=\"a-spacing-small po-maximum_chuck_size\">\n<td class=\"a-span3\"><span class=\"a-size-base a-text-bold\">Taille maximale du mandrin<\/span><\/td>\n<td class=\"a-span9\"><span class=\"a-size-base po-break-word\">10 millim\u00e8tres<\/span><\/td>\n<\/tr>\n<\/tbody>\n<\/table>\n<\/li>\n<\/ul>\n<\/div>\n","protected":false},"excerpt":{"rendered":"<ul class=\"a-unordered-list a-vertical a-spacing-mini\">\n<li><span class=\"a-list-item\">Une bonne perceuse sans fil de 12 volts avec un mandrin de 10 mm a des vitesses \u00e0 vide de 0 \u00e0 400 et de 0 \u00e0 1400 tr \/ min.<\/span><\/li>\n<li><span class=\"a-list-item\">Il dispose d\u2019une puissante batterie Li-ion 12V et d\u2019une poign\u00e9e en forme de pistolet pour un fonctionnement et des performances efficaces.<\/span><\/li>\n<li><span class=\"a-list-item\">Il a un couple de 18 + 1 et une capacit\u00e9 de 1,5 A. Id\u00e9al pour la maison et les entreprises, il est parfait pour le forage dans le bois, le m\u00e9tal, le plastique, le b\u00e9ton, etc.<\/span><\/li>\n<li><span class=\"a-list-item\">Le forfait comprend les accessoires n\u00e9cessaires et une bo\u00eete pour garder les choses organis\u00e9es.<\/span><\/li>\n<li><span class=\"a-list-item\">Entr\u00e9e du chargeur : 100-240 V, 50\/60 Hz, 0,8 A<\/span><\/li>\n<\/ul>\n","protected":false},"featured_media":7621,"comment_status":"open","ping_status":"closed","template":"","meta":{"_bst_post_transparent":"","_bst_post_title":"","_bst_post_layout":"","_bst_post_sidebar_id":"","_bst_post_content_style":"","_bst_post_vertical_padding":"","_bst_post_feature":"","_bst_post_feature_position":"","_bst_post_header":false,"_bst_post_footer":false},"product_brand":[],"product_cat":[156],"product_tag":[],"product_brands":[],"class_list":{"0":"post-8919","1":"product","2":"type-product","3":"status-publish","4":"has-post-thumbnail","6":"product_cat-outillages-et-petits-materiels-a-main","8":"first","9":"instock","10":"shipping-taxable","11":"purchasable","12":"product-type-simple","13":"entry","14":"content-bg","15":"loop-entry"},"_links":{"self":[{"href":"https:\/\/anopri.com\/index.php?rest_route=\/wp\/v2\/product\/8919","targetHints":{"allow":["GET"]}}],"collection":[{"href":"https:\/\/anopri.com\/index.php?rest_route=\/wp\/v2\/product"}],"about":[{"href":"https:\/\/anopri.com\/index.php?rest_route=\/wp\/v2\/types\/product"}],"replies":[{"embeddable":true,"href":"https:\/\/anopri.com\/index.php?rest_route=%2Fwp%2Fv2%2Fcomments&post=8919"}],"wp:featuredmedia":[{"embeddable":true,"href":"https:\/\/anopri.com\/index.php?rest_route=\/wp\/v2\/media\/7621"}],"wp:attachment":[{"href":"https:\/\/anopri.com\/index.php?rest_route=%2Fwp%2Fv2%2Fmedia&parent=8919"}],"wp:term":[{"taxonomy":"product_brand","embeddable":true,"href":"https:\/\/anopri.com\/index.php?rest_route=%2Fwp%2Fv2%2Fproduct_brand&post=8919"},{"taxonomy":"product_cat","embeddable":true,"href":"https:\/\/anopri.com\/index.php?rest_route=%2Fwp%2Fv2%2Fproduct_cat&post=8919"},{"taxonomy":"product_tag","embeddable":true,"href":"https:\/\/anopri.com\/index.php?rest_route=%2Fwp%2Fv2%2Fproduct_tag&post=8919"},{"taxonomy":"product_brands","embeddable":true,"href":"https:\/\/anopri.com\/index.php?rest_route=%2Fwp%2Fv2%2Fproduct_brands&post=8919"}],"curies":[{"name":"wp","href":"https:\/\/api.w.org\/{rel}","templated":true}]}}