{"id":8916,"date":"2026-04-25T13:06:20","date_gmt":"2026-04-25T13:06:20","guid":{"rendered":"https:\/\/anopri.com\/?post_type=product&#038;p=8916"},"modified":"2026-04-25T13:06:26","modified_gmt":"2026-04-25T13:06:26","slug":"horloge-murale-sonam-547-sw-610-x-610-mm","status":"publish","type":"product","link":"https:\/\/anopri.com\/?product=horloge-murale-sonam-547-sw-610-x-610-mm","title":{"rendered":"Horloge Murale Sonam-547 SW  610 x 610 mm"},"content":{"rendered":"<ul class=\"a-unordered-list a-vertical a-spacing-mini\">\n<li><span class=\"a-list-item\"><strong>Type de moment<\/strong> : Tic-toc<\/span><\/li>\n<li><span class=\"a-list-item\">Accrochez dans votre bureau, atelier, salle de classe, cuisine ou partout o\u00f9 la gestion du temps est utile<\/span><\/li>\n<li><span class=\"a-list-item\"><strong>Conseils d&#8217;entretien<\/strong> : nettoyer avec un chiffon humide.<\/span><\/li>\n<li><span class=\"a-list-item\"><strong>Mat\u00e9riau<\/strong> : le cadran est fabriqu\u00e9 en acrylique import\u00e9 de haute qualit\u00e9 tandis que les aiguilles sont en m\u00e9tal import\u00e9, finition brillante.<\/span><\/li>\n<li><span class=\"a-list-item\">Fonctionne sur piles avec une pile AA (non incluse)<\/span><\/li>\n<li>\n<table class=\"responsive-table\">\n<tbody>\n<tr>\n<th>Taille<\/th>\n<td>610 x 610 mm<\/td>\n<\/tr>\n<\/tbody>\n<\/table>\n<\/li>\n<\/ul>\n","protected":false},"excerpt":{"rendered":"<table id=\"productDetails_techSpec_section_1\" class=\"a-keyvalue prodDetTable\" style=\"height: 343px;\" role=\"presentation\" width=\"417\">\n<tbody>\n<tr>\n<th class=\"a-color-secondary a-size-base prodDetSectionEntry\">Marque<\/th>\n<td class=\"a-size-base prodDetAttrValue\">Sonam<\/td>\n<\/tr>\n<tr>\n<th class=\"a-color-secondary a-size-base prodDetSectionEntry\">Couleur<\/th>\n<td class=\"a-size-base prodDetAttrValue\">Couleur de l&#8217;image<\/td>\n<\/tr>\n<tr>\n<th class=\"a-color-secondary a-size-base prodDetSectionEntry\">Type d&#8217;affichage<\/th>\n<td class=\"a-size-base prodDetAttrValue\">\u200eAnalogique<\/td>\n<\/tr>\n<tr>\n<th class=\"a-color-secondary a-size-base prodDetSectionEntry\">Style<\/th>\n<td class=\"a-size-base prodDetAttrValue\">\u200eClassique<\/td>\n<\/tr>\n<tr>\n<th class=\"a-color-secondary a-size-base prodDetSectionEntry\">Source d&#8217;\u00e9nergie<\/th>\n<td class=\"a-size-base prodDetAttrValue\">Aliment\u00e9 par batterie<\/td>\n<\/tr>\n<tr>\n<th class=\"a-color-secondary a-size-base prodDetSectionEntry\">Tranche d&#8217;\u00e2ge (description)<\/th>\n<td class=\"a-size-base prodDetAttrValue\">\u200eAdulte<\/td>\n<\/tr>\n<tr>\n<th class=\"a-color-secondary a-size-base prodDetSectionEntry\">Forme<\/th>\n<td class=\"a-size-base prodDetAttrValue\">Rond<\/td>\n<\/tr>\n<tr>\n<th class=\"a-color-secondary a-size-base prodDetSectionEntry\">Mat\u00e9riel<\/th>\n<td class=\"a-size-base prodDetAttrValue\">\u200ePlastique<\/td>\n<\/tr>\n<tr>\n<th class=\"a-color-secondary a-size-base prodDetSectionEntry\">Th\u00e8me<\/th>\n<td class=\"a-size-base prodDetAttrValue\">\u200eClassique<\/td>\n<\/tr>\n<tr>\n<th class=\"a-color-secondary a-size-base prodDetSectionEntry\">Mat\u00e9riau du cadre<\/th>\n<td class=\"a-size-base prodDetAttrValue\">\u200ePlastique, Acrylique<\/td>\n<\/tr>\n<tr>\n<th class=\"a-color-secondary a-size-base prodDetSectionEntry\">Les piles sont-elles incluses<\/th>\n<td class=\"a-size-base prodDetAttrValue\">Non<\/td>\n<\/tr>\n<tr>\n<th class=\"a-color-secondary a-size-base prodDetSectionEntry\">Type de montage<\/th>\n<td class=\"a-size-base prodDetAttrValue\">Support mural<\/td>\n<\/tr>\n<tr>\n<th class=\"a-color-secondary a-size-base prodDetSectionEntry\">R\u00e9veil<\/th>\n<td class=\"a-size-base prodDetAttrValue\">Non<\/td>\n<\/tr>\n<tr>\n<th class=\"a-color-secondary a-size-base prodDetSectionEntry\">Mouvement de montre<\/th>\n<td class=\"a-size-base prodDetAttrValue\">Quartz<\/td>\n<\/tr>\n<\/tbody>\n<\/table>\n","protected":false},"featured_media":7615,"comment_status":"open","ping_status":"closed","template":"","meta":{"_bst_post_transparent":"","_bst_post_title":"","_bst_post_layout":"","_bst_post_sidebar_id":"","_bst_post_content_style":"","_bst_post_vertical_padding":"","_bst_post_feature":"","_bst_post_feature_position":"","_bst_post_header":false,"_bst_post_footer":false},"product_brand":[],"product_cat":[193,169],"product_tag":[],"product_brands":[],"class_list":{"0":"post-8916","1":"product","2":"type-product","3":"status-publish","4":"has-post-thumbnail","6":"product_cat-horloge-et-pendule","7":"product_cat-ustensiles-gadgets-maison-et-bureau","9":"first","10":"instock","11":"shipping-taxable","12":"purchasable","13":"product-type-simple","14":"entry","15":"content-bg","16":"loop-entry"},"_links":{"self":[{"href":"https:\/\/anopri.com\/index.php?rest_route=\/wp\/v2\/product\/8916","targetHints":{"allow":["GET"]}}],"collection":[{"href":"https:\/\/anopri.com\/index.php?rest_route=\/wp\/v2\/product"}],"about":[{"href":"https:\/\/anopri.com\/index.php?rest_route=\/wp\/v2\/types\/product"}],"replies":[{"embeddable":true,"href":"https:\/\/anopri.com\/index.php?rest_route=%2Fwp%2Fv2%2Fcomments&post=8916"}],"wp:featuredmedia":[{"embeddable":true,"href":"https:\/\/anopri.com\/index.php?rest_route=\/wp\/v2\/media\/7615"}],"wp:attachment":[{"href":"https:\/\/anopri.com\/index.php?rest_route=%2Fwp%2Fv2%2Fmedia&parent=8916"}],"wp:term":[{"taxonomy":"product_brand","embeddable":true,"href":"https:\/\/anopri.com\/index.php?rest_route=%2Fwp%2Fv2%2Fproduct_brand&post=8916"},{"taxonomy":"product_cat","embeddable":true,"href":"https:\/\/anopri.com\/index.php?rest_route=%2Fwp%2Fv2%2Fproduct_cat&post=8916"},{"taxonomy":"product_tag","embeddable":true,"href":"https:\/\/anopri.com\/index.php?rest_route=%2Fwp%2Fv2%2Fproduct_tag&post=8916"},{"taxonomy":"product_brands","embeddable":true,"href":"https:\/\/anopri.com\/index.php?rest_route=%2Fwp%2Fv2%2Fproduct_brands&post=8916"}],"curies":[{"name":"wp","href":"https:\/\/api.w.org\/{rel}","templated":true}]}}