{"id":8905,"date":"2026-04-25T13:06:19","date_gmt":"2026-04-25T13:06:19","guid":{"rendered":"https:\/\/anopri.com\/?post_type=product&#038;p=8905"},"modified":"2026-04-25T13:06:23","modified_gmt":"2026-04-25T13:06:23","slug":"moulinex-blender-1-75l-500w-lm242b27","status":"publish","type":"product","link":"https:\/\/anopri.com\/?product=moulinex-blender-1-75l-500w-lm242b27","title":{"rendered":"Moulinex Blender 1.75L  500W \u2013 LM242B27"},"content":{"rendered":"<p><strong>Moulinex<\/strong>\u00a0\u00a0lm242b27 permet de varier les plaisirs du quotidien tout en s&#8217;amusant \u00e0 cuisiner de bons plats.\u00a0votre temps pass\u00e9 en cuisine devient facile avec des produits simples d&#8217;utilisation et efficaces adapt\u00e9s \u00e0 votre vie moderne.\u00a0Moulinex innove et se r\u00e9invente sans cesse pour vous proposer des produits pens\u00e9s pour tous vos besoins quotidiens.\u00a0notre objectif chez\u00a0<strong>Moulinex<\/strong>\u00a0c&#8217;est faciliter et enrichir votre quotidien.\u00a0nous y parvenons en cr\u00e9ant de nouveaux produits et services qui rendent la vie domestique plus agr\u00e9able, plus harmonieuse et plus \u00e9panouissante.\u00a0Avec le v\u00e9ritable m\u00e9langeur de cuisine Moulinex, profitez d&#8217;une commodit\u00e9 totale et de r\u00e9sultats rapides et uniformes pour tous vos besoins en mati\u00e8re de m\u00e9lange, des jus et smoothies aux soupes et sauces.\u00a0r\u00e9sistant, robuste et fait pour durer, il est con\u00e7u et fabriqu\u00e9 en France, pour un gage de qualit\u00e9 et d&#8217;excellence !\u00a0vitesse unique plus une fonction d&#8217;impulsion pratique avec quatre lames fixes : d\u00e9bit et performance des aliments am\u00e9lior\u00e9s.\u00a0Capacit\u00e9 de 1,75 l avec rep\u00e8res de mesure pratiques Puissant : Gobelet doseur de 500 W : parfait pour ajouter de petites quantit\u00e9s pendant le mixage.<\/p>\n","protected":false},"excerpt":{"rendered":"<ul class=\"a-unordered-list a-vertical a-spacing-none\">\n<li class=\"a-spacing-small\"><span class=\"a-list-item a-size-base\"><strong>V\u00e9ritable mixeur de cuisine :<\/strong>\u00a0Plus de 45 ans d&#8217;expertise fran\u00e7aise Mixeur alimentaire robuste : Lames en acier inoxydable avec mat\u00e9riau Telkom pour des performances durables<\/span><\/li>\n<li class=\"a-spacing-small\"><span class=\"a-list-item a-size-base\"><strong>Fabriqu\u00e9 en France depuis 1972 Accessoires en acier inoxydable :<\/strong>\u00a0Moulin durable, facile \u00e0 nettoyer et sans odeur : Broyez des noix, des c\u00e9r\u00e9ales, des \u00e9pices et bien plus encore<\/span><\/li>\n<li class=\"a-spacing-small\"><span class=\"a-list-item a-size-base\"><strong>R\u00e2pe :<\/strong>\u00a0R\u00e2pez tout, du parmesan \u00e0 la noix de coco et au chocolat Con\u00e7u pour durer : Fibres de verre sur le conducteur pour rendre votre mixeur plus robuste dans le temps<\/span><\/li>\n<li class=\"a-spacing-small\"><span class=\"a-list-item a-size-base\"><strong>R\u00e9sultats homog\u00e8nes :<\/strong>\u00a0Une seule vitesse plus une fonction pratique d&#8217;impulsion Quatre lames fixes : Am\u00e9lioration du d\u00e9bit et des performances des aliments<\/span><\/li>\n<li class=\"a-spacing-small\"><span class=\"a-list-item a-size-base\"><strong>Grande capacit\u00e9 du bol :<\/strong>\u00a0capacit\u00e9 de 1,75 L avec rep\u00e8res de mesure pratiques Puissant : 500 W Gobelet doseur : parfait pour ajouter de petites quantit\u00e9s pendant le mixage<\/span><\/li>\n<\/ul>\n","protected":false},"featured_media":7585,"comment_status":"open","ping_status":"closed","template":"","meta":{"_bst_post_transparent":"","_bst_post_title":"","_bst_post_layout":"","_bst_post_sidebar_id":"","_bst_post_content_style":"","_bst_post_vertical_padding":"","_bst_post_feature":"","_bst_post_feature_position":"","_bst_post_header":false,"_bst_post_footer":false},"product_brand":[],"product_cat":[145,182],"product_tag":[],"product_brands":[],"class_list":{"0":"post-8905","1":"product","2":"type-product","3":"status-publish","4":"has-post-thumbnail","6":"product_cat-electromenager","7":"product_cat-mixeurs-blenders","9":"first","10":"instock","11":"shipping-taxable","12":"purchasable","13":"product-type-simple","14":"entry","15":"content-bg","16":"loop-entry"},"_links":{"self":[{"href":"https:\/\/anopri.com\/index.php?rest_route=\/wp\/v2\/product\/8905","targetHints":{"allow":["GET"]}}],"collection":[{"href":"https:\/\/anopri.com\/index.php?rest_route=\/wp\/v2\/product"}],"about":[{"href":"https:\/\/anopri.com\/index.php?rest_route=\/wp\/v2\/types\/product"}],"replies":[{"embeddable":true,"href":"https:\/\/anopri.com\/index.php?rest_route=%2Fwp%2Fv2%2Fcomments&post=8905"}],"wp:featuredmedia":[{"embeddable":true,"href":"https:\/\/anopri.com\/index.php?rest_route=\/wp\/v2\/media\/7585"}],"wp:attachment":[{"href":"https:\/\/anopri.com\/index.php?rest_route=%2Fwp%2Fv2%2Fmedia&parent=8905"}],"wp:term":[{"taxonomy":"product_brand","embeddable":true,"href":"https:\/\/anopri.com\/index.php?rest_route=%2Fwp%2Fv2%2Fproduct_brand&post=8905"},{"taxonomy":"product_cat","embeddable":true,"href":"https:\/\/anopri.com\/index.php?rest_route=%2Fwp%2Fv2%2Fproduct_cat&post=8905"},{"taxonomy":"product_tag","embeddable":true,"href":"https:\/\/anopri.com\/index.php?rest_route=%2Fwp%2Fv2%2Fproduct_tag&post=8905"},{"taxonomy":"product_brands","embeddable":true,"href":"https:\/\/anopri.com\/index.php?rest_route=%2Fwp%2Fv2%2Fproduct_brands&post=8905"}],"curies":[{"name":"wp","href":"https:\/\/api.w.org\/{rel}","templated":true}]}}