{"id":8888,"date":"2026-04-25T13:06:11","date_gmt":"2026-04-25T13:06:11","guid":{"rendered":"https:\/\/anopri.com\/?post_type=product&#038;p=8888"},"modified":"2026-04-25T13:06:16","modified_gmt":"2026-04-25T13:06:16","slug":"ecouteurs-lenovo-sans-fil-bluetooth-he05","status":"publish","type":"product","link":"https:\/\/anopri.com\/?product=ecouteurs-lenovo-sans-fil-bluetooth-he05","title":{"rendered":"Ecouteurs Lenovo sans fil Bluetooth HE05"},"content":{"rendered":"<dl class=\"f-productProperties__item\">\n<dt class=\"f-productProperties__term\">Type de casque: Ecouteurs<\/dt>\n<\/dl>\n<dl class=\"f-productProperties__item\">\n<dt class=\"f-productProperties__term\">Communication sans fil: Bluetooth<\/dt>\n<\/dl>\n<dl class=\"f-productProperties__item\">\n<dt class=\"f-productProperties__term\">Mode de connexion: Sans fil<\/dt>\n<\/dl>\n<dl class=\"f-productProperties__item\">\n<dt class=\"f-productProperties__term\">Coloris: Noir<\/dt>\n<\/dl>\n","protected":false},"excerpt":{"rendered":"<p>\u00c9couteurs Bluetooth d&#8217;origine Lenovo HE05 Wireless Magnetic SportEarphone<br \/>\nCaract\u00e9ristiques\u00a0:<br \/>\n&#8211; \u00c9quip\u00e9 d&#8217;un lecteur de 8 mm pour offrir un son \u00e9poustouflant pour une exp\u00e9rience d&#8217;\u00e9coute agr\u00e9able.<br \/>\n&#8211; Batterie int\u00e9gr\u00e9e de grande capacit\u00e9 pour jusqu&#8217;\u00e0 12 heures de temps de travail et Autonomie en veille de 7 jours.<br \/>\n&#8211; Fonctionne avec les puces Bluetooth 5.0 pour assurer une connexion stable et rapide.<br \/>\n&#8211; Le taux d&#8217;\u00e9tanch\u00e9it\u00e9 IPX5 peut \u00e9loigner la pluie et la transpiration<br \/>\n&#8211; \u00c9couteurs de conception ergonomique pour un confort de longue dur\u00e9e.&lt; br&gt;- Microphone antibruit CVC<br \/>\n&#8211; Conception magn\u00e9tique pour un rangement facile<br \/>\nSp\u00e9cifications :<br \/>\n&#8211; Mod\u00e8le : \u00e9couteurs Bluetooth Lenovo HE05<br \/>\n&#8211; Version BT : \u00e9couteurs Bluetooth 5.0<br \/>\n&#8211; Mat\u00e9riau : m\u00e9tal, silicone, TPE<br \/>\n&#8211; Distance de transmission : 10m (accessible)<br \/>\n&#8211; Etanche :\u00c9couteurs sport \u00e9tanches IPX5<br \/>\n&#8211; Antipoussi\u00e8re : IP6X<br \/>\n&#8211; Batterie : 3,7V \/ 80mAh<br \/>\n&#8211; Temps de fonctionnement : environ 8 heures<br \/>\n&#8211; Autonomie en veille : environ 120 heures<br \/>\n&#8211; Temps de charge : environ 2 heures<br \/>\n&#8211; Couleur\u00a0: noir, rouge, blanc (en option)<br \/>\n&#8211; Diam\u00e8tre du pavillon\u00a0: 10\u00a0mm<br \/>\n&#8211; Sensibilit\u00e9 du haut-parleur\u00a0: 98\u00a0dB<br \/>\n&#8211; Plage de r\u00e9ponse en fr\u00e9quence\u00a0: 20-20 kHz<\/p>\n","protected":false},"featured_media":7538,"comment_status":"closed","ping_status":"closed","template":"","meta":{"_bst_post_transparent":"","_bst_post_title":"","_bst_post_layout":"","_bst_post_sidebar_id":"","_bst_post_content_style":"","_bst_post_vertical_padding":"","_bst_post_feature":"","_bst_post_feature_position":"","_bst_post_header":false,"_bst_post_footer":false},"product_brand":[],"product_cat":[183,152],"product_tag":[],"product_brands":[],"class_list":{"0":"post-8888","1":"product","2":"type-product","3":"status-publish","4":"has-post-thumbnail","6":"product_cat-ecouteurs-et-casque","7":"product_cat-telephones-accessoires","9":"first","10":"outofstock","11":"shipping-taxable","12":"purchasable","13":"product-type-simple","14":"entry","15":"content-bg","16":"loop-entry"},"_links":{"self":[{"href":"https:\/\/anopri.com\/index.php?rest_route=\/wp\/v2\/product\/8888","targetHints":{"allow":["GET"]}}],"collection":[{"href":"https:\/\/anopri.com\/index.php?rest_route=\/wp\/v2\/product"}],"about":[{"href":"https:\/\/anopri.com\/index.php?rest_route=\/wp\/v2\/types\/product"}],"replies":[{"embeddable":true,"href":"https:\/\/anopri.com\/index.php?rest_route=%2Fwp%2Fv2%2Fcomments&post=8888"}],"wp:featuredmedia":[{"embeddable":true,"href":"https:\/\/anopri.com\/index.php?rest_route=\/wp\/v2\/media\/7538"}],"wp:attachment":[{"href":"https:\/\/anopri.com\/index.php?rest_route=%2Fwp%2Fv2%2Fmedia&parent=8888"}],"wp:term":[{"taxonomy":"product_brand","embeddable":true,"href":"https:\/\/anopri.com\/index.php?rest_route=%2Fwp%2Fv2%2Fproduct_brand&post=8888"},{"taxonomy":"product_cat","embeddable":true,"href":"https:\/\/anopri.com\/index.php?rest_route=%2Fwp%2Fv2%2Fproduct_cat&post=8888"},{"taxonomy":"product_tag","embeddable":true,"href":"https:\/\/anopri.com\/index.php?rest_route=%2Fwp%2Fv2%2Fproduct_tag&post=8888"},{"taxonomy":"product_brands","embeddable":true,"href":"https:\/\/anopri.com\/index.php?rest_route=%2Fwp%2Fv2%2Fproduct_brands&post=8888"}],"curies":[{"name":"wp","href":"https:\/\/api.w.org\/{rel}","templated":true}]}}