{"id":8875,"date":"2026-04-25T13:06:11","date_gmt":"2026-04-25T13:06:11","guid":{"rendered":"https:\/\/anopri.com\/?post_type=product&#038;p=8875"},"modified":"2026-04-25T13:06:14","modified_gmt":"2026-04-25T13:06:14","slug":"climatiseur-oscar-osc-s24w-3cv-24000-btu-blanc","status":"publish","type":"product","link":"https:\/\/anopri.com\/?product=climatiseur-oscar-osc-s24w-3cv-24000-btu-blanc","title":{"rendered":"Climatiseur OSCAR OSC-S24W &#8211; 3Cv &#8211; 24000 BTU &#8211; blanc"},"content":{"rendered":"<p>Le climatiseur\u00a0<strong>split\u00a0 OSCAR\u00a0<\/strong>Inverter 24 000 BTU\u00a0<strong>OSC-S24W<\/strong>\u00a0refroidissement en 2 \u00e9tapes. Tout d&#8217;abord, la machine\u00a0<strong>refroidira imm\u00e9diatement<\/strong>\u00a0avec le mode de refroidissement rapide. Apr\u00e8s cela, la machine s&#8217;ajustera automatiquement au mode de refroidissement confortable pour maintenir la temp\u00e9rature d\u00e9sir\u00e9e sans avoir \u00e0 changer constamment les r\u00e9glages. En cons\u00e9quence, le climatiseur maintiendra la temp\u00e9rature r\u00e9gl\u00e9e, contribuera \u00e0 prolonger la dur\u00e9e de vie de la machine et r\u00e9duira consid\u00e9rablement la quantit\u00e9 d&#8217;\u00e9lectricit\u00e9 consomm\u00e9e.<\/p>\n","protected":false},"excerpt":{"rendered":"<ul>\n<li><strong>Type produit :<\/strong>\u00a0Climatiseur spilt<\/li>\n<li><strong>Marque:<\/strong>\u00a0OSCAR<\/li>\n<li><strong>Cat\u00e9gorie<\/strong>: Electrom\u00e9nager<\/li>\n<li><strong>Mod\u00e8le:<\/strong>\u00a0OSC-S24W<\/li>\n<li><strong>Puissance :<\/strong>\u00a03 Cv<\/li>\n<li><strong>Capacit\u00e9 de refroidissement\u202f:<\/strong>\u00a024000 BTU\/h<\/li>\n<li><strong>Tension fr\u00e9quence\u00a0:<\/strong>\u00a0220V-240V\/50Hz<\/li>\n<li><strong>R\u00e9frig\u00e9rant\/charge :<\/strong>\u00a0R22\/1.100Kg<\/li>\n<li><strong>Courant de refroidissement nominal :<\/strong>\u00a011.45A<\/li>\n<li><strong>Courant d\u2019entr\u00e9e maximum :\u00a0<\/strong>15.6A<\/li>\n<li><strong>Volume d\u2019air int\u00e9rieur :<\/strong>\u00a0780m3\/h<\/li>\n<li><strong>Puissance de refroidissement nominal :<\/strong>\u00a02450W<\/li>\n<li><strong>Puissance d\u2019entr\u00e9e maximum :<\/strong>\u00a03250W<\/li>\n<li><strong>Pression maximale en d\u00e9charge :<\/strong>\u00a02.8MPa<\/li>\n<li><strong>Pression maximale en aspiration :<\/strong>\u00a01.2MPa<\/li>\n<li><strong>Bruit int\u00e9rieur :<\/strong>\u00a048dB(A)<\/li>\n<li><strong>Bruit ext\u00e9rieur<\/strong>\u00a0: 59dB(A)<\/li>\n<li><strong>Masse unit\u00e9 int\u00e9rieure :<\/strong>\u00a010Kg<\/li>\n<li><strong>Masse unit\u00e9 ext\u00e9rieure :<\/strong>\u00a045Kg<\/li>\n<li><strong>Couleur :<\/strong>\u00a0blanc<\/li>\n<li><strong>Garantie<\/strong>: 6 mois<\/li>\n<\/ul>\n","protected":false},"featured_media":7512,"comment_status":"open","ping_status":"closed","template":"","meta":{"_bst_post_transparent":"","_bst_post_title":"","_bst_post_layout":"","_bst_post_sidebar_id":"","_bst_post_content_style":"","_bst_post_vertical_padding":"","_bst_post_feature":"","_bst_post_feature_position":"","_bst_post_header":false,"_bst_post_footer":false},"product_brand":[],"product_cat":[164,160],"product_tag":[],"product_brands":[],"class_list":{"0":"post-8875","1":"product","2":"type-product","3":"status-publish","4":"has-post-thumbnail","6":"product_cat-climatiseurs","7":"product_cat-climatiseurs-ventilateurs","9":"first","10":"instock","11":"shipping-taxable","12":"purchasable","13":"product-type-simple","14":"entry","15":"content-bg","16":"loop-entry"},"_links":{"self":[{"href":"https:\/\/anopri.com\/index.php?rest_route=\/wp\/v2\/product\/8875","targetHints":{"allow":["GET"]}}],"collection":[{"href":"https:\/\/anopri.com\/index.php?rest_route=\/wp\/v2\/product"}],"about":[{"href":"https:\/\/anopri.com\/index.php?rest_route=\/wp\/v2\/types\/product"}],"replies":[{"embeddable":true,"href":"https:\/\/anopri.com\/index.php?rest_route=%2Fwp%2Fv2%2Fcomments&post=8875"}],"wp:featuredmedia":[{"embeddable":true,"href":"https:\/\/anopri.com\/index.php?rest_route=\/wp\/v2\/media\/7512"}],"wp:attachment":[{"href":"https:\/\/anopri.com\/index.php?rest_route=%2Fwp%2Fv2%2Fmedia&parent=8875"}],"wp:term":[{"taxonomy":"product_brand","embeddable":true,"href":"https:\/\/anopri.com\/index.php?rest_route=%2Fwp%2Fv2%2Fproduct_brand&post=8875"},{"taxonomy":"product_cat","embeddable":true,"href":"https:\/\/anopri.com\/index.php?rest_route=%2Fwp%2Fv2%2Fproduct_cat&post=8875"},{"taxonomy":"product_tag","embeddable":true,"href":"https:\/\/anopri.com\/index.php?rest_route=%2Fwp%2Fv2%2Fproduct_tag&post=8875"},{"taxonomy":"product_brands","embeddable":true,"href":"https:\/\/anopri.com\/index.php?rest_route=%2Fwp%2Fv2%2Fproduct_brands&post=8875"}],"curies":[{"name":"wp","href":"https:\/\/api.w.org\/{rel}","templated":true}]}}