{"id":8872,"date":"2026-04-25T13:06:10","date_gmt":"2026-04-25T13:06:10","guid":{"rendered":"https:\/\/anopri.com\/?post_type=product&#038;p=8872"},"modified":"2026-04-25T13:06:14","modified_gmt":"2026-04-25T13:06:14","slug":"bouilloire-electrique-oscar-18l","status":"publish","type":"product","link":"https:\/\/anopri.com\/?product=bouilloire-electrique-oscar-18l","title":{"rendered":"Bouilloire \u00e9lectrique &#8211; oscar 1,8L"},"content":{"rendered":"<p>Offrez cette bouilloire \u00e9lectrique rapide et simple \u00e0 utiliser l\u2019int\u00e9rieur est en inox de haute qualit\u00e9 inoxydable\u00a0 avec le bouton marche arr\u00eat sur la manche. Peut contenir jusqu\u2019\u00e0 1,8L litres d\u2019eau, sa puissance est de 1500W<\/p>\n","protected":false},"excerpt":{"rendered":"<p>Type de produit : Bouilloire de marque Oscar<br \/>\nType de Produit : Bouilloire Electrique<br \/>\nCapacit\u00e9 : 1,8 Litres<br \/>\nMati\u00e8re :Inox<br \/>\nPuissance: 1500 Watts<br \/>\nTension: 220 V<br \/>\nFr\u00e9quence: 50 Hz<br \/>\nProtection de s\u00e9curit\u00e9<br \/>\nCorps en acier inoxydable<br \/>\nRotation de la base \u00e0 360 degr\u00e9s<br \/>\n06 Mois garantie<\/p>\n","protected":false},"featured_media":7506,"comment_status":"open","ping_status":"closed","template":"","meta":{"_bst_post_transparent":"","_bst_post_title":"","_bst_post_layout":"","_bst_post_sidebar_id":"","_bst_post_content_style":"","_bst_post_vertical_padding":"","_bst_post_feature":"","_bst_post_feature_position":"","_bst_post_header":false,"_bst_post_footer":false},"product_brand":[],"product_cat":[155],"product_tag":[],"product_brands":[],"class_list":{"0":"post-8872","1":"product","2":"type-product","3":"status-publish","4":"has-post-thumbnail","6":"product_cat-bouilloire-electrique","8":"first","9":"instock","10":"shipping-taxable","11":"purchasable","12":"product-type-simple","13":"entry","14":"content-bg","15":"loop-entry"},"_links":{"self":[{"href":"https:\/\/anopri.com\/index.php?rest_route=\/wp\/v2\/product\/8872","targetHints":{"allow":["GET"]}}],"collection":[{"href":"https:\/\/anopri.com\/index.php?rest_route=\/wp\/v2\/product"}],"about":[{"href":"https:\/\/anopri.com\/index.php?rest_route=\/wp\/v2\/types\/product"}],"replies":[{"embeddable":true,"href":"https:\/\/anopri.com\/index.php?rest_route=%2Fwp%2Fv2%2Fcomments&post=8872"}],"wp:featuredmedia":[{"embeddable":true,"href":"https:\/\/anopri.com\/index.php?rest_route=\/wp\/v2\/media\/7506"}],"wp:attachment":[{"href":"https:\/\/anopri.com\/index.php?rest_route=%2Fwp%2Fv2%2Fmedia&parent=8872"}],"wp:term":[{"taxonomy":"product_brand","embeddable":true,"href":"https:\/\/anopri.com\/index.php?rest_route=%2Fwp%2Fv2%2Fproduct_brand&post=8872"},{"taxonomy":"product_cat","embeddable":true,"href":"https:\/\/anopri.com\/index.php?rest_route=%2Fwp%2Fv2%2Fproduct_cat&post=8872"},{"taxonomy":"product_tag","embeddable":true,"href":"https:\/\/anopri.com\/index.php?rest_route=%2Fwp%2Fv2%2Fproduct_tag&post=8872"},{"taxonomy":"product_brands","embeddable":true,"href":"https:\/\/anopri.com\/index.php?rest_route=%2Fwp%2Fv2%2Fproduct_brands&post=8872"}],"curies":[{"name":"wp","href":"https:\/\/api.w.org\/{rel}","templated":true}]}}