{"id":8869,"date":"2026-04-25T13:06:10","date_gmt":"2026-04-25T13:06:10","guid":{"rendered":"https:\/\/anopri.com\/?post_type=product&#038;p=8869"},"modified":"2026-04-25T13:06:13","modified_gmt":"2026-04-25T13:06:13","slug":"bouilloire-electrique-royal-swiss-2l-en-acier-inoxydable","status":"publish","type":"product","link":"https:\/\/anopri.com\/?product=bouilloire-electrique-royal-swiss-2l-en-acier-inoxydable","title":{"rendered":"Bouilloire \u00c9lectrique Royal Swiss, 2L, En Acier Inoxydable"},"content":{"rendered":"<p>Bouilloire \u00e9lectrique Royal swiss RS-EK01, 2.0 L est parfaite pour vos besoins quotidiens \u00e0 la maison. \u00c9l\u00e9ment chauffant dissimul\u00e9, ouverture large pour un service facile et arr\u00eat automatique sont quelques-uns des points forts de ce produit. Le corps en acier inoxydable ajoute \u00e0 l&#8217;apparence super \u00e9l\u00e9gante.<\/p>\n<p>Vous avez envie d&#8217;une d\u00e9licieuse tasse de th\u00e9 ou d&#8217;un bouillon ? Cette bouilloire vous aide rapidement \u00e0 chauffer l&#8217;eau et plus encore. Il s&#8217;agit d&#8217;une bouilloire en acier inoxydable facile \u00e0 utiliser, il suffit de la remplir et de la fixer \u00e0 la base chauffante. Cette bouilloire est \u00e9galement un excellent compagnon \u00e0 avoir dans la cuisine, avec sa pr\u00e9sence \u00e0 la fois raffin\u00e9e et discr\u00e8te<\/p>\n","protected":false},"excerpt":{"rendered":"<p><strong>Bouilloires \u00e9lectriques<\/strong><br \/>\n<strong>Marque\u00a0<\/strong>: Royale Swiss<br \/>\n<strong>Mod\u00e8le<\/strong>\u00a0: RS-EK01<br \/>\n<strong>Couleur\/\u00a0Mat\u00e9riau<\/strong>: Acier inoxydable<br \/>\n<strong>Puissance<\/strong> 2000 W<br \/>\n<strong>Capacit\u00e9 2 L<\/strong><br \/>\n<strong>\u00c9bullition rapide 800<\/strong><br \/>\n<strong>Convient \u00e0<\/strong>\u00a0: Eau, Th\u00e9 &amp; Soupes<\/p>\n","protected":false},"featured_media":7499,"comment_status":"open","ping_status":"closed","template":"","meta":{"_bst_post_transparent":"","_bst_post_title":"","_bst_post_layout":"","_bst_post_sidebar_id":"","_bst_post_content_style":"","_bst_post_vertical_padding":"","_bst_post_feature":"","_bst_post_feature_position":"","_bst_post_header":false,"_bst_post_footer":false},"product_brand":[],"product_cat":[155,145],"product_tag":[],"product_brands":[],"class_list":{"0":"post-8869","1":"product","2":"type-product","3":"status-publish","4":"has-post-thumbnail","6":"product_cat-bouilloire-electrique","7":"product_cat-electromenager","9":"first","10":"instock","11":"shipping-taxable","12":"purchasable","13":"product-type-simple","14":"entry","15":"content-bg","16":"loop-entry"},"_links":{"self":[{"href":"https:\/\/anopri.com\/index.php?rest_route=\/wp\/v2\/product\/8869","targetHints":{"allow":["GET"]}}],"collection":[{"href":"https:\/\/anopri.com\/index.php?rest_route=\/wp\/v2\/product"}],"about":[{"href":"https:\/\/anopri.com\/index.php?rest_route=\/wp\/v2\/types\/product"}],"replies":[{"embeddable":true,"href":"https:\/\/anopri.com\/index.php?rest_route=%2Fwp%2Fv2%2Fcomments&post=8869"}],"wp:featuredmedia":[{"embeddable":true,"href":"https:\/\/anopri.com\/index.php?rest_route=\/wp\/v2\/media\/7499"}],"wp:attachment":[{"href":"https:\/\/anopri.com\/index.php?rest_route=%2Fwp%2Fv2%2Fmedia&parent=8869"}],"wp:term":[{"taxonomy":"product_brand","embeddable":true,"href":"https:\/\/anopri.com\/index.php?rest_route=%2Fwp%2Fv2%2Fproduct_brand&post=8869"},{"taxonomy":"product_cat","embeddable":true,"href":"https:\/\/anopri.com\/index.php?rest_route=%2Fwp%2Fv2%2Fproduct_cat&post=8869"},{"taxonomy":"product_tag","embeddable":true,"href":"https:\/\/anopri.com\/index.php?rest_route=%2Fwp%2Fv2%2Fproduct_tag&post=8869"},{"taxonomy":"product_brands","embeddable":true,"href":"https:\/\/anopri.com\/index.php?rest_route=%2Fwp%2Fv2%2Fproduct_brands&post=8869"}],"curies":[{"name":"wp","href":"https:\/\/api.w.org\/{rel}","templated":true}]}}