{"id":8866,"date":"2026-04-25T13:06:10","date_gmt":"2026-04-25T13:06:10","guid":{"rendered":"https:\/\/anopri.com\/?post_type=product&#038;p=8866"},"modified":"2026-04-25T13:06:13","modified_gmt":"2026-04-25T13:06:13","slug":"cuisiniere-a-gaz-04-foyers-oscar-argentee-60x50-cm","status":"publish","type":"product","link":"https:\/\/anopri.com\/?product=cuisiniere-a-gaz-04-foyers-oscar-argentee-60x50-cm","title":{"rendered":"Cuisini\u00e8re \u00e0 Gaz &#8211; 04 FOyers &#8211; Oscar &#8211; Argent\u00e9e &#8211; 60&#215;50 Cm"},"content":{"rendered":"","protected":false},"excerpt":{"rendered":"<p><span style=\"font-family: arial; font-size: medium;\"><span style=\"vertical-align: inherit;\"><span style=\"vertical-align: inherit;\">Type de produits :ELECTROMENAGER<\/span><\/span><\/span><\/p>\n<div><span style=\"font-family: arial; font-size: medium;\"><span style=\"vertical-align: inherit;\"><span style=\"vertical-align: inherit;\">marque :Oscar<\/span><\/span><\/span><\/div>\n<div><span style=\"font-family: arial; font-size: medium;\"><span style=\"vertical-align: inherit;\"><span style=\"vertical-align: inherit;\">caract\u00e9ristiques : cuisini\u00e8re<\/span><\/span><\/span><\/div>\n<div><span style=\"font-family: arial; font-size: medium;\"><span style=\"vertical-align: inherit;\"><span style=\"vertical-align: inherit;\">Couvercle : Aluminium<\/span><\/span><\/span><\/div>\n<div><span style=\"font-family: arial; font-size: medium;\"><span style=\"vertical-align: inherit;\"><span style=\"vertical-align: inherit;\">accessoires : 4 FOYERS + UN QUATRE<\/span><\/span><\/span><\/div>\n<div><span style=\"font-family: arial; font-size: medium;\"><span style=\"vertical-align: inherit;\"><span style=\"vertical-align: inherit;\">couleur : Noir<\/span><\/span><\/span><\/div>\n<div><span style=\"font-family: arial; font-size: medium;\"><span style=\"vertical-align: inherit;\"><span style=\"vertical-align: inherit;\">Allumage : manuel<\/span><\/span><\/span><\/div>\n<div><span style=\"font-family: arial; font-size: medium;\"><span style=\"vertical-align: inherit;\"><span style=\"vertical-align: inherit;\">mati\u00e8re : acier inoxydable<\/span><\/span><\/span><\/div>\n<div><span style=\"font-family: arial; font-size: medium;\"><span style=\"vertical-align: inherit;\"><span style=\"vertical-align: inherit;\">dimension : 50 x 60 cm<\/span><\/span><\/span><\/div>\n","protected":false},"featured_media":7489,"comment_status":"open","ping_status":"closed","template":"","meta":{"_bst_post_transparent":"","_bst_post_title":"","_bst_post_layout":"","_bst_post_sidebar_id":"","_bst_post_content_style":"","_bst_post_vertical_padding":"","_bst_post_feature":"","_bst_post_feature_position":"","_bst_post_header":false,"_bst_post_footer":false},"product_brand":[],"product_cat":[151,150],"product_tag":[],"product_brands":[],"class_list":{"0":"post-8866","1":"product","2":"type-product","3":"status-publish","4":"has-post-thumbnail","6":"product_cat-cuisiniere","7":"product_cat-cuisiniere-et-plaque-a-gaz","9":"first","10":"outofstock","11":"shipping-taxable","12":"purchasable","13":"product-type-simple","14":"entry","15":"content-bg","16":"loop-entry"},"_links":{"self":[{"href":"https:\/\/anopri.com\/index.php?rest_route=\/wp\/v2\/product\/8866","targetHints":{"allow":["GET"]}}],"collection":[{"href":"https:\/\/anopri.com\/index.php?rest_route=\/wp\/v2\/product"}],"about":[{"href":"https:\/\/anopri.com\/index.php?rest_route=\/wp\/v2\/types\/product"}],"replies":[{"embeddable":true,"href":"https:\/\/anopri.com\/index.php?rest_route=%2Fwp%2Fv2%2Fcomments&post=8866"}],"wp:featuredmedia":[{"embeddable":true,"href":"https:\/\/anopri.com\/index.php?rest_route=\/wp\/v2\/media\/7489"}],"wp:attachment":[{"href":"https:\/\/anopri.com\/index.php?rest_route=%2Fwp%2Fv2%2Fmedia&parent=8866"}],"wp:term":[{"taxonomy":"product_brand","embeddable":true,"href":"https:\/\/anopri.com\/index.php?rest_route=%2Fwp%2Fv2%2Fproduct_brand&post=8866"},{"taxonomy":"product_cat","embeddable":true,"href":"https:\/\/anopri.com\/index.php?rest_route=%2Fwp%2Fv2%2Fproduct_cat&post=8866"},{"taxonomy":"product_tag","embeddable":true,"href":"https:\/\/anopri.com\/index.php?rest_route=%2Fwp%2Fv2%2Fproduct_tag&post=8866"},{"taxonomy":"product_brands","embeddable":true,"href":"https:\/\/anopri.com\/index.php?rest_route=%2Fwp%2Fv2%2Fproduct_brands&post=8866"}],"curies":[{"name":"wp","href":"https:\/\/api.w.org\/{rel}","templated":true}]}}