{"id":8862,"date":"2026-04-25T13:06:10","date_gmt":"2026-04-25T13:06:10","guid":{"rendered":"https:\/\/anopri.com\/?post_type=product&#038;p=8862"},"modified":"2026-04-25T13:06:12","modified_gmt":"2026-04-25T13:06:12","slug":"machine-a-laver-semi-automatique-roch-5kg-lavage-et-essorage","status":"publish","type":"product","link":"https:\/\/anopri.com\/?product=machine-a-laver-semi-automatique-roch-5kg-lavage-et-essorage","title":{"rendered":"Machine \u00e0 Laver semi automatique Roch &#8211; 5Kg &#8211; Lavage et essorage"},"content":{"rendered":"<p>\u00cates-vous lass\u00e9 de laver les v\u00eatements \u00e0 la main ? Notre machine \u00e0 Laver Semi Automatique avec essorage Roch sera id\u00e9ale pour vous. Peu encombrante, elle n&#8217;est dot\u00e9e que d&#8217;une cuve, avec une capacit\u00e9 de 5Kg. Le minuteur pratique vous permet de fixer le temps de lavage et d\u2019essorage. Elle est fabriqu\u00e9e avec des mat\u00e9riaux plastiques de haute qualit\u00e9 et durables donc pas de risque de rouille, ind\u00e9pendamment du nombre d\u2019utilisation ! Ce nouveau s\u00e8che linge est la solution id\u00e9ale pour faire la lessive dans un environnement compact.<\/p>\n","protected":false},"excerpt":{"rendered":"<p>\u00cates-vous lass\u00e9 de laver les v\u00eatements \u00e0 la main ? Notre machine \u00e0 Laver Semi Automatique avec essorage Roch sera id\u00e9ale pour vous. Peu encombrante, elle n&#8217;est dot\u00e9e que d&#8217;une cuve, avec une capacit\u00e9 de 5Kg. Le minuteur pratique vous permet de fixer le temps de lavage et d\u2019essorage. Elle est fabriqu\u00e9e avec des mat\u00e9riaux plastiques de haute qualit\u00e9 et durables donc pas de risque de rouille, ind\u00e9pendamment du nombre d\u2019utilisation ! Ce nouveau s\u00e8che linge est la solution id\u00e9ale pour faire la lessive dans un environnement compact.<\/p>\n","protected":false},"featured_media":7481,"comment_status":"closed","ping_status":"closed","template":"","meta":{"_bst_post_transparent":"","_bst_post_title":"","_bst_post_layout":"","_bst_post_sidebar_id":"","_bst_post_content_style":"","_bst_post_vertical_padding":"","_bst_post_feature":"","_bst_post_feature_position":"","_bst_post_header":false,"_bst_post_footer":false},"product_brand":[],"product_cat":[168,167],"product_tag":[],"product_brands":[],"class_list":{"0":"post-8862","1":"product","2":"type-product","3":"status-publish","4":"has-post-thumbnail","6":"product_cat-machine-a-laver","7":"product_cat-machine-a-laver-et-seche-linge","9":"first","10":"instock","11":"purchasable","12":"product-type-simple","13":"entry","14":"content-bg","15":"loop-entry"},"_links":{"self":[{"href":"https:\/\/anopri.com\/index.php?rest_route=\/wp\/v2\/product\/8862","targetHints":{"allow":["GET"]}}],"collection":[{"href":"https:\/\/anopri.com\/index.php?rest_route=\/wp\/v2\/product"}],"about":[{"href":"https:\/\/anopri.com\/index.php?rest_route=\/wp\/v2\/types\/product"}],"replies":[{"embeddable":true,"href":"https:\/\/anopri.com\/index.php?rest_route=%2Fwp%2Fv2%2Fcomments&post=8862"}],"wp:featuredmedia":[{"embeddable":true,"href":"https:\/\/anopri.com\/index.php?rest_route=\/wp\/v2\/media\/7481"}],"wp:attachment":[{"href":"https:\/\/anopri.com\/index.php?rest_route=%2Fwp%2Fv2%2Fmedia&parent=8862"}],"wp:term":[{"taxonomy":"product_brand","embeddable":true,"href":"https:\/\/anopri.com\/index.php?rest_route=%2Fwp%2Fv2%2Fproduct_brand&post=8862"},{"taxonomy":"product_cat","embeddable":true,"href":"https:\/\/anopri.com\/index.php?rest_route=%2Fwp%2Fv2%2Fproduct_cat&post=8862"},{"taxonomy":"product_tag","embeddable":true,"href":"https:\/\/anopri.com\/index.php?rest_route=%2Fwp%2Fv2%2Fproduct_tag&post=8862"},{"taxonomy":"product_brands","embeddable":true,"href":"https:\/\/anopri.com\/index.php?rest_route=%2Fwp%2Fv2%2Fproduct_brands&post=8862"}],"curies":[{"name":"wp","href":"https:\/\/api.w.org\/{rel}","templated":true}]}}