{"id":8859,"date":"2026-04-25T13:06:09","date_gmt":"2026-04-25T13:06:09","guid":{"rendered":"https:\/\/anopri.com\/?post_type=product&#038;p=8859"},"modified":"2026-04-25T13:06:11","modified_gmt":"2026-04-25T13:06:11","slug":"extracteur-de-jus-royalty-line-4-en-1-1000-w","status":"publish","type":"product","link":"https:\/\/anopri.com\/?product=extracteur-de-jus-royalty-line-4-en-1-1000-w","title":{"rendered":"Extracteur de jus Royalty Line 4 en 1-1000 W"},"content":{"rendered":"<p>Royalty Line Extracteur de jus avec m\u00e9langeur, hachoir et broyeur<br \/>\nMarque Royalty Line<br \/>\nLigne Royalty RL-PJE-1000.4 : Extracteur de jus avec m\u00e9langeur, hachoir et broyeur<\/p>\n<p>Extracteur de jus multi-usage 4 en 1<br \/>\nBec de remplissage extra-large<br \/>\nBec flexible anti-goutte<br \/>\nHaute stabilit\u00e9<br \/>\nMat\u00e9riaux de qualit\u00e9 alimentaire<br \/>\nRapide &amp; efficace<br \/>\nFiltre 3D ultrafin<br \/>\nFacile \u00e0 nettoyer<br \/>\nRadiateur refroidi antid\u00e9rapant<br \/>\nCommande num\u00e9rique LCD<br \/>\nTrou de retrait int\u00e9gr\u00e9 en acier inoxydable<br \/>\nDispositif de collage \u00e0 fermeture s\u00e9curis\u00e9e<br \/>\nRadiateur plus frais<br \/>\nCommutateur bouton de commande<br \/>\nMoteur sp\u00e9cial 1000W avec protection contre la surchauffe<br \/>\nHachoir \u00e0 verre<br \/>\nVerre blender : 1L<br \/>\nBroyeur<br \/>\nR\u00e9servoir de pulpe: 2.2L<br \/>\n220-240V ~ 50 \/ 60Hz 1000W max<br \/>\nCertification : CE<\/p>\n","protected":false},"excerpt":{"rendered":"<p>&#8216;-Marque : ROYATYLINE\u00a0 \u00a0 \u00a0 \u00a0 \u00a0 \u00a0 \u00a0 \u00a0 \u00a0 \u00a0 \u00a0 \u00a0 \u00a0 \u00a0 \u00a0 \u00a0 \u00a0 \u00a0 \u00a0 \u00a0 \u00a0 \u00a0 \u00a0 \u00a0 \u00a0 \u00a0 \u00a0 \u00a0 \u00a0 \u00a0 \u00a0 \u00a0 \u00a0 \u00a0 \u00a0 \u00a0 \u00a0 \u00a0 \u00a0 \u00a0 \u00a0 \u00a0 \u00a0 \u00a0 \u00a0 \u00a0 \u00a0 \u00a0 \u00a0 \u00a0 \u00a0 \u00a0 \u00a0 \u00a0 \u00a0 \u00a0 \u00a0 \u00a0 \u00a0 \u00a0 \u00a0 \u00a0 \u00a0 \u00a0 \u00a0 \u00a0 \u00a0 \u00a0 \u00a0 \u00a0 \u00a0 \u00a0 \u00a0 \u00a0 \u00a0 \u00a0 \u00a0 \u00a0 \u00a0 \u00a0 \u00a0 \u00a0 \u00a0 \u00a0 \u00a0 \u00a0 \u00a0 \u00a0 \u00a0 \u00a0 \u00a0 \u00a0 \u00a0 \u00a0 \u00a0 \u00a0 \u00a0 \u00a0 \u00a0 \u00a0 \u00a0 \u00a0 \u00a0 \u00a0 \u00a0 \u00a0 \u00a0 \u00a0 \u00a0 \u00a0 \u00a0 \u00a0 \u00a0 \u00a0 \u00a0 \u00a0 \u00a0 \u00a0 \u00a0 \u00a0 \u00a0 \u00a0 \u00a0 \u00a0 \u00a0 \u00a0 \u00a0 \u00a0 \u00a0 \u00a0 \u00a0 \u00a0 \u00a0 \u00a0 \u00a0 \u00a0 \u00a0 \u00a0 \u00a0 \u00a0 \u00a0 \u00a0 \u00a0 \u00a0 \u00a0 \u00a0 \u00a0 \u00a0 \u00a0 \u00a0 \u00a0 \u00a0 \u00a0 \u00a0 \u00a0 \u00a0 \u00a0 \u00a0 \u00a0 \u00a0 \u00a0 \u00a0 \u00a0 \u00a0 \u00a0 \u00a0 \u00a0 \u00a0 \u00a0 \u00a0 \u00a0 -Nom du produit : Centrifugeuse 4 en 1<br \/>\n-Type de produit : Extracteur (centrifugeuse) + Blender + Hachoir + Moulin \u00e0 caf\u00e9<br \/>\n-Cat\u00e9gorie : Petit \u00e9lectrom\u00e9nager<br \/>\n-Puissance \u00e9nerg\u00e9tique : 1000 watts<br \/>\n-Alimentation : 220-240V, 50\/60HZ<br \/>\n-Garantie : 06 mois<br \/>\nType de produit : Extracteur De Jus<br \/>\nCat\u00e9gorie : Electrom\u00e9nager<br \/>\nMod\u00e8le : PJE-1000.4<br \/>\nNombre de bol : 4<br \/>\nBroyeur : 1L<br \/>\nR\u00e9servoir \u00e0 pulpe : 2.2L<br \/>\nDimensions : 20 x 22,8 x 21,1 cm (l x H x P)<br \/>\npoids : 3 kg<br \/>\nCouleur : Gris argent<\/p>\n","protected":false},"featured_media":7474,"comment_status":"closed","ping_status":"closed","template":"","meta":{"_bst_post_transparent":"","_bst_post_title":"","_bst_post_layout":"","_bst_post_sidebar_id":"","_bst_post_content_style":"","_bst_post_vertical_padding":"","_bst_post_feature":"","_bst_post_feature_position":"","_bst_post_header":false,"_bst_post_footer":false},"product_brand":[],"product_cat":[145,182],"product_tag":[],"product_brands":[],"class_list":{"0":"post-8859","1":"product","2":"type-product","3":"status-publish","4":"has-post-thumbnail","6":"product_cat-electromenager","7":"product_cat-mixeurs-blenders","9":"first","10":"instock","11":"sale","12":"purchasable","13":"product-type-simple","14":"entry","15":"content-bg","16":"loop-entry"},"_links":{"self":[{"href":"https:\/\/anopri.com\/index.php?rest_route=\/wp\/v2\/product\/8859","targetHints":{"allow":["GET"]}}],"collection":[{"href":"https:\/\/anopri.com\/index.php?rest_route=\/wp\/v2\/product"}],"about":[{"href":"https:\/\/anopri.com\/index.php?rest_route=\/wp\/v2\/types\/product"}],"replies":[{"embeddable":true,"href":"https:\/\/anopri.com\/index.php?rest_route=%2Fwp%2Fv2%2Fcomments&post=8859"}],"wp:featuredmedia":[{"embeddable":true,"href":"https:\/\/anopri.com\/index.php?rest_route=\/wp\/v2\/media\/7474"}],"wp:attachment":[{"href":"https:\/\/anopri.com\/index.php?rest_route=%2Fwp%2Fv2%2Fmedia&parent=8859"}],"wp:term":[{"taxonomy":"product_brand","embeddable":true,"href":"https:\/\/anopri.com\/index.php?rest_route=%2Fwp%2Fv2%2Fproduct_brand&post=8859"},{"taxonomy":"product_cat","embeddable":true,"href":"https:\/\/anopri.com\/index.php?rest_route=%2Fwp%2Fv2%2Fproduct_cat&post=8859"},{"taxonomy":"product_tag","embeddable":true,"href":"https:\/\/anopri.com\/index.php?rest_route=%2Fwp%2Fv2%2Fproduct_tag&post=8859"},{"taxonomy":"product_brands","embeddable":true,"href":"https:\/\/anopri.com\/index.php?rest_route=%2Fwp%2Fv2%2Fproduct_brands&post=8859"}],"curies":[{"name":"wp","href":"https:\/\/api.w.org\/{rel}","templated":true}]}}