{"id":8858,"date":"2026-04-25T13:06:01","date_gmt":"2026-04-25T13:06:01","guid":{"rendered":"https:\/\/anopri.com\/?post_type=product&#038;p=8858"},"modified":"2026-04-25T13:06:07","modified_gmt":"2026-04-25T13:06:07","slug":"fer-a-repasser-royal-swiss-dm2068-2600w","status":"publish","type":"product","link":"https:\/\/anopri.com\/?product=fer-a-repasser-royal-swiss-dm2068-2600w","title":{"rendered":"Fer a repasser ROYAL SWISS DM2068 &#8211; 2600W"},"content":{"rendered":"<p><span style=\"vertical-align: inherit;\"><span style=\"vertical-align: inherit;\">Le besoin d&#8217;avoir chez soit un fer \u00e0 repasser devient une n\u00e9cessit\u00e9 dont on ne peut plus se passer. <\/span><span style=\"vertical-align: inherit;\">Nous venons vous donner la possibilit\u00e9 de combler le manque chez vous en mati\u00e8re d&#8217;\u00e9lectrom\u00e9nager de qualit\u00e9. <\/span><span style=\"vertical-align: inherit;\">Le fer repasser \u00e0 ROYAL SWISS \u00e0 moindre prix est exactement ce qu&#8217;il vous faut depuis tout ce temps pour une utilisation m\u00e9nag\u00e8re. <\/span><span style=\"vertical-align: inherit;\">Ce fer repasser \u00e0 pas cher est parfait pour vous et pour toute votre famille, il est tr\u00e8s efficace et une fonctionnalit\u00e9 simple et pratique.<\/span><\/span><\/p>\n<p><span style=\"vertical-align: inherit;\"><span style=\"vertical-align: inherit;\">Ce fer repasser \u00e0 moins cher, est super l\u00e9ger et tr\u00e8s facile \u00e0 manier. <\/span><span style=\"vertical-align: inherit;\">Il vous tient bien \u00e0 la main donc pas d&#8217;inqui\u00e9tude \u00e0 se faire pour des accidents lors de son utilisation. <\/span><span style=\"vertical-align: inherit;\">Sa mati\u00e8re en c\u00e9ramique rend sa semelle lisse, ce qui permet au fer de glisser d\u00e9licatement sur votre v\u00eatement. <\/span><span style=\"vertical-align: inherit;\">Son bout pointu vous permettra d&#8217;atteindre facilement n&#8217;importe quel recoin de votre v\u00eatement sans aucun probl\u00e8me. <\/span><span style=\"vertical-align: inherit;\">Sans compter que ce fer d\u00e9froisse parfaitement les v\u00eatements donc les tissus sont \u00e9pais sans aucun probl\u00e8me.<\/span><\/span><\/p>\n<p><span style=\"vertical-align: inherit;\"><span style=\"vertical-align: inherit;\">Gr\u00e2ce \u00e0 sa puissance de 2600W son fonctionnement est parfaitement booster pour un r\u00e9sultat impeccable. <\/span><span style=\"vertical-align: inherit;\">Il alli qualit\u00e9 et efficacit\u00e9 et vous ne risquez pas d&#8217;\u00eatre d\u00e9\u00e7u.<\/span><\/span><\/p>\n","protected":false},"excerpt":{"rendered":"<ul>\n<li><span data-sheets-value=\"{&quot;1&quot;:2,&quot;2&quot;:&quot;&quot;&quot;&quot;Type de produit : Fer a vapeur\\nCat\u00e9gorie : Petit \u00e9lectrom\u00e9nager\\nMat\u00e9riel : ceramique\\nPuissance : 2400W - 2600W\\nSource d'alimentation : AC220V, 50-60HZ&quot;&quot;}\" data-sheets-userformat=\"{&quot;2&quot;:4224,&quot;10&quot;:2,&quot;15&quot;:&quot;Arial&quot;}\"><strong><span style=\"vertical-align: inherit;\"><span style=\"vertical-align: inherit;\">Type de produit :<\/span><\/span><\/strong><span style=\"vertical-align: inherit;\"><span style=\"vertical-align: inherit;\"> \u00a0Fer \u00e0 vapeur<\/span><\/span><br \/>\n<\/span><\/li>\n<li><span data-sheets-value=\"{&quot;1&quot;:2,&quot;2&quot;:&quot;&quot;&quot;&quot;Type de produit : Fer a vapeur\\nCat\u00e9gorie : Petit \u00e9lectrom\u00e9nager\\nMat\u00e9riel : ceramique\\nPuissance : 2400W - 2600W\\nSource d'alimentation : AC220V, 50-60HZ&quot;&quot;}\" data-sheets-userformat=\"{&quot;2&quot;:4224,&quot;10&quot;:2,&quot;15&quot;:&quot;Arial&quot;}\"><strong><span style=\"vertical-align: inherit;\"><span style=\"vertical-align: inherit;\">Cat\u00e9gorie :<\/span><\/span><\/strong><span style=\"vertical-align: inherit;\"><span style=\"vertical-align: inherit;\"> \u00a0Petit \u00e9lectrom\u00e9nager<\/span><\/span><br \/>\n<\/span><\/li>\n<li><span data-sheets-value=\"{&quot;1&quot;:2,&quot;2&quot;:&quot;&quot;&quot;&quot;Type de produit : Fer a vapeur\\nCat\u00e9gorie : Petit \u00e9lectrom\u00e9nager\\nMat\u00e9riel : ceramique\\nPuissance : 2400W - 2600W\\nSource d'alimentation : AC220V, 50-60HZ&quot;&quot;}\" data-sheets-userformat=\"{&quot;2&quot;:4224,&quot;10&quot;:2,&quot;15&quot;:&quot;Arial&quot;}\"><strong><span style=\"vertical-align: inherit;\"><span style=\"vertical-align: inherit;\">Mat\u00e9riel :<\/span><\/span><\/strong><span style=\"vertical-align: inherit;\"><span style=\"vertical-align: inherit;\"> \u00a0c\u00e9ramique<\/span><\/span><br \/>\n<\/span><\/li>\n<li><span data-sheets-value=\"{&quot;1&quot;:2,&quot;2&quot;:&quot;&quot;&quot;&quot;Type de produit : Fer a vapeur\\nCat\u00e9gorie : Petit \u00e9lectrom\u00e9nager\\nMat\u00e9riel : ceramique\\nPuissance : 2400W - 2600W\\nSource d'alimentation : AC220V, 50-60HZ&quot;&quot;}\" data-sheets-userformat=\"{&quot;2&quot;:4224,&quot;10&quot;:2,&quot;15&quot;:&quot;Arial&quot;}\"><strong><span style=\"vertical-align: inherit;\"><span style=\"vertical-align: inherit;\">Puissance :<\/span><\/span><\/strong><span style=\"vertical-align: inherit;\"><span style=\"vertical-align: inherit;\"> \u00a02400W &#8211; 2600W<\/span><\/span><br \/>\n<\/span><\/li>\n<li><span data-sheets-value=\"{&quot;1&quot;:2,&quot;2&quot;:&quot;&quot;&quot;&quot;Type de produit : Fer a vapeur\\nCat\u00e9gorie : Petit \u00e9lectrom\u00e9nager\\nMat\u00e9riel : ceramique\\nPuissance : 2400W - 2600W\\nSource d'alimentation : AC220V, 50-60HZ&quot;&quot;}\" data-sheets-userformat=\"{&quot;2&quot;:4224,&quot;10&quot;:2,&quot;15&quot;:&quot;Arial&quot;}\"><strong><span style=\"vertical-align: inherit;\"><span style=\"vertical-align: inherit;\">Source d&#8217;alimentation :<\/span><\/span><\/strong><span style=\"vertical-align: inherit;\"><span style=\"vertical-align: inherit;\"> \u00a0AC220V, 50-60HZ<\/span><\/span><\/span><\/li>\n<li><span data-sheets-value=\"{&quot;1&quot;:2,&quot;2&quot;:&quot;&quot;&quot;&quot;Type de produit : Fer a vapeur\\nCat\u00e9gorie : Petit \u00e9lectrom\u00e9nager\\nMat\u00e9riel : ceramique\\nPuissance : 2400W - 2600W\\nSource d'alimentation : AC220V, 50-60HZ&quot;&quot;}\" data-sheets-userformat=\"{&quot;2&quot;:4224,&quot;10&quot;:2,&quot;15&quot;:&quot;Arial&quot;}\"><strong><span style=\"vertical-align: inherit;\"><span style=\"vertical-align: inherit;\">Garantie:<\/span><\/span><\/strong><span style=\"vertical-align: inherit;\"><span style=\"vertical-align: inherit;\"> \u00a006 mois<\/span><\/span><\/span><\/li>\n<\/ul>\n","protected":false},"featured_media":7469,"comment_status":"closed","ping_status":"closed","template":"","meta":{"_bst_post_transparent":"","_bst_post_title":"","_bst_post_layout":"","_bst_post_sidebar_id":"","_bst_post_content_style":"","_bst_post_vertical_padding":"","_bst_post_feature":"","_bst_post_feature_position":"","_bst_post_header":false,"_bst_post_footer":false},"product_brand":[],"product_cat":[145,159,178],"product_tag":[],"product_brands":[],"class_list":{"0":"post-8858","1":"product","2":"type-product","3":"status-publish","4":"has-post-thumbnail","6":"product_cat-electromenager","7":"product_cat-fer-a-repasser","8":"product_cat-soldes","10":"first","11":"instock","12":"sale","13":"purchasable","14":"product-type-simple","15":"entry","16":"content-bg","17":"loop-entry"},"_links":{"self":[{"href":"https:\/\/anopri.com\/index.php?rest_route=\/wp\/v2\/product\/8858","targetHints":{"allow":["GET"]}}],"collection":[{"href":"https:\/\/anopri.com\/index.php?rest_route=\/wp\/v2\/product"}],"about":[{"href":"https:\/\/anopri.com\/index.php?rest_route=\/wp\/v2\/types\/product"}],"replies":[{"embeddable":true,"href":"https:\/\/anopri.com\/index.php?rest_route=%2Fwp%2Fv2%2Fcomments&post=8858"}],"wp:featuredmedia":[{"embeddable":true,"href":"https:\/\/anopri.com\/index.php?rest_route=\/wp\/v2\/media\/7469"}],"wp:attachment":[{"href":"https:\/\/anopri.com\/index.php?rest_route=%2Fwp%2Fv2%2Fmedia&parent=8858"}],"wp:term":[{"taxonomy":"product_brand","embeddable":true,"href":"https:\/\/anopri.com\/index.php?rest_route=%2Fwp%2Fv2%2Fproduct_brand&post=8858"},{"taxonomy":"product_cat","embeddable":true,"href":"https:\/\/anopri.com\/index.php?rest_route=%2Fwp%2Fv2%2Fproduct_cat&post=8858"},{"taxonomy":"product_tag","embeddable":true,"href":"https:\/\/anopri.com\/index.php?rest_route=%2Fwp%2Fv2%2Fproduct_tag&post=8858"},{"taxonomy":"product_brands","embeddable":true,"href":"https:\/\/anopri.com\/index.php?rest_route=%2Fwp%2Fv2%2Fproduct_brands&post=8858"}],"curies":[{"name":"wp","href":"https:\/\/api.w.org\/{rel}","templated":true}]}}