{"id":8854,"date":"2026-04-25T13:06:01","date_gmt":"2026-04-25T13:06:01","guid":{"rendered":"https:\/\/anopri.com\/?post_type=product&#038;p=8854"},"modified":"2026-04-25T13:06:06","modified_gmt":"2026-04-25T13:06:06","slug":"pese-bagage-numerique-portable-a08-max-10-kg","status":"publish","type":"product","link":"https:\/\/anopri.com\/?product=pese-bagage-numerique-portable-a08-max-10-kg","title":{"rendered":"P\u00e8se-bagage num\u00e9rique portable A08 Max-10 kg"},"content":{"rendered":"<p>La balance suspendue portable A08 est une solution de pes\u00e9e verticale que vous pouvez facilement emporter partout avec vous. Sa construction robuste en m\u00e9tal moul\u00e9 sous pression avec r\u00e9tro\u00e9clairage LCD, en plastique ABS de haute qualit\u00e9 et crochet de suspension int\u00e9gr\u00e9 en font l&#8217;une des balances les plus polyvalentes du march\u00e9. Id\u00e9al pour tout voyage en voiture, vacances ou tout type de travail li\u00e9 au pesage avec une capacit\u00e9 de poids allant jusqu&#8217;\u00e0 50 kg. Vous pouvez mesurer le poids de presque tous les sacs en un instant, \u00e0 tout moment et en tout lieu<\/p>\n","protected":false},"excerpt":{"rendered":"<p>La balance suspendue portable A08 est une solution de pes\u00e9e verticale que vous pouvez facilement emporter partout avec vous. Sa construction robuste en m\u00e9tal moul\u00e9 sous pression avec r\u00e9tro\u00e9clairage LCD, en plastique ABS de haute qualit\u00e9 et crochet de suspension int\u00e9gr\u00e9 en font l&#8217;une des balances les plus polyvalentes du march\u00e9. Id\u00e9al pour tout voyage en voiture, vacances ou tout type de travail li\u00e9 au pesage avec une capacit\u00e9 de poids allant jusqu&#8217;\u00e0 50 kg. Vous pouvez mesurer le poids de presque tous les sacs en un instant, \u00e0 tout moment et en tout lieu<\/p>\n","protected":false},"featured_media":7460,"comment_status":"closed","ping_status":"closed","template":"","meta":{"_bst_post_transparent":"","_bst_post_title":"","_bst_post_layout":"","_bst_post_sidebar_id":"","_bst_post_content_style":"","_bst_post_vertical_padding":"","_bst_post_feature":"","_bst_post_feature_position":"","_bst_post_header":false,"_bst_post_footer":false},"product_brand":[],"product_cat":[171],"product_tag":[],"product_brands":[],"class_list":{"0":"post-8854","1":"product","2":"type-product","3":"status-publish","4":"has-post-thumbnail","6":"product_cat-balance","8":"first","9":"instock","10":"purchasable","11":"product-type-simple","12":"entry","13":"content-bg","14":"loop-entry"},"_links":{"self":[{"href":"https:\/\/anopri.com\/index.php?rest_route=\/wp\/v2\/product\/8854","targetHints":{"allow":["GET"]}}],"collection":[{"href":"https:\/\/anopri.com\/index.php?rest_route=\/wp\/v2\/product"}],"about":[{"href":"https:\/\/anopri.com\/index.php?rest_route=\/wp\/v2\/types\/product"}],"replies":[{"embeddable":true,"href":"https:\/\/anopri.com\/index.php?rest_route=%2Fwp%2Fv2%2Fcomments&post=8854"}],"wp:featuredmedia":[{"embeddable":true,"href":"https:\/\/anopri.com\/index.php?rest_route=\/wp\/v2\/media\/7460"}],"wp:attachment":[{"href":"https:\/\/anopri.com\/index.php?rest_route=%2Fwp%2Fv2%2Fmedia&parent=8854"}],"wp:term":[{"taxonomy":"product_brand","embeddable":true,"href":"https:\/\/anopri.com\/index.php?rest_route=%2Fwp%2Fv2%2Fproduct_brand&post=8854"},{"taxonomy":"product_cat","embeddable":true,"href":"https:\/\/anopri.com\/index.php?rest_route=%2Fwp%2Fv2%2Fproduct_cat&post=8854"},{"taxonomy":"product_tag","embeddable":true,"href":"https:\/\/anopri.com\/index.php?rest_route=%2Fwp%2Fv2%2Fproduct_tag&post=8854"},{"taxonomy":"product_brands","embeddable":true,"href":"https:\/\/anopri.com\/index.php?rest_route=%2Fwp%2Fv2%2Fproduct_brands&post=8854"}],"curies":[{"name":"wp","href":"https:\/\/api.w.org\/{rel}","templated":true}]}}