{"id":8851,"date":"2026-04-25T13:06:01","date_gmt":"2026-04-25T13:06:01","guid":{"rendered":"https:\/\/anopri.com\/?post_type=product&#038;p=8851"},"modified":"2026-04-25T13:06:06","modified_gmt":"2026-04-25T13:06:06","slug":"micro-onde-sharp-20l-r-20cts","status":"publish","type":"product","link":"https:\/\/anopri.com\/?product=micro-onde-sharp-20l-r-20cts","title":{"rendered":"Micro Onde SHARP 20L R-20CTS"},"content":{"rendered":"<ul>\n<li>\n<h3><strong>Capacit\u00e9\u00a0: 20L<\/strong><\/h3>\n<\/li>\n<\/ul>\n<ul>\n<li>\n<h3><strong>Puissance micro-ondes\u00a0: 800\u00a0W<\/strong><\/h3>\n<\/li>\n<li>\n<h3><strong>Niveaux de puissance micro-ondes\u00a0: 5<\/strong><\/h3>\n<\/li>\n<li>\n<h3><strong>Type de contr\u00f4le\u00a0: Manuel<\/strong><\/h3>\n<\/li>\n<li>\n<h3><strong>Type de cavit\u00e9\u00a0: Plateau tournant<\/strong><\/h3>\n<\/li>\n<li>\n<h3><strong>\u00c9clairage de la cavit\u00e9\u00a0: Oui<\/strong><\/h3>\n<\/li>\n<li>\n<h3><strong>Facile \u00e0 nettoyer<\/strong><\/h3>\n<\/li>\n<li>\n<h3><strong>Couleur du bo\u00eetier\u00a0: Argent<\/strong><\/h3>\n<\/li>\n<li>\n<h3><strong>Couleur de la porte\u00a0: Argent\/noir<\/strong><\/h3>\n<\/li>\n<li>\n<h3><strong>Accessoires inclus\u00a0: Plateau tournant<\/strong><\/h3>\n<\/li>\n<\/ul>\n","protected":false},"excerpt":{"rendered":"<p>Le four \u00e0 micro ondes est un appareil \u00e9lectrom\u00e9nager tr\u00e8s pratique dans la cuisine. Il r\u00e9chauffe et d\u00e9cong\u00e8le les aliments en quelques instants. Les mod\u00e8les avec gril permettent de gratiner vos plats. Les micro-ondes combin\u00e9s permettent de cuire des g\u00e2teaux ou des r\u00f4tis comme dans un four traditionnel. Un excellent choix pour gagner de la place dans votre cuisine.<\/p>\n","protected":false},"featured_media":7454,"comment_status":"closed","ping_status":"closed","template":"","meta":{"_bst_post_transparent":"","_bst_post_title":"","_bst_post_layout":"","_bst_post_sidebar_id":"","_bst_post_content_style":"","_bst_post_vertical_padding":"","_bst_post_feature":"","_bst_post_feature_position":"","_bst_post_header":false,"_bst_post_footer":false},"product_brand":[],"product_cat":[154],"product_tag":[],"product_brands":[],"class_list":{"0":"post-8851","1":"product","2":"type-product","3":"status-publish","4":"has-post-thumbnail","6":"product_cat-micro-onde-fours","8":"first","9":"instock","10":"purchasable","11":"product-type-simple","12":"entry","13":"content-bg","14":"loop-entry"},"_links":{"self":[{"href":"https:\/\/anopri.com\/index.php?rest_route=\/wp\/v2\/product\/8851","targetHints":{"allow":["GET"]}}],"collection":[{"href":"https:\/\/anopri.com\/index.php?rest_route=\/wp\/v2\/product"}],"about":[{"href":"https:\/\/anopri.com\/index.php?rest_route=\/wp\/v2\/types\/product"}],"replies":[{"embeddable":true,"href":"https:\/\/anopri.com\/index.php?rest_route=%2Fwp%2Fv2%2Fcomments&post=8851"}],"wp:featuredmedia":[{"embeddable":true,"href":"https:\/\/anopri.com\/index.php?rest_route=\/wp\/v2\/media\/7454"}],"wp:attachment":[{"href":"https:\/\/anopri.com\/index.php?rest_route=%2Fwp%2Fv2%2Fmedia&parent=8851"}],"wp:term":[{"taxonomy":"product_brand","embeddable":true,"href":"https:\/\/anopri.com\/index.php?rest_route=%2Fwp%2Fv2%2Fproduct_brand&post=8851"},{"taxonomy":"product_cat","embeddable":true,"href":"https:\/\/anopri.com\/index.php?rest_route=%2Fwp%2Fv2%2Fproduct_cat&post=8851"},{"taxonomy":"product_tag","embeddable":true,"href":"https:\/\/anopri.com\/index.php?rest_route=%2Fwp%2Fv2%2Fproduct_tag&post=8851"},{"taxonomy":"product_brands","embeddable":true,"href":"https:\/\/anopri.com\/index.php?rest_route=%2Fwp%2Fv2%2Fproduct_brands&post=8851"}],"curies":[{"name":"wp","href":"https:\/\/api.w.org\/{rel}","templated":true}]}}