{"id":8849,"date":"2026-04-25T13:06:01","date_gmt":"2026-04-25T13:06:01","guid":{"rendered":"https:\/\/anopri.com\/?post_type=product&#038;p=8849"},"modified":"2026-04-25T13:06:05","modified_gmt":"2026-04-25T13:06:05","slug":"micro-onde-roch-20-litres-noir","status":"publish","type":"product","link":"https:\/\/anopri.com\/?product=micro-onde-roch-20-litres-noir","title":{"rendered":"Micro Onde-Roch 20 Litres NOIR"},"content":{"rendered":"<ul>\n<li>Marque : ROCH<\/li>\n<li>Type de produit : Micro-onde<\/li>\n<li>Capacit\u00e9 : 20 Litres<\/li>\n<li>Puissance : 5 niveaux &amp; lamp<\/li>\n<li>Minuterie : 35mn<\/li>\n<li>Signal de fin de cuisson<\/li>\n<li>Puissance de sortie : 700W<\/li>\n<li>Puissance d\u2019entr\u00e9e : 1050W<\/li>\n<li>Entr\u00e9e de tension : 230V-50Hz<\/li>\n<li>Fr\u00e9quence micro-onde : 2450 MHz<\/li>\n<li>Poids : 10Kg<\/li>\n<\/ul>\n","protected":false},"excerpt":{"rendered":"<p><strong>Ce micro onde est un appareil \u00e9lectrom\u00e9nager magnifiquement con\u00e7u pour votre cuisine. Puissant combo grill-micro-ondes 700W. Poign\u00e9e facile \u00e0 ouvrir. Rappel de signal \u00e9galement disponible. Large avec une capacit\u00e9 de 20L et des dimensions 440 x 359 x 259 mm. Facile \u00e0 nettoyer avec sa taille confortable et son poids l\u00e9ger de 11,4 kg, il peut \u00eatre facilement d\u00e9plac\u00e9, nettoy\u00e9 et repositionn\u00e9. Il s\u2019adapte facilement \u00e0 votre cuisine avec sa couleur blanche il apporte un peu de lumi\u00e8re dans votre cuisine.<\/strong><\/p>\n","protected":false},"featured_media":6416,"comment_status":"closed","ping_status":"closed","template":"","meta":{"_bst_post_transparent":"","_bst_post_title":"","_bst_post_layout":"","_bst_post_sidebar_id":"","_bst_post_content_style":"","_bst_post_vertical_padding":"","_bst_post_feature":"","_bst_post_feature_position":"","_bst_post_header":false,"_bst_post_footer":false},"product_brand":[],"product_cat":[154],"product_tag":[],"product_brands":[],"class_list":{"0":"post-8849","1":"product","2":"type-product","3":"status-publish","4":"has-post-thumbnail","6":"product_cat-micro-onde-fours","8":"first","9":"instock","10":"purchasable","11":"product-type-simple","12":"entry","13":"content-bg","14":"loop-entry"},"_links":{"self":[{"href":"https:\/\/anopri.com\/index.php?rest_route=\/wp\/v2\/product\/8849","targetHints":{"allow":["GET"]}}],"collection":[{"href":"https:\/\/anopri.com\/index.php?rest_route=\/wp\/v2\/product"}],"about":[{"href":"https:\/\/anopri.com\/index.php?rest_route=\/wp\/v2\/types\/product"}],"replies":[{"embeddable":true,"href":"https:\/\/anopri.com\/index.php?rest_route=%2Fwp%2Fv2%2Fcomments&post=8849"}],"wp:featuredmedia":[{"embeddable":true,"href":"https:\/\/anopri.com\/index.php?rest_route=\/wp\/v2\/media\/6416"}],"wp:attachment":[{"href":"https:\/\/anopri.com\/index.php?rest_route=%2Fwp%2Fv2%2Fmedia&parent=8849"}],"wp:term":[{"taxonomy":"product_brand","embeddable":true,"href":"https:\/\/anopri.com\/index.php?rest_route=%2Fwp%2Fv2%2Fproduct_brand&post=8849"},{"taxonomy":"product_cat","embeddable":true,"href":"https:\/\/anopri.com\/index.php?rest_route=%2Fwp%2Fv2%2Fproduct_cat&post=8849"},{"taxonomy":"product_tag","embeddable":true,"href":"https:\/\/anopri.com\/index.php?rest_route=%2Fwp%2Fv2%2Fproduct_tag&post=8849"},{"taxonomy":"product_brands","embeddable":true,"href":"https:\/\/anopri.com\/index.php?rest_route=%2Fwp%2Fv2%2Fproduct_brands&post=8849"}],"curies":[{"name":"wp","href":"https:\/\/api.w.org\/{rel}","templated":true}]}}