{"id":8847,"date":"2026-04-25T13:06:00","date_gmt":"2026-04-25T13:06:00","guid":{"rendered":"https:\/\/anopri.com\/?post_type=product&#038;p=8847"},"modified":"2026-04-25T13:06:05","modified_gmt":"2026-04-25T13:06:05","slug":"tv-led-32-pouces-roch-numerique","status":"publish","type":"product","link":"https:\/\/anopri.com\/?product=tv-led-32-pouces-roch-numerique","title":{"rendered":"TV LED 32 Pouces Roch Num\u00e9rique"},"content":{"rendered":"<ul>\n<li><strong>Marque:<\/strong>\u00a0ROCH<\/li>\n<li><strong>Mod\u00e8le:<\/strong>\u00a0RH-LE32ES<\/li>\n<li><strong>Type:<\/strong>\u00a0Num\u00e9rique<\/li>\n<li><strong>Taille:<\/strong>\u00a032 pouces<\/li>\n<li><strong>Tension :<\/strong>\u00a0100 &#8211; 240 V<\/li>\n<li><strong>Fr\u00e9quence :<\/strong>\u00a050 Hz<\/li>\n<li><strong>Dimensions:<\/strong>\u00a0739 x 745 x 453 mm<\/li>\n<li><strong>Syst\u00e8me de r\u00e9tro\u00e9clairage<\/strong>: LED<\/li>\n<li><strong>entr\u00e9e HDMI:<\/strong>\u00a0Oui<\/li>\n<li><strong>ports USB:<\/strong>\u00a0Oui<\/li>\n<li><strong>prise JACK 3.5mm:<\/strong>\u00a0Oui<\/li>\n<\/ul>\n","protected":false},"excerpt":{"rendered":"<p>Plus que la taille de l\u2019\u00e9cran, c\u2019est la qualit\u00e9 de l\u2019image qui est d\u00e9terminante dans le choix de votre \u00e9cran plat. C\u2019est le crit\u00e8re n\u00b01 \u00e0 prendre en compte ! Une qualit\u00e9 d\u2019image optimale vous permet de tirer le meilleur parti de vos sources Haute D\u00e9finition lecteur Blu-ray, console de jeux derni\u00e8re g\u00e9n\u00e9ration.<\/p>\n","protected":false},"featured_media":6398,"comment_status":"closed","ping_status":"closed","template":"","meta":{"_bst_post_transparent":"","_bst_post_title":"","_bst_post_layout":"","_bst_post_sidebar_id":"","_bst_post_content_style":"","_bst_post_vertical_padding":"","_bst_post_feature":"","_bst_post_feature_position":"","_bst_post_header":false,"_bst_post_footer":false},"product_brand":[],"product_cat":[142,143,177],"product_tag":[],"product_brands":[],"class_list":{"0":"post-8847","1":"product","2":"type-product","3":"status-publish","4":"has-post-thumbnail","6":"product_cat-electronique","7":"product_cat-television","8":"product_cat-televisions-led","10":"first","11":"instock","12":"purchasable","13":"product-type-simple","14":"entry","15":"content-bg","16":"loop-entry"},"_links":{"self":[{"href":"https:\/\/anopri.com\/index.php?rest_route=\/wp\/v2\/product\/8847","targetHints":{"allow":["GET"]}}],"collection":[{"href":"https:\/\/anopri.com\/index.php?rest_route=\/wp\/v2\/product"}],"about":[{"href":"https:\/\/anopri.com\/index.php?rest_route=\/wp\/v2\/types\/product"}],"replies":[{"embeddable":true,"href":"https:\/\/anopri.com\/index.php?rest_route=%2Fwp%2Fv2%2Fcomments&post=8847"}],"wp:featuredmedia":[{"embeddable":true,"href":"https:\/\/anopri.com\/index.php?rest_route=\/wp\/v2\/media\/6398"}],"wp:attachment":[{"href":"https:\/\/anopri.com\/index.php?rest_route=%2Fwp%2Fv2%2Fmedia&parent=8847"}],"wp:term":[{"taxonomy":"product_brand","embeddable":true,"href":"https:\/\/anopri.com\/index.php?rest_route=%2Fwp%2Fv2%2Fproduct_brand&post=8847"},{"taxonomy":"product_cat","embeddable":true,"href":"https:\/\/anopri.com\/index.php?rest_route=%2Fwp%2Fv2%2Fproduct_cat&post=8847"},{"taxonomy":"product_tag","embeddable":true,"href":"https:\/\/anopri.com\/index.php?rest_route=%2Fwp%2Fv2%2Fproduct_tag&post=8847"},{"taxonomy":"product_brands","embeddable":true,"href":"https:\/\/anopri.com\/index.php?rest_route=%2Fwp%2Fv2%2Fproduct_brands&post=8847"}],"curies":[{"name":"wp","href":"https:\/\/api.w.org\/{rel}","templated":true}]}}