{"id":8845,"date":"2026-04-25T13:06:00","date_gmt":"2026-04-25T13:06:00","guid":{"rendered":"https:\/\/anopri.com\/?post_type=product&#038;p=8845"},"modified":"2026-04-25T13:06:05","modified_gmt":"2026-04-25T13:06:05","slug":"refrigerateur-roch-rfr-315db-275l","status":"publish","type":"product","link":"https:\/\/anopri.com\/?product=refrigerateur-roch-rfr-315db-275l","title":{"rendered":"R\u00c9FRIG\u00c9RATEUR ROCH RFR-315DB 275L"},"content":{"rendered":"<ul>\n<li><strong>Type produit: REFRIGERATEUR<\/strong><\/li>\n<li><strong>Marque: ROCH<\/strong><\/li>\n<li><strong>Mod\u00e8le: RFR-315B<\/strong><\/li>\n<li><strong>Capacit\u00e9 en (L):275L<\/strong><\/li>\n<li><strong>Nombre de porte: 02<\/strong><\/li>\n<li><strong>dimensions en (cm): L x l x H=55x55x172 cm<\/strong><\/li>\n<li><strong>Tension: 220-240v\/50Hz<\/strong><\/li>\n<li><strong>Cl\u00e9: OUI<\/strong><\/li>\n<li><strong>Diffuseur d&#8217;eau: NON<\/strong><\/li>\n<li><strong>Garantie: 06MOIS<\/strong><\/li>\n<\/ul>\n","protected":false},"excerpt":{"rendered":"<p>Ce r\u00e9frig\u00e9rateur Roch poss\u00e8de un design \u00e9l\u00e9gant qui donne une touche esth\u00e9tique \u00e0 votre cuisine car, il est livr\u00e9 avec une grande capacit\u00e9 de stockage de jusqu\u2019\u00e0 275 litres. Le r\u00e9frig\u00e9rateur combin\u00e9 Roch est dot\u00e9 d\u2019une fonction de cong\u00e9lation rapide qui facilite l\u2019accomplissement des t\u00e2ches en vous permettant de congeler les aliments en tr\u00e8s peu de temps.<\/p>\n","protected":false},"featured_media":7443,"comment_status":"closed","ping_status":"closed","template":"","meta":{"_bst_post_transparent":"","_bst_post_title":"","_bst_post_layout":"","_bst_post_sidebar_id":"","_bst_post_content_style":"","_bst_post_vertical_padding":"","_bst_post_feature":"","_bst_post_feature_position":"","_bst_post_header":false,"_bst_post_footer":false},"product_brand":[],"product_cat":[157],"product_tag":[],"product_brands":[],"class_list":{"0":"post-8845","1":"product","2":"type-product","3":"status-publish","4":"has-post-thumbnail","6":"product_cat-refrigerateur","8":"first","9":"instock","10":"purchasable","11":"product-type-simple","12":"entry","13":"content-bg","14":"loop-entry"},"_links":{"self":[{"href":"https:\/\/anopri.com\/index.php?rest_route=\/wp\/v2\/product\/8845","targetHints":{"allow":["GET"]}}],"collection":[{"href":"https:\/\/anopri.com\/index.php?rest_route=\/wp\/v2\/product"}],"about":[{"href":"https:\/\/anopri.com\/index.php?rest_route=\/wp\/v2\/types\/product"}],"replies":[{"embeddable":true,"href":"https:\/\/anopri.com\/index.php?rest_route=%2Fwp%2Fv2%2Fcomments&post=8845"}],"wp:featuredmedia":[{"embeddable":true,"href":"https:\/\/anopri.com\/index.php?rest_route=\/wp\/v2\/media\/7443"}],"wp:attachment":[{"href":"https:\/\/anopri.com\/index.php?rest_route=%2Fwp%2Fv2%2Fmedia&parent=8845"}],"wp:term":[{"taxonomy":"product_brand","embeddable":true,"href":"https:\/\/anopri.com\/index.php?rest_route=%2Fwp%2Fv2%2Fproduct_brand&post=8845"},{"taxonomy":"product_cat","embeddable":true,"href":"https:\/\/anopri.com\/index.php?rest_route=%2Fwp%2Fv2%2Fproduct_cat&post=8845"},{"taxonomy":"product_tag","embeddable":true,"href":"https:\/\/anopri.com\/index.php?rest_route=%2Fwp%2Fv2%2Fproduct_tag&post=8845"},{"taxonomy":"product_brands","embeddable":true,"href":"https:\/\/anopri.com\/index.php?rest_route=%2Fwp%2Fv2%2Fproduct_brands&post=8845"}],"curies":[{"name":"wp","href":"https:\/\/api.w.org\/{rel}","templated":true}]}}