{"id":8839,"date":"2026-04-25T13:06:00","date_gmt":"2026-04-25T13:06:00","guid":{"rendered":"https:\/\/anopri.com\/?post_type=product&#038;p=8839"},"modified":"2026-04-25T13:06:03","modified_gmt":"2026-04-25T13:06:03","slug":"refrigerateur-roch-rfr-120s-a-85-litres","status":"publish","type":"product","link":"https:\/\/anopri.com\/?product=refrigerateur-roch-rfr-120s-a-85-litres","title":{"rendered":"R\u00e9frig\u00e9rateur Roch \u2013 RFR \u2013 120S-A \u2013 85 litres"},"content":{"rendered":"<ul>\n<li><span data-sheets-value=\"{&quot;1&quot;:2,&quot;2&quot;:&quot;-Marque : Roch\\n-Mod\u00e8les : RFR120S -A\\n-Type de produit : R\u00e9frig\u00e9rateur \\n-Capacit\u00e9 du cong\u00e9lateur : 85L\\n-Classe Climatique : T\\n-R\u00e9frig\u00e9rant : R600a\\n-Tension\/Frequency: 220\/50Hz\\nNOMBRE DE BATTANT;2\\nRated Current ; 1.0A\\nRefrigerant; R600a(21)g\\n-Garantie: 12 mois&quot;}\" data-sheets-userformat=\"{&quot;2&quot;:4226,&quot;4&quot;:{&quot;1&quot;:2,&quot;2&quot;:16777215},&quot;10&quot;:2,&quot;15&quot;:&quot;Arial&quot;}\"><strong>Marque :<\/strong>\u00a0Roch<br \/>\n<\/span><\/li>\n<li><span data-sheets-value=\"{&quot;1&quot;:2,&quot;2&quot;:&quot;-Marque : Roch\\n-Mod\u00e8les : RFR120S -A\\n-Type de produit : R\u00e9frig\u00e9rateur \\n-Capacit\u00e9 du cong\u00e9lateur : 85L\\n-Classe Climatique : T\\n-R\u00e9frig\u00e9rant : R600a\\n-Tension\/Frequency: 220\/50Hz\\nNOMBRE DE BATTANT;2\\nRated Current ; 1.0A\\nRefrigerant; R600a(21)g\\n-Garantie: 12 mois&quot;}\" data-sheets-userformat=\"{&quot;2&quot;:4226,&quot;4&quot;:{&quot;1&quot;:2,&quot;2&quot;:16777215},&quot;10&quot;:2,&quot;15&quot;:&quot;Arial&quot;}\"><strong>Mod\u00e8les :<\/strong>\u00a0RFR120S -A<br \/>\n<\/span><\/li>\n<li><span data-sheets-value=\"{&quot;1&quot;:2,&quot;2&quot;:&quot;-Marque : Roch\\n-Mod\u00e8les : RFR120S -A\\n-Type de produit : R\u00e9frig\u00e9rateur \\n-Capacit\u00e9 du cong\u00e9lateur : 85L\\n-Classe Climatique : T\\n-R\u00e9frig\u00e9rant : R600a\\n-Tension\/Frequency: 220\/50Hz\\nNOMBRE DE BATTANT;2\\nRated Current ; 1.0A\\nRefrigerant; R600a(21)g\\n-Garantie: 12 mois&quot;}\" data-sheets-userformat=\"{&quot;2&quot;:4226,&quot;4&quot;:{&quot;1&quot;:2,&quot;2&quot;:16777215},&quot;10&quot;:2,&quot;15&quot;:&quot;Arial&quot;}\"><strong>Type de produit :<\/strong>\u00a0R\u00e9frig\u00e9rateur<br \/>\n<\/span><\/li>\n<li><span data-sheets-value=\"{&quot;1&quot;:2,&quot;2&quot;:&quot;-Marque : Roch\\n-Mod\u00e8les : RFR120S -A\\n-Type de produit : R\u00e9frig\u00e9rateur \\n-Capacit\u00e9 du cong\u00e9lateur : 85L\\n-Classe Climatique : T\\n-R\u00e9frig\u00e9rant : R600a\\n-Tension\/Frequency: 220\/50Hz\\nNOMBRE DE BATTANT;2\\nRated Current ; 1.0A\\nRefrigerant; R600a(21)g\\n-Garantie: 12 mois&quot;}\" data-sheets-userformat=\"{&quot;2&quot;:4226,&quot;4&quot;:{&quot;1&quot;:2,&quot;2&quot;:16777215},&quot;10&quot;:2,&quot;15&quot;:&quot;Arial&quot;}\"><strong>Capacit\u00e9 du cong\u00e9lateur :<\/strong>\u00a085L<br \/>\n<\/span><\/li>\n<li><span data-sheets-value=\"{&quot;1&quot;:2,&quot;2&quot;:&quot;-Marque : Roch\\n-Mod\u00e8les : RFR120S -A\\n-Type de produit : R\u00e9frig\u00e9rateur \\n-Capacit\u00e9 du cong\u00e9lateur : 85L\\n-Classe Climatique : T\\n-R\u00e9frig\u00e9rant : R600a\\n-Tension\/Frequency: 220\/50Hz\\nNOMBRE DE BATTANT;2\\nRated Current ; 1.0A\\nRefrigerant; R600a(21)g\\n-Garantie: 12 mois&quot;}\" data-sheets-userformat=\"{&quot;2&quot;:4226,&quot;4&quot;:{&quot;1&quot;:2,&quot;2&quot;:16777215},&quot;10&quot;:2,&quot;15&quot;:&quot;Arial&quot;}\"><strong>Classe Climatique :<\/strong>\u00a0T<br \/>\n<\/span><\/li>\n<li><span data-sheets-value=\"{&quot;1&quot;:2,&quot;2&quot;:&quot;-Marque : Roch\\n-Mod\u00e8les : RFR120S -A\\n-Type de produit : R\u00e9frig\u00e9rateur \\n-Capacit\u00e9 du cong\u00e9lateur : 85L\\n-Classe Climatique : T\\n-R\u00e9frig\u00e9rant : R600a\\n-Tension\/Frequency: 220\/50Hz\\nNOMBRE DE BATTANT;2\\nRated Current ; 1.0A\\nRefrigerant; R600a(21)g\\n-Garantie: 12 mois&quot;}\" data-sheets-userformat=\"{&quot;2&quot;:4226,&quot;4&quot;:{&quot;1&quot;:2,&quot;2&quot;:16777215},&quot;10&quot;:2,&quot;15&quot;:&quot;Arial&quot;}\"><strong>R\u00e9frig\u00e9rant :<\/strong>\u00a0R600a<br \/>\n<\/span><\/li>\n<li><span data-sheets-value=\"{&quot;1&quot;:2,&quot;2&quot;:&quot;-Marque : Roch\\n-Mod\u00e8les : RFR120S -A\\n-Type de produit : R\u00e9frig\u00e9rateur \\n-Capacit\u00e9 du cong\u00e9lateur : 85L\\n-Classe Climatique : T\\n-R\u00e9frig\u00e9rant : R600a\\n-Tension\/Frequency: 220\/50Hz\\nNOMBRE DE BATTANT;2\\nRated Current ; 1.0A\\nRefrigerant; R600a(21)g\\n-Garantie: 12 mois&quot;}\" data-sheets-userformat=\"{&quot;2&quot;:4226,&quot;4&quot;:{&quot;1&quot;:2,&quot;2&quot;:16777215},&quot;10&quot;:2,&quot;15&quot;:&quot;Arial&quot;}\"><strong>Tension\/Frequency:<\/strong>\u00a0220\/50Hz<br \/>\n<\/span><\/li>\n<li><span data-sheets-value=\"{&quot;1&quot;:2,&quot;2&quot;:&quot;-Marque : Roch\\n-Mod\u00e8les : RFR120S -A\\n-Type de produit : R\u00e9frig\u00e9rateur \\n-Capacit\u00e9 du cong\u00e9lateur : 85L\\n-Classe Climatique : T\\n-R\u00e9frig\u00e9rant : R600a\\n-Tension\/Frequency: 220\/50Hz\\nNOMBRE DE BATTANT;2\\nRated Current ; 1.0A\\nRefrigerant; R600a(21)g\\n-Garantie: 12 mois&quot;}\" data-sheets-userformat=\"{&quot;2&quot;:4226,&quot;4&quot;:{&quot;1&quot;:2,&quot;2&quot;:16777215},&quot;10&quot;:2,&quot;15&quot;:&quot;Arial&quot;}\"><strong>Nombre de battant:<\/strong>2<br \/>\n<\/span><\/li>\n<li><span data-sheets-value=\"{&quot;1&quot;:2,&quot;2&quot;:&quot;-Marque : Roch\\n-Mod\u00e8les : RFR120S -A\\n-Type de produit : R\u00e9frig\u00e9rateur \\n-Capacit\u00e9 du cong\u00e9lateur : 85L\\n-Classe Climatique : T\\n-R\u00e9frig\u00e9rant : R600a\\n-Tension\/Frequency: 220\/50Hz\\nNOMBRE DE BATTANT;2\\nRated Current ; 1.0A\\nRefrigerant; R600a(21)g\\n-Garantie: 12 mois&quot;}\" data-sheets-userformat=\"{&quot;2&quot;:4226,&quot;4&quot;:{&quot;1&quot;:2,&quot;2&quot;:16777215},&quot;10&quot;:2,&quot;15&quot;:&quot;Arial&quot;}\"><strong>Rated Current :<\/strong>\u00a01.0A<br \/>\n<\/span><\/li>\n<li><span data-sheets-value=\"{&quot;1&quot;:2,&quot;2&quot;:&quot;-Marque : Roch\\n-Mod\u00e8les : RFR120S -A\\n-Type de produit : R\u00e9frig\u00e9rateur \\n-Capacit\u00e9 du cong\u00e9lateur : 85L\\n-Classe Climatique : T\\n-R\u00e9frig\u00e9rant : R600a\\n-Tension\/Frequency: 220\/50Hz\\nNOMBRE DE BATTANT;2\\nRated Current ; 1.0A\\nRefrigerant; R600a(21)g\\n-Garantie: 12 mois&quot;}\" data-sheets-userformat=\"{&quot;2&quot;:4226,&quot;4&quot;:{&quot;1&quot;:2,&quot;2&quot;:16777215},&quot;10&quot;:2,&quot;15&quot;:&quot;Arial&quot;}\"><strong>Refrigerant:<\/strong>\u00a0R600a(21)g<br \/>\n<\/span><\/li>\n<li><span data-sheets-value=\"{&quot;1&quot;:2,&quot;2&quot;:&quot;-Marque : Roch\\n-Mod\u00e8les : RFR120S -A\\n-Type de produit : R\u00e9frig\u00e9rateur \\n-Capacit\u00e9 du cong\u00e9lateur : 85L\\n-Classe Climatique : T\\n-R\u00e9frig\u00e9rant : R600a\\n-Tension\/Frequency: 220\/50Hz\\nNOMBRE DE BATTANT;2\\nRated Current ; 1.0A\\nRefrigerant; R600a(21)g\\n-Garantie: 12 mois&quot;}\" data-sheets-userformat=\"{&quot;2&quot;:4226,&quot;4&quot;:{&quot;1&quot;:2,&quot;2&quot;:16777215},&quot;10&quot;:2,&quot;15&quot;:&quot;Arial&quot;}\"><strong>Garantie:<\/strong> 06 mois<\/span><\/li>\n<\/ul>\n","protected":false},"excerpt":{"rendered":"<p>Utilisez moins d\u2019espace pour un r\u00e9frig\u00e9rateur de qualit\u00e9, tr\u00e8s pratique qui vous donnera satisfaction. Le r\u00e9frig\u00e9rateur Roch RFR 120S-A pas cher, vous permet de conserver vos aliments sans aucun probl\u00e8me et ainsi les garder en bon \u00e9tat. Il s\u2019agit d\u2019un r\u00e9frig\u00e9rateur combin\u00e9 un battants, qui vous offre une partie r\u00e9frig\u00e9rateur et une autre cong\u00e9lateur. Vous b\u00e9n\u00e9ficiez ainsi d\u2019un frigo 2 en 1 pour r\u00e9pondre \u00e0 vos attentes. Il est caract\u00e9ris\u00e9 de ce fait par une capacit\u00e9 d\u2019un total de 85 litres, une classe climatique T et un r\u00e9frig\u00e9rant R600a.<\/p>\n<p><strong>Une capacit\u00e9 assez consistante de 85 litres<\/strong><br \/>\nVous pourrez d\u00e9sormais gagner en temps, en \u00e9nergie et surtout en argent, avec cet offre irr\u00e9sistible que nous vous proposons. Que vous viviez seule ou en famille, ce r\u00e9frig\u00e9rateur Roch moins cher, vous permettra de faire des achats par mois pour que vous n\u2019ayez plus besoin de sortir tout les jours de chez vous. Vous b\u00e9n\u00e9ficiez ainsi, d\u2019une capacit\u00e9 de 85 litres dont un r\u00e9frig\u00e9rateur vous permettant de stocker des consommables d\u00e9licats tel que de la viande, poisson, l\u00e9gumes et un r\u00e9frig\u00e9rateur pour stocker pleins d\u2019autres aliments n\u00e9cessitant une conservation \u00e0 dur\u00e9e d\u00e9termin\u00e9e.<\/p>\n","protected":false},"featured_media":7424,"comment_status":"closed","ping_status":"closed","template":"","meta":{"_bst_post_transparent":"","_bst_post_title":"","_bst_post_layout":"","_bst_post_sidebar_id":"","_bst_post_content_style":"","_bst_post_vertical_padding":"","_bst_post_feature":"","_bst_post_feature_position":"","_bst_post_header":false,"_bst_post_footer":false},"product_brand":[],"product_cat":[145,157],"product_tag":[],"product_brands":[],"class_list":{"0":"post-8839","1":"product","2":"type-product","3":"status-publish","4":"has-post-thumbnail","6":"product_cat-electromenager","7":"product_cat-refrigerateur","9":"first","10":"instock","11":"purchasable","12":"product-type-simple","13":"entry","14":"content-bg","15":"loop-entry"},"_links":{"self":[{"href":"https:\/\/anopri.com\/index.php?rest_route=\/wp\/v2\/product\/8839","targetHints":{"allow":["GET"]}}],"collection":[{"href":"https:\/\/anopri.com\/index.php?rest_route=\/wp\/v2\/product"}],"about":[{"href":"https:\/\/anopri.com\/index.php?rest_route=\/wp\/v2\/types\/product"}],"replies":[{"embeddable":true,"href":"https:\/\/anopri.com\/index.php?rest_route=%2Fwp%2Fv2%2Fcomments&post=8839"}],"wp:featuredmedia":[{"embeddable":true,"href":"https:\/\/anopri.com\/index.php?rest_route=\/wp\/v2\/media\/7424"}],"wp:attachment":[{"href":"https:\/\/anopri.com\/index.php?rest_route=%2Fwp%2Fv2%2Fmedia&parent=8839"}],"wp:term":[{"taxonomy":"product_brand","embeddable":true,"href":"https:\/\/anopri.com\/index.php?rest_route=%2Fwp%2Fv2%2Fproduct_brand&post=8839"},{"taxonomy":"product_cat","embeddable":true,"href":"https:\/\/anopri.com\/index.php?rest_route=%2Fwp%2Fv2%2Fproduct_cat&post=8839"},{"taxonomy":"product_tag","embeddable":true,"href":"https:\/\/anopri.com\/index.php?rest_route=%2Fwp%2Fv2%2Fproduct_tag&post=8839"},{"taxonomy":"product_brands","embeddable":true,"href":"https:\/\/anopri.com\/index.php?rest_route=%2Fwp%2Fv2%2Fproduct_brands&post=8839"}],"curies":[{"name":"wp","href":"https:\/\/api.w.org\/{rel}","templated":true}]}}