{"id":8824,"date":"2026-04-25T13:05:52","date_gmt":"2026-04-25T13:05:52","guid":{"rendered":"https:\/\/anopri.com\/?post_type=product&#038;p=8824"},"modified":"2026-04-25T13:05:57","modified_gmt":"2026-04-25T13:05:57","slug":"samsung-galaxy-note-9-128gb-rom-6gb-ram-4000mah","status":"publish","type":"product","link":"https:\/\/anopri.com\/?product=samsung-galaxy-note-9-128gb-rom-6gb-ram-4000mah","title":{"rendered":"Samsung Galaxy Note 9 &#8211; 128GB ROM &#8211; 6GB RAM &#8211; 4000mAh"},"content":{"rendered":"<ul>\n<li><strong>Fabricant:\u00a0<\/strong>Samsung<\/li>\n<li><strong>Nom du produit:\u00a0<\/strong>Galaxy Note 9<\/li>\n<li><strong>Poids:\u00a0<\/strong>201g<\/li>\n<li><strong>Dimensions:\u00a0<\/strong>161,9 x 71,8 x 7,9mm<\/li>\n<li><strong>Syst\u00e8me d&#8217;exploitation (OS):\u00a0<\/strong>Android 9.0<\/li>\n<li><strong>Taille de l&#8217;\u00e9cran:\u00a0<\/strong>6.4 pouces<\/li>\n<li><strong>D\u00e9finition:\u00a0<\/strong>2960&#215;1440<\/li>\n<li><strong>M\u00e9moire vive (RAM):\u00a0<\/strong>6GB<\/li>\n<li><strong>Stockage (ROM):\u00a0<\/strong>64GB<\/li>\n<li><strong>Appareil photo:\u00a0<\/strong>12MP<\/li>\n<li><strong>Processeur:\u00a0<\/strong>Samsung Exynos 9810<\/li>\n<li><strong>Batterie:\u00a0<\/strong>4000mAh<\/li>\n<\/ul>\n","protected":false},"excerpt":{"rendered":"<p>Le Galaxy Note9 a toujours mis une technologie puissante entre les mains de ceux qui en demandent plus. D\u00e9sormais, le nouveau Galaxy Note9 d\u00e9passe m\u00eame ces attentes \u00e9lev\u00e9es, en se concentrant sur ce qui compte le plus dans le monde mobile toujours actif d&#8217;aujourd&#8217;hui. Am\u00e9liorez votre exp\u00e9rience de jeu mobile. Le Galaxy Note9 vous offre des performances \u00e9lev\u00e9es tout en jouant avec un processeur de pointe qui r\u00e9duit le d\u00e9calage, un syst\u00e8me de refroidissement carbone-eau qui aide \u00e0 pr\u00e9venir la surchauffe et un ajusteur de performances bas\u00e9 sur l&#8217;IA qui garantit que votre jeu reste fluide, pas lent. Le nouveau S Pen est d\u00e9sormais dot\u00e9 de la puissante technologie Bluetooth, vous permettant d&#8217;appuyer sur un bouton pour contr\u00f4ler votre appareil photo, vos pr\u00e9sentations et vos applications sans toucher votre t\u00e9l\u00e9phone. lors du dessin, prendre des notes et envoyer des messages en direct avec le S Pen est aussi intuitif et naturel que le stylo et le papier, gr\u00e2ce \u00e0 la pointe fine et aux niveaux de pression 4096. Exp\u00e9rience et appareil photo intelligent avec de nouvelles fonctionnalit\u00e9s r\u00e9volutionnaires qui rendent presque impossible de prendre une mauvaise photo. Le Galaxy Note9 reconna\u00eet intelligemment ce que vous regardez, optimisant les param\u00e8tres de couleur comme le contraste, la balance des blancs, l&#8217;exposition, etc. Et en d\u00e9tectant le scintillement et le flou, vous pouvez r\u00e9enregistrer au bon moment. Le Galaxy Note9 reconna\u00eet intelligemment ce que vous regardez, optimisant les param\u00e8tres de couleur comme le contraste, la balance des blancs, l&#8217;exposition, etc. Et en d\u00e9tectant le scintillement et le flou, vous pouvez r\u00e9enregistrer au bon moment. Le Galaxy Note9 reconna\u00eet intelligemment ce que vous regardez, optimisant les param\u00e8tres de couleur comme le contraste, la balance des blancs, l&#8217;exposition, etc. Et en d\u00e9tectant le scintillement et le flou, vous pouvez r\u00e9enregistrer au bon moment.<\/p>\n","protected":false},"featured_media":7393,"comment_status":"closed","ping_status":"closed","template":"","meta":{"_bst_post_transparent":"","_bst_post_title":"","_bst_post_layout":"","_bst_post_sidebar_id":"","_bst_post_content_style":"","_bst_post_vertical_padding":"","_bst_post_feature":"","_bst_post_feature_position":"","_bst_post_header":false,"_bst_post_footer":false},"product_brand":[],"product_cat":[152],"product_tag":[],"product_brands":[],"class_list":{"0":"post-8824","1":"product","2":"type-product","3":"status-publish","4":"has-post-thumbnail","6":"product_cat-telephones-accessoires","8":"first","9":"instock","10":"purchasable","11":"product-type-simple","12":"entry","13":"content-bg","14":"loop-entry"},"_links":{"self":[{"href":"https:\/\/anopri.com\/index.php?rest_route=\/wp\/v2\/product\/8824","targetHints":{"allow":["GET"]}}],"collection":[{"href":"https:\/\/anopri.com\/index.php?rest_route=\/wp\/v2\/product"}],"about":[{"href":"https:\/\/anopri.com\/index.php?rest_route=\/wp\/v2\/types\/product"}],"replies":[{"embeddable":true,"href":"https:\/\/anopri.com\/index.php?rest_route=%2Fwp%2Fv2%2Fcomments&post=8824"}],"wp:featuredmedia":[{"embeddable":true,"href":"https:\/\/anopri.com\/index.php?rest_route=\/wp\/v2\/media\/7393"}],"wp:attachment":[{"href":"https:\/\/anopri.com\/index.php?rest_route=%2Fwp%2Fv2%2Fmedia&parent=8824"}],"wp:term":[{"taxonomy":"product_brand","embeddable":true,"href":"https:\/\/anopri.com\/index.php?rest_route=%2Fwp%2Fv2%2Fproduct_brand&post=8824"},{"taxonomy":"product_cat","embeddable":true,"href":"https:\/\/anopri.com\/index.php?rest_route=%2Fwp%2Fv2%2Fproduct_cat&post=8824"},{"taxonomy":"product_tag","embeddable":true,"href":"https:\/\/anopri.com\/index.php?rest_route=%2Fwp%2Fv2%2Fproduct_tag&post=8824"},{"taxonomy":"product_brands","embeddable":true,"href":"https:\/\/anopri.com\/index.php?rest_route=%2Fwp%2Fv2%2Fproduct_brands&post=8824"}],"curies":[{"name":"wp","href":"https:\/\/api.w.org\/{rel}","templated":true}]}}