{"id":8815,"date":"2026-04-25T13:05:52","date_gmt":"2026-04-25T13:05:52","guid":{"rendered":"https:\/\/anopri.com\/?post_type=product&#038;p=8815"},"modified":"2026-04-25T13:05:56","modified_gmt":"2026-04-25T13:05:56","slug":"homelux-batterie-de-cuisine-de-10-pieces","status":"publish","type":"product","link":"https:\/\/anopri.com\/?product=homelux-batterie-de-cuisine-de-10-pieces","title":{"rendered":"Homelux-Batterie de cuisine de 10 pi\u00e8ces"},"content":{"rendered":"<ul class=\"a-unordered-list a-vertical a-spacing-mini\">\n<li><span class=\"a-list-item\">Set de ustensiles de cuisine inclus \u2013 Po\u00eale \u00e0 sauce avec couvercle \u00d8 16 x 7,5 cm \u2013 Marmite avec couvercle \u00d8 20 x 9,5 cm \u2013 Marmite avec couvercle \u00d8 24 x 12 cm \u2013 Marmite avec couvercle \u00d8 28 x 12,5 cm \u2013 Po\u00eale \u00d8 24 x 5,5 cm<\/span><\/li>\n<li><span class=\"a-list-item\">Rev\u00eatement ultra anti-adh\u00e9sif : la surface de cuisson antiadh\u00e9sive est recouverte de 2 rev\u00eatements en marbre noir antiadh\u00e9sif et d&#8217;un rev\u00eatement ext\u00e9rieur noir r\u00e9sistant \u00e0 la chaleur. 100 % sans PFOA, PFOS et autres produits chimiques toxiques.<\/span><\/li>\n<li><span class=\"a-list-item\">Ustensiles de cuisine double en aluminium &#8211; Le rev\u00eatement des ustensiles de cuisine est assez durable pour \u00e9viter les rayures caus\u00e9es par les spatules en m\u00e9tal, les cuill\u00e8res et plus encore, tandis que l&#8217;ext\u00e9rieur en aluminium est \u00e9tanche, non poreux et tr\u00e8s r\u00e9sistant \u00e0 l&#8217;usure pour une performance durable. Couvercle en verre tremp\u00e9 ventil\u00e9 qui retient la chaleur et l&#8217;humidit\u00e9.<\/span><\/li>\n<li><span class=\"a-list-item\">Passe au lave-vaisselle &#8211; Facile \u00e0 nettoyer et passe au lave-vaisselle &#8211; Passez moins de temps \u00e0 nettoyer. Int\u00e9rieur et ext\u00e9rieur antiadh\u00e9sif pour une cuisson \u00e0 faible teneur en graisse et un nettoyage facile.<\/span><\/li>\n<li><span class=\"a-list-item\">Batterie de cuisine \u00e0 induction &amp; poign\u00e9e Cool Touch \u2013 Cette batterie de cuisine est s\u00fbre pour une utilisation dans le gaz, \u00e9lectrique, antiadh\u00e9sif et les compteurs \u00e0 induction. Poign\u00e9es Cool Touch ergonomiques et r\u00e9sistantes \u00e0 la chaleur pour une cuisson confortable et s\u00fbre.<\/span><\/li>\n<\/ul>\n","protected":false},"excerpt":{"rendered":"<p>Ensemble de po\u00eales 10 pi\u00e8ces super \u00e9tanches Homelux<br \/>\nDans une cuisine, diff\u00e9rents plats sont souvent pr\u00e9par\u00e9s pour lesquels diff\u00e9rents types de casseroles sont souhaitables. Homelux a une solution pour cela: un ensemble de 10 casseroles avec diff\u00e9rentes casseroles \u00e0 des fins diff\u00e9rentes. Les ensembles de 10 casseroles Homelux se composent de trois casseroles, deux po\u00eales et une casserole. Les trois casseroles de cuisson ont des diam\u00e8tres diff\u00e9rents de 20, 24 et 28 cm et sont \u00e9quip\u00e9es d&#8217;un couvercle en verre. Les deux po\u00eales \u00e0 frire sont fournies dans les tailles 24 et 28 centim\u00e8tres qui peuvent \u00eatre utilis\u00e9es \u00e0 des fins diff\u00e9rentes. La casserole a un diam\u00e8tre de 16 cm et est \u00e9galement livr\u00e9e avec un couvercle en verre. En bref, l&#8217;ensemble de 10 casseroles Homelux comprend diff\u00e9rentes casseroles qui peuvent \u00eatre utilis\u00e9es pour diff\u00e9rents plats. Sans parler d&#8217;un v\u00e9ritable accroche-regard dans votre cuisine.<\/p>\n","protected":false},"featured_media":7379,"comment_status":"closed","ping_status":"closed","template":"","meta":{"_bst_post_transparent":"","_bst_post_title":"","_bst_post_layout":"","_bst_post_sidebar_id":"","_bst_post_content_style":"","_bst_post_vertical_padding":"","_bst_post_feature":"","_bst_post_feature_position":"","_bst_post_header":false,"_bst_post_footer":false},"product_brand":[],"product_cat":[185],"product_tag":[],"product_brands":[],"class_list":{"0":"post-8815","1":"product","2":"type-product","3":"status-publish","4":"has-post-thumbnail","6":"product_cat-articles-de-cuisine","8":"first","9":"instock","10":"purchasable","11":"product-type-simple","12":"entry","13":"content-bg","14":"loop-entry"},"_links":{"self":[{"href":"https:\/\/anopri.com\/index.php?rest_route=\/wp\/v2\/product\/8815","targetHints":{"allow":["GET"]}}],"collection":[{"href":"https:\/\/anopri.com\/index.php?rest_route=\/wp\/v2\/product"}],"about":[{"href":"https:\/\/anopri.com\/index.php?rest_route=\/wp\/v2\/types\/product"}],"replies":[{"embeddable":true,"href":"https:\/\/anopri.com\/index.php?rest_route=%2Fwp%2Fv2%2Fcomments&post=8815"}],"wp:featuredmedia":[{"embeddable":true,"href":"https:\/\/anopri.com\/index.php?rest_route=\/wp\/v2\/media\/7379"}],"wp:attachment":[{"href":"https:\/\/anopri.com\/index.php?rest_route=%2Fwp%2Fv2%2Fmedia&parent=8815"}],"wp:term":[{"taxonomy":"product_brand","embeddable":true,"href":"https:\/\/anopri.com\/index.php?rest_route=%2Fwp%2Fv2%2Fproduct_brand&post=8815"},{"taxonomy":"product_cat","embeddable":true,"href":"https:\/\/anopri.com\/index.php?rest_route=%2Fwp%2Fv2%2Fproduct_cat&post=8815"},{"taxonomy":"product_tag","embeddable":true,"href":"https:\/\/anopri.com\/index.php?rest_route=%2Fwp%2Fv2%2Fproduct_tag&post=8815"},{"taxonomy":"product_brands","embeddable":true,"href":"https:\/\/anopri.com\/index.php?rest_route=%2Fwp%2Fv2%2Fproduct_brands&post=8815"}],"curies":[{"name":"wp","href":"https:\/\/api.w.org\/{rel}","templated":true}]}}