{"id":8814,"date":"2026-04-25T13:05:52","date_gmt":"2026-04-25T13:05:52","guid":{"rendered":"https:\/\/anopri.com\/?post_type=product&#038;p=8814"},"modified":"2026-04-25T13:05:55","modified_gmt":"2026-04-25T13:05:55","slug":"batteur-a-main-sms-250-2-avec-accessoires-250-w","status":"publish","type":"product","link":"https:\/\/anopri.com\/?product=batteur-a-main-sms-250-2-avec-accessoires-250-w","title":{"rendered":"batteur \u00e0 main SMS-250.2 ; avec accessoires 250 W"},"content":{"rendered":"<ul>\n<li><strong>Marque:\u00a0<\/strong>Royalty Line<\/li>\n<li><strong>Type de produit:\u00a0<\/strong>M\u00e9l\u00e9ngeur \u00e9lectrique<\/li>\n<li><strong>Cat\u00e9gorie:\u00a0<\/strong>Electrom\u00e9nager<\/li>\n<li><strong>Mod\u00e8le:\u00a0<\/strong>SMS-250.2<\/li>\n<li><strong>Puissance:<\/strong>250W<\/li>\n<li><strong>Batteuse int\u00e9gr\u00e9e<\/strong><\/li>\n<li><strong>Poids<\/strong>: 1.5 kg<\/li>\n<li><strong>Dimensions<\/strong>: 24 x 22 x 14 cm<\/li>\n<li><strong>Garantie<\/strong>: 3 mois<\/li>\n<\/ul>\n","protected":false},"excerpt":{"rendered":"<p>Ce Batteur \u00e0 main avec accessoires est l&#8217;un des appareils \u00e9lectriques les plus pratiques que vous ayez dans la cuisine. Vous pouvez l&#8217;utiliser presque tous les jours. Vous pouvez l&#8217;utiliser pour pr\u00e9parer des sauces, des cr\u00e8mes, des soupes. La bo\u00eete collectrice vous aidera \u00e0 d\u00e9guster des l\u00e9gumes, des amandes \u00e0 tartiner, du fromage, de la viande, de la cr\u00e8me ou des blancs d&#8217;\u0153ufs. Caract\u00e9ristiques : couteaux en acier inoxydable Longueur du cordon : 1,2 m Hauteur sans rallonge : env. 23 cm Hauteur de la rallonge : environ 3 cm Longueur de la lame : 3,8cm Puissance : 250 WLa rallonge amovible Poids avec adaptateur : 580g Sans accessoire Poids : 490 g2 vitesses<\/p>\n","protected":false},"featured_media":7377,"comment_status":"closed","ping_status":"closed","template":"","meta":{"_bst_post_transparent":"","_bst_post_title":"","_bst_post_layout":"","_bst_post_sidebar_id":"","_bst_post_content_style":"","_bst_post_vertical_padding":"","_bst_post_feature":"","_bst_post_feature_position":"","_bst_post_header":false,"_bst_post_footer":false},"product_brand":[],"product_cat":[145],"product_tag":[],"product_brands":[],"class_list":{"0":"post-8814","1":"product","2":"type-product","3":"status-publish","4":"has-post-thumbnail","6":"product_cat-electromenager","8":"first","9":"instock","10":"purchasable","11":"product-type-simple","12":"entry","13":"content-bg","14":"loop-entry"},"_links":{"self":[{"href":"https:\/\/anopri.com\/index.php?rest_route=\/wp\/v2\/product\/8814","targetHints":{"allow":["GET"]}}],"collection":[{"href":"https:\/\/anopri.com\/index.php?rest_route=\/wp\/v2\/product"}],"about":[{"href":"https:\/\/anopri.com\/index.php?rest_route=\/wp\/v2\/types\/product"}],"replies":[{"embeddable":true,"href":"https:\/\/anopri.com\/index.php?rest_route=%2Fwp%2Fv2%2Fcomments&post=8814"}],"wp:featuredmedia":[{"embeddable":true,"href":"https:\/\/anopri.com\/index.php?rest_route=\/wp\/v2\/media\/7377"}],"wp:attachment":[{"href":"https:\/\/anopri.com\/index.php?rest_route=%2Fwp%2Fv2%2Fmedia&parent=8814"}],"wp:term":[{"taxonomy":"product_brand","embeddable":true,"href":"https:\/\/anopri.com\/index.php?rest_route=%2Fwp%2Fv2%2Fproduct_brand&post=8814"},{"taxonomy":"product_cat","embeddable":true,"href":"https:\/\/anopri.com\/index.php?rest_route=%2Fwp%2Fv2%2Fproduct_cat&post=8814"},{"taxonomy":"product_tag","embeddable":true,"href":"https:\/\/anopri.com\/index.php?rest_route=%2Fwp%2Fv2%2Fproduct_tag&post=8814"},{"taxonomy":"product_brands","embeddable":true,"href":"https:\/\/anopri.com\/index.php?rest_route=%2Fwp%2Fv2%2Fproduct_brands&post=8814"}],"curies":[{"name":"wp","href":"https:\/\/api.w.org\/{rel}","templated":true}]}}