{"id":8812,"date":"2026-04-25T13:05:52","date_gmt":"2026-04-25T13:05:52","guid":{"rendered":"https:\/\/anopri.com\/?post_type=product&#038;p=8812"},"modified":"2026-04-25T13:05:55","modified_gmt":"2026-04-25T13:05:55","slug":"machine-a-cupcake-cm-1000-417-1","status":"publish","type":"product","link":"https:\/\/anopri.com\/?product=machine-a-cupcake-cm-1000-417-1","title":{"rendered":"Machine \u00e0 Cupcake CM 1000.417.1"},"content":{"rendered":"<p>Appareil \u00e0 cupcake capacit\u00e9: 7 cupcake r\u00e9alise en quelques minutes de d\u00e9licieux cupcake tr\u00e8s simple d&#8217;utilisation plaque anti-adh\u00e9sive pour un nettoyage facile contr\u00f4le de temp\u00e9rature automatique bouton marche\/arr\u00eat et \u00ab pr\u00eat \u00bb avec voyant lumineux El\u00e9ments d\u00e9tachables pour une facilit\u00e9 de nettoyage Pieds r\u00e9sistants rangement du cordon.<\/p>\n","protected":false},"excerpt":{"rendered":"<p>Appareil \u00e0 cupcake capacit\u00e9: 7 cupcake r\u00e9alise en quelques minutes de d\u00e9licieux cupcake tr\u00e8s simple d&#8217;utilisation plaque anti-adh\u00e9sive pour un nettoyage facile contr\u00f4le de temp\u00e9rature automatique bouton marche\/arr\u00eat et \u00ab pr\u00eat \u00bb avec voyant lumineux El\u00e9ments d\u00e9tachables pour une facilit\u00e9 de nettoyage Pieds r\u00e9sistants rangement du cordon.<\/p>\n","protected":false},"featured_media":7374,"comment_status":"closed","ping_status":"closed","template":"","meta":{"_bst_post_transparent":"","_bst_post_title":"","_bst_post_layout":"","_bst_post_sidebar_id":"","_bst_post_content_style":"","_bst_post_vertical_padding":"","_bst_post_feature":"","_bst_post_feature_position":"","_bst_post_header":false,"_bst_post_footer":false},"product_brand":[],"product_cat":[145],"product_tag":[],"product_brands":[],"class_list":{"0":"post-8812","1":"product","2":"type-product","3":"status-publish","4":"has-post-thumbnail","6":"product_cat-electromenager","8":"first","9":"instock","10":"purchasable","11":"product-type-simple","12":"entry","13":"content-bg","14":"loop-entry"},"_links":{"self":[{"href":"https:\/\/anopri.com\/index.php?rest_route=\/wp\/v2\/product\/8812","targetHints":{"allow":["GET"]}}],"collection":[{"href":"https:\/\/anopri.com\/index.php?rest_route=\/wp\/v2\/product"}],"about":[{"href":"https:\/\/anopri.com\/index.php?rest_route=\/wp\/v2\/types\/product"}],"replies":[{"embeddable":true,"href":"https:\/\/anopri.com\/index.php?rest_route=%2Fwp%2Fv2%2Fcomments&post=8812"}],"wp:featuredmedia":[{"embeddable":true,"href":"https:\/\/anopri.com\/index.php?rest_route=\/wp\/v2\/media\/7374"}],"wp:attachment":[{"href":"https:\/\/anopri.com\/index.php?rest_route=%2Fwp%2Fv2%2Fmedia&parent=8812"}],"wp:term":[{"taxonomy":"product_brand","embeddable":true,"href":"https:\/\/anopri.com\/index.php?rest_route=%2Fwp%2Fv2%2Fproduct_brand&post=8812"},{"taxonomy":"product_cat","embeddable":true,"href":"https:\/\/anopri.com\/index.php?rest_route=%2Fwp%2Fv2%2Fproduct_cat&post=8812"},{"taxonomy":"product_tag","embeddable":true,"href":"https:\/\/anopri.com\/index.php?rest_route=%2Fwp%2Fv2%2Fproduct_tag&post=8812"},{"taxonomy":"product_brands","embeddable":true,"href":"https:\/\/anopri.com\/index.php?rest_route=%2Fwp%2Fv2%2Fproduct_brands&post=8812"}],"curies":[{"name":"wp","href":"https:\/\/api.w.org\/{rel}","templated":true}]}}