{"id":8811,"date":"2026-04-25T13:05:52","date_gmt":"2026-04-25T13:05:52","guid":{"rendered":"https:\/\/anopri.com\/?post_type=product&#038;p=8811"},"modified":"2026-04-25T13:05:55","modified_gmt":"2026-04-25T13:05:55","slug":"batteur-de-cuisine-rosenberg-je-901e","status":"publish","type":"product","link":"https:\/\/anopri.com\/?product=batteur-de-cuisine-rosenberg-je-901e","title":{"rendered":"Batteur De cuisine Rosenberg JE 901E"},"content":{"rendered":"<p><span>-M\u00e9langeur performant pour m\u00e9langer et fouetter<\/span><br \/>\n<span>-Puissance 300W<\/span><br \/>\n<span>-7 vitesses<\/span><br \/>\n<span>-Ensemble complet : fouets, crochets p\u00e9trisseurs<\/span><\/p>\n<p dir=\"ltr\"><span>Batteur \u00e0 main Rosenberg JE 901E Nouveau pour 519 UAH &#8211; un appareil pratique qui aide l&#8217;h\u00f4tesse \u00e0 cr\u00e9er de d\u00e9licieux plats dans la cuisine.\u00a0Il a un design ergonomique confortable qui tient parfaitement dans votre main, et le m\u00e9langeur est \u00e9l\u00e9gant et moderne.<\/span><\/p>\n<p dir=\"ltr\"><span>L&#8217;appareil dispose d&#8217;un moteur puissant et se caract\u00e9rise par ses performances.\u00a0Il fait un excellent travail pour fouetter les blancs d&#8217;\u0153ufs et faire une p\u00e2te parfaite.\u00a0Gr\u00e2ce \u00e0 la pr\u00e9sence de plusieurs modes de fonctionnement, vous pouvez r\u00e9gler ind\u00e9pendamment la vitesse de rotation des buses.<\/span><\/p>\n","protected":false},"excerpt":{"rendered":"<p>-M\u00e9langeur performant pour m\u00e9langer et fouetter -Puissance 300W -7 vitesses -Ensemble complet : fouets, crochets p\u00e9trisseurs Batteur \u00e0 main Rosenberg JE 901E Nouveau pour 519 UAH &#8211; un appareil pratique qui aide l&#8217;h\u00f4tesse \u00e0 cr\u00e9er de d\u00e9licieux plats dans la cuisine.\u00a0Il a un design ergonomique confortable qui tient parfaitement dans votre main, et le m\u00e9langeur&#8230;<\/p>\n","protected":false},"featured_media":7371,"comment_status":"closed","ping_status":"closed","template":"","meta":{"_bst_post_transparent":"","_bst_post_title":"","_bst_post_layout":"","_bst_post_sidebar_id":"","_bst_post_content_style":"","_bst_post_vertical_padding":"","_bst_post_feature":"","_bst_post_feature_position":"","_bst_post_header":false,"_bst_post_footer":false},"product_brand":[],"product_cat":[145],"product_tag":[],"product_brands":[],"class_list":{"0":"post-8811","1":"product","2":"type-product","3":"status-publish","4":"has-post-thumbnail","6":"product_cat-electromenager","8":"first","9":"instock","10":"purchasable","11":"product-type-simple","12":"entry","13":"content-bg","14":"loop-entry"},"_links":{"self":[{"href":"https:\/\/anopri.com\/index.php?rest_route=\/wp\/v2\/product\/8811","targetHints":{"allow":["GET"]}}],"collection":[{"href":"https:\/\/anopri.com\/index.php?rest_route=\/wp\/v2\/product"}],"about":[{"href":"https:\/\/anopri.com\/index.php?rest_route=\/wp\/v2\/types\/product"}],"replies":[{"embeddable":true,"href":"https:\/\/anopri.com\/index.php?rest_route=%2Fwp%2Fv2%2Fcomments&post=8811"}],"wp:featuredmedia":[{"embeddable":true,"href":"https:\/\/anopri.com\/index.php?rest_route=\/wp\/v2\/media\/7371"}],"wp:attachment":[{"href":"https:\/\/anopri.com\/index.php?rest_route=%2Fwp%2Fv2%2Fmedia&parent=8811"}],"wp:term":[{"taxonomy":"product_brand","embeddable":true,"href":"https:\/\/anopri.com\/index.php?rest_route=%2Fwp%2Fv2%2Fproduct_brand&post=8811"},{"taxonomy":"product_cat","embeddable":true,"href":"https:\/\/anopri.com\/index.php?rest_route=%2Fwp%2Fv2%2Fproduct_cat&post=8811"},{"taxonomy":"product_tag","embeddable":true,"href":"https:\/\/anopri.com\/index.php?rest_route=%2Fwp%2Fv2%2Fproduct_tag&post=8811"},{"taxonomy":"product_brands","embeddable":true,"href":"https:\/\/anopri.com\/index.php?rest_route=%2Fwp%2Fv2%2Fproduct_brands&post=8811"}],"curies":[{"name":"wp","href":"https:\/\/api.w.org\/{rel}","templated":true}]}}