{"id":8806,"date":"2026-04-25T13:05:51","date_gmt":"2026-04-25T13:05:51","guid":{"rendered":"https:\/\/anopri.com\/?post_type=product&#038;p=8806"},"modified":"2026-04-25T13:05:54","modified_gmt":"2026-04-25T13:05:54","slug":"royalty-line-party-poele-a-pizza-pan-42-cm","status":"publish","type":"product","link":"https:\/\/anopri.com\/?product=royalty-line-party-poele-a-pizza-pan-42-cm","title":{"rendered":"Royalty Line Party Po\u00eale \u00e0 pizza pan 42 cm"},"content":{"rendered":"<p><strong>-Diam\u00e8tre\u202f: 42 cm &#8211; Rev\u00eatement anti-adh\u00e9sif ,Po\u00eale \u00e0 paella Pizza Pan<\/strong><br \/>\n<strong>-Chauffe \u00e0 360 \u00b0<\/strong><br \/>\n<strong>-Le syst\u00e8me de 5 niveaux Thermostat r\u00e9glable | max 1500 W<\/strong><br \/>\n<strong>-Poign\u00e9es de transport<\/strong><\/p>\n","protected":false},"excerpt":{"rendered":"<p>Diam\u00e8tre\u202f: 42 cm &#8211; Rev\u00eatement anti-adh\u00e9sif ,Po\u00eale \u00e0 paella Pizza Pan<br \/>\nChauffe \u00e0 360 \u00b0, ce qui signifie que chaque domaine de la po\u00eale a une temp\u00e9rature gleichm\u00e4sige<br \/>\nLe syst\u00e8me de 5 niveaux Thermostat r\u00e9glable | max 1500 W<br \/>\nPoign\u00e9es de transport<\/p>\n","protected":false},"featured_media":7363,"comment_status":"closed","ping_status":"closed","template":"","meta":{"_bst_post_transparent":"","_bst_post_title":"","_bst_post_layout":"","_bst_post_sidebar_id":"","_bst_post_content_style":"","_bst_post_vertical_padding":"","_bst_post_feature":"","_bst_post_feature_position":"","_bst_post_header":false,"_bst_post_footer":false},"product_brand":[],"product_cat":[145],"product_tag":[],"product_brands":[],"class_list":{"0":"post-8806","1":"product","2":"type-product","3":"status-publish","4":"has-post-thumbnail","6":"product_cat-electromenager","8":"first","9":"instock","10":"purchasable","11":"product-type-simple","12":"entry","13":"content-bg","14":"loop-entry"},"_links":{"self":[{"href":"https:\/\/anopri.com\/index.php?rest_route=\/wp\/v2\/product\/8806","targetHints":{"allow":["GET"]}}],"collection":[{"href":"https:\/\/anopri.com\/index.php?rest_route=\/wp\/v2\/product"}],"about":[{"href":"https:\/\/anopri.com\/index.php?rest_route=\/wp\/v2\/types\/product"}],"replies":[{"embeddable":true,"href":"https:\/\/anopri.com\/index.php?rest_route=%2Fwp%2Fv2%2Fcomments&post=8806"}],"wp:featuredmedia":[{"embeddable":true,"href":"https:\/\/anopri.com\/index.php?rest_route=\/wp\/v2\/media\/7363"}],"wp:attachment":[{"href":"https:\/\/anopri.com\/index.php?rest_route=%2Fwp%2Fv2%2Fmedia&parent=8806"}],"wp:term":[{"taxonomy":"product_brand","embeddable":true,"href":"https:\/\/anopri.com\/index.php?rest_route=%2Fwp%2Fv2%2Fproduct_brand&post=8806"},{"taxonomy":"product_cat","embeddable":true,"href":"https:\/\/anopri.com\/index.php?rest_route=%2Fwp%2Fv2%2Fproduct_cat&post=8806"},{"taxonomy":"product_tag","embeddable":true,"href":"https:\/\/anopri.com\/index.php?rest_route=%2Fwp%2Fv2%2Fproduct_tag&post=8806"},{"taxonomy":"product_brands","embeddable":true,"href":"https:\/\/anopri.com\/index.php?rest_route=%2Fwp%2Fv2%2Fproduct_brands&post=8806"}],"curies":[{"name":"wp","href":"https:\/\/api.w.org\/{rel}","templated":true}]}}