{"id":8804,"date":"2026-04-25T13:05:51","date_gmt":"2026-04-25T13:05:51","guid":{"rendered":"https:\/\/anopri.com\/?post_type=product&#038;p=8804"},"modified":"2026-04-25T13:05:54","modified_gmt":"2026-04-25T13:05:54","slug":"cuisiniere-a-gaz-oscar-5-foyers-porte-gaz-60x90","status":"publish","type":"product","link":"https:\/\/anopri.com\/?product=cuisiniere-a-gaz-oscar-5-foyers-porte-gaz-60x90","title":{"rendered":"Cuisini\u00e8re \u00e0 gaz Oscar 5 foyers Porte gaz &#8211; 60&#215;90"},"content":{"rendered":"<ul>\n<li><strong>Type de produit<\/strong>: Cuisini\u00e8re \u00e0 gaz<\/li>\n<li><strong>Marque:<\/strong>\u00a0Oscar<\/li>\n<li><strong>Mat\u00e9riau:<\/strong>\u00a0Acier inoxydable<\/li>\n<li><strong>Br\u00fbleur<\/strong>: \u00e0 gaz<\/li>\n<li><strong>Nombre de br\u00fbleurs<\/strong>: 5<\/li>\n<li><strong>Dimension:<\/strong>\u00a060 x 90 cm<\/li>\n<li><strong>Capacit\u00e9 net du four<\/strong>: 20L<\/li>\n<li><strong>Porte Four:<\/strong>\u00a0Double vitrage<\/li>\n<li><strong>Garantie:<\/strong>\u00a06 Mois<\/li>\n<\/ul>\n","protected":false},"excerpt":{"rendered":"<p>Type de produit: Cuisini\u00e8re \u00e0 gaz Marque:\u00a0Oscar Mat\u00e9riau:\u00a0Acier inoxydable Br\u00fbleur: \u00e0 gaz Nombre de br\u00fbleurs: 5 Dimension:\u00a060 x 90 cm Capacit\u00e9 net du four: 20L Porte Four:\u00a0Double vitrage Garantie:\u00a06 Mois<\/p>\n","protected":false},"featured_media":7360,"comment_status":"closed","ping_status":"closed","template":"","meta":{"_bst_post_transparent":"","_bst_post_title":"","_bst_post_layout":"","_bst_post_sidebar_id":"","_bst_post_content_style":"","_bst_post_vertical_padding":"","_bst_post_feature":"","_bst_post_feature_position":"","_bst_post_header":false,"_bst_post_footer":false},"product_brand":[],"product_cat":[151,145],"product_tag":[],"product_brands":[],"class_list":{"0":"post-8804","1":"product","2":"type-product","3":"status-publish","4":"has-post-thumbnail","6":"product_cat-cuisiniere","7":"product_cat-electromenager","9":"first","10":"instock","11":"purchasable","12":"product-type-simple","13":"entry","14":"content-bg","15":"loop-entry"},"_links":{"self":[{"href":"https:\/\/anopri.com\/index.php?rest_route=\/wp\/v2\/product\/8804","targetHints":{"allow":["GET"]}}],"collection":[{"href":"https:\/\/anopri.com\/index.php?rest_route=\/wp\/v2\/product"}],"about":[{"href":"https:\/\/anopri.com\/index.php?rest_route=\/wp\/v2\/types\/product"}],"replies":[{"embeddable":true,"href":"https:\/\/anopri.com\/index.php?rest_route=%2Fwp%2Fv2%2Fcomments&post=8804"}],"wp:featuredmedia":[{"embeddable":true,"href":"https:\/\/anopri.com\/index.php?rest_route=\/wp\/v2\/media\/7360"}],"wp:attachment":[{"href":"https:\/\/anopri.com\/index.php?rest_route=%2Fwp%2Fv2%2Fmedia&parent=8804"}],"wp:term":[{"taxonomy":"product_brand","embeddable":true,"href":"https:\/\/anopri.com\/index.php?rest_route=%2Fwp%2Fv2%2Fproduct_brand&post=8804"},{"taxonomy":"product_cat","embeddable":true,"href":"https:\/\/anopri.com\/index.php?rest_route=%2Fwp%2Fv2%2Fproduct_cat&post=8804"},{"taxonomy":"product_tag","embeddable":true,"href":"https:\/\/anopri.com\/index.php?rest_route=%2Fwp%2Fv2%2Fproduct_tag&post=8804"},{"taxonomy":"product_brands","embeddable":true,"href":"https:\/\/anopri.com\/index.php?rest_route=%2Fwp%2Fv2%2Fproduct_brands&post=8804"}],"curies":[{"name":"wp","href":"https:\/\/api.w.org\/{rel}","templated":true}]}}