{"id":8802,"date":"2026-04-25T13:05:51","date_gmt":"2026-04-25T13:05:51","guid":{"rendered":"https:\/\/anopri.com\/?post_type=product&#038;p=8802"},"modified":"2026-04-25T13:05:54","modified_gmt":"2026-04-25T13:05:54","slug":"refrigerateur-combine-innova-in-439-bleu-320-litres","status":"publish","type":"product","link":"https:\/\/anopri.com\/?product=refrigerateur-combine-innova-in-439-bleu-320-litres","title":{"rendered":"R\u00e9frig\u00e9rateur combin\u00e9 Innova IN-439 bleu 320 litres"},"content":{"rendered":"<p>Marque: INNOVA<br \/>\nMod\u00e8le: INNOVA &#8211; IN439<br \/>\nContenance: 320 litres<br \/>\nType de produit: R\u00e9frig\u00e9rateur combin\u00e9<br \/>\nMat\u00e9riaux: Aluminium<br \/>\nNombre de paniers: 2<br \/>\nD\u00e9givrage Drain: Oui<br \/>\nTension: 220 V- 240 V<br \/>\nFr\u00e9quence: 50 Hz<br \/>\nGarantie: 1 AN<\/p>\n","protected":false},"excerpt":{"rendered":"<p>Marque: INNOVA Mod\u00e8le: INNOVA &#8211; IN439 Contenance: 320 litres Type de produit: R\u00e9frig\u00e9rateur combin\u00e9 Mat\u00e9riaux: Aluminium Nombre de paniers: 2 D\u00e9givrage Drain: Oui Tension: 220 V- 240 V Fr\u00e9quence: 50 Hz Garantie: 1 AN<\/p>\n","protected":false},"featured_media":7354,"comment_status":"closed","ping_status":"closed","template":"","meta":{"_bst_post_transparent":"","_bst_post_title":"","_bst_post_layout":"","_bst_post_sidebar_id":"","_bst_post_content_style":"","_bst_post_vertical_padding":"","_bst_post_feature":"","_bst_post_feature_position":"","_bst_post_header":false,"_bst_post_footer":false},"product_brand":[],"product_cat":[157],"product_tag":[],"product_brands":[],"class_list":{"0":"post-8802","1":"product","2":"type-product","3":"status-publish","4":"has-post-thumbnail","6":"product_cat-refrigerateur","8":"first","9":"instock","10":"purchasable","11":"product-type-simple","12":"entry","13":"content-bg","14":"loop-entry"},"_links":{"self":[{"href":"https:\/\/anopri.com\/index.php?rest_route=\/wp\/v2\/product\/8802","targetHints":{"allow":["GET"]}}],"collection":[{"href":"https:\/\/anopri.com\/index.php?rest_route=\/wp\/v2\/product"}],"about":[{"href":"https:\/\/anopri.com\/index.php?rest_route=\/wp\/v2\/types\/product"}],"replies":[{"embeddable":true,"href":"https:\/\/anopri.com\/index.php?rest_route=%2Fwp%2Fv2%2Fcomments&post=8802"}],"wp:featuredmedia":[{"embeddable":true,"href":"https:\/\/anopri.com\/index.php?rest_route=\/wp\/v2\/media\/7354"}],"wp:attachment":[{"href":"https:\/\/anopri.com\/index.php?rest_route=%2Fwp%2Fv2%2Fmedia&parent=8802"}],"wp:term":[{"taxonomy":"product_brand","embeddable":true,"href":"https:\/\/anopri.com\/index.php?rest_route=%2Fwp%2Fv2%2Fproduct_brand&post=8802"},{"taxonomy":"product_cat","embeddable":true,"href":"https:\/\/anopri.com\/index.php?rest_route=%2Fwp%2Fv2%2Fproduct_cat&post=8802"},{"taxonomy":"product_tag","embeddable":true,"href":"https:\/\/anopri.com\/index.php?rest_route=%2Fwp%2Fv2%2Fproduct_tag&post=8802"},{"taxonomy":"product_brands","embeddable":true,"href":"https:\/\/anopri.com\/index.php?rest_route=%2Fwp%2Fv2%2Fproduct_brands&post=8802"}],"curies":[{"name":"wp","href":"https:\/\/api.w.org\/{rel}","templated":true}]}}