{"id":8801,"date":"2026-04-25T13:05:51","date_gmt":"2026-04-25T13:05:51","guid":{"rendered":"https:\/\/anopri.com\/?post_type=product&#038;p=8801"},"modified":"2026-04-25T13:05:53","modified_gmt":"2026-04-25T13:05:53","slug":"refrigerateur-hisense-rd-40dc-303l","status":"publish","type":"product","link":"https:\/\/anopri.com\/?product=refrigerateur-hisense-rd-40dc-303l","title":{"rendered":"REFRIGERATEUR HISENSE RD-40DC- 303L"},"content":{"rendered":"<p>Vous envisagez d\u2019acheter un r\u00e9frig\u00e9rateur efficace? Partez pour les incroyables frigos Hisense disponibles \u00e0 Glotelho. Chez Hisense, l\u2019accent est mis sur l\u2019innovation et la qualit\u00e9. La soci\u00e9t\u00e9 dispose d\u2019un r\u00e9seau mondial de R&amp;D de plus de 3000 ing\u00e9nieurs et dispose d\u2019un centre R&amp;D au niveau national, d\u2019un poste de travail de recherche post-doctorale et d\u2019un laboratoire de technologie multim\u00e9dia de pointe. Elle a re\u00e7u plusieurs distinctions et r\u00e9compenses au nom de l\u2019innovation, de la technologie, du design et de la gestion de la qualit\u00e9.<\/p>\n","protected":false},"excerpt":{"rendered":"<p><strong>Type de produit:\u00a0<\/strong>r\u00e9frig\u00e9rateur<\/p>\n<p><strong>Marque:\u00a0<\/strong>Hisense<\/p>\n<p><strong>Mod\u00e8le:\u00a0<\/strong>40DC<\/p>\n<p><strong>Contenance: 303<\/strong>L<\/p>\n<p><strong>Capacit\u00e9 r\u00e9frig\u00e9rateur:\u00a0<\/strong>211 L<\/p>\n<p><strong>Capacit\u00e9 cong\u00e9lateur:<\/strong>\u00a092 L<\/p>\n<p><strong>Type de R\u00e9frig\u00e9rateur:\u00a0<\/strong>combin\u00e9<\/p>\n<p><strong>Dimensions cm: 123cmx 47cm<\/strong><\/p>\n<p><strong>Classe Energ\u00e9tique:\u00a0<\/strong>A+<\/p>\n<p><strong>Classe Climatique:\u00a0<\/strong>ST<\/p>\n<p><strong>R\u00e9glage Thermostat:\u00a0<\/strong>oui<\/p>\n<p><strong>Consommation:<\/strong>\u00a00,55 kWh \/ 24h<\/p>\n<p><strong>Garantie:\u00a0<\/strong>06 mois<\/p>\n","protected":false},"featured_media":7351,"comment_status":"closed","ping_status":"closed","template":"","meta":{"_bst_post_transparent":"","_bst_post_title":"","_bst_post_layout":"","_bst_post_sidebar_id":"","_bst_post_content_style":"","_bst_post_vertical_padding":"","_bst_post_feature":"","_bst_post_feature_position":"","_bst_post_header":false,"_bst_post_footer":false},"product_brand":[],"product_cat":[145,157],"product_tag":[],"product_brands":[],"class_list":{"0":"post-8801","1":"product","2":"type-product","3":"status-publish","4":"has-post-thumbnail","6":"product_cat-electromenager","7":"product_cat-refrigerateur","9":"first","10":"instock","11":"purchasable","12":"product-type-simple","13":"entry","14":"content-bg","15":"loop-entry"},"_links":{"self":[{"href":"https:\/\/anopri.com\/index.php?rest_route=\/wp\/v2\/product\/8801","targetHints":{"allow":["GET"]}}],"collection":[{"href":"https:\/\/anopri.com\/index.php?rest_route=\/wp\/v2\/product"}],"about":[{"href":"https:\/\/anopri.com\/index.php?rest_route=\/wp\/v2\/types\/product"}],"replies":[{"embeddable":true,"href":"https:\/\/anopri.com\/index.php?rest_route=%2Fwp%2Fv2%2Fcomments&post=8801"}],"wp:featuredmedia":[{"embeddable":true,"href":"https:\/\/anopri.com\/index.php?rest_route=\/wp\/v2\/media\/7351"}],"wp:attachment":[{"href":"https:\/\/anopri.com\/index.php?rest_route=%2Fwp%2Fv2%2Fmedia&parent=8801"}],"wp:term":[{"taxonomy":"product_brand","embeddable":true,"href":"https:\/\/anopri.com\/index.php?rest_route=%2Fwp%2Fv2%2Fproduct_brand&post=8801"},{"taxonomy":"product_cat","embeddable":true,"href":"https:\/\/anopri.com\/index.php?rest_route=%2Fwp%2Fv2%2Fproduct_cat&post=8801"},{"taxonomy":"product_tag","embeddable":true,"href":"https:\/\/anopri.com\/index.php?rest_route=%2Fwp%2Fv2%2Fproduct_tag&post=8801"},{"taxonomy":"product_brands","embeddable":true,"href":"https:\/\/anopri.com\/index.php?rest_route=%2Fwp%2Fv2%2Fproduct_brands&post=8801"}],"curies":[{"name":"wp","href":"https:\/\/api.w.org\/{rel}","templated":true}]}}