{"id":8800,"date":"2026-04-25T13:05:51","date_gmt":"2026-04-25T13:05:51","guid":{"rendered":"https:\/\/anopri.com\/?post_type=product&#038;p=8800"},"modified":"2026-04-25T13:05:53","modified_gmt":"2026-04-25T13:05:53","slug":"refrigerateur-hisense-rd-39dr-02-portes","status":"publish","type":"product","link":"https:\/\/anopri.com\/?product=refrigerateur-hisense-rd-39dr-02-portes","title":{"rendered":"REFRIGERATEUR HISENSE RD 39DR 02 PORTES"},"content":{"rendered":"<ul>\n<li><strong>Type de produit:\u00a0<\/strong>r\u00e9frig\u00e9rateur<\/li>\n<li><strong>Marque:\u00a0<\/strong>Hisense<\/li>\n<li><strong>Mod\u00e8le:\u00a0<\/strong>39DR<\/li>\n<li><strong>Contenance:\u00a0<\/strong>220L<\/li>\n<li><strong>Type de R\u00e9frig\u00e9rateur:\u00a0<\/strong>combin\u00e9<\/li>\n<li><strong>Dimensions cm: 123cmx 47cm<\/strong><\/li>\n<li><strong>Classe Energ\u00e9tique:\u00a0<\/strong>A+<\/li>\n<li><strong>Classe Climatique:\u00a0<\/strong>ST<\/li>\n<li><strong>R\u00e9glage Thermostat:\u00a0<\/strong>oui<\/li>\n<li><strong>Consommation:<\/strong>\u00a00,55 kWh \/ 24h<\/li>\n<li><strong>Garantie:\u00a0<\/strong>06 mois<\/li>\n<\/ul>\n","protected":false},"excerpt":{"rendered":"<p>Choisir un bon r\u00e9frig\u00e9rateur peut vite devenir une t\u00e2che ardue\u2026Donc, nous nous assurons que les r\u00e9frig\u00e9rateurs Hisense, qu\u2019ils soient am\u00e9ricain, combin\u00e9, simple ou multi portes, respectent des normes exigeantes, proposent un design moderne et des fonctionnalit\u00e9s utiles au quotidien, afin que votre choix ne puisse jamais vous d\u00e9cevoir.<\/p>\n","protected":false},"featured_media":7349,"comment_status":"closed","ping_status":"closed","template":"","meta":{"_bst_post_transparent":"","_bst_post_title":"","_bst_post_layout":"","_bst_post_sidebar_id":"","_bst_post_content_style":"","_bst_post_vertical_padding":"","_bst_post_feature":"","_bst_post_feature_position":"","_bst_post_header":false,"_bst_post_footer":false},"product_brand":[],"product_cat":[157],"product_tag":[],"product_brands":[],"class_list":{"0":"post-8800","1":"product","2":"type-product","3":"status-publish","4":"has-post-thumbnail","6":"product_cat-refrigerateur","8":"first","9":"instock","10":"purchasable","11":"product-type-simple","12":"entry","13":"content-bg","14":"loop-entry"},"_links":{"self":[{"href":"https:\/\/anopri.com\/index.php?rest_route=\/wp\/v2\/product\/8800","targetHints":{"allow":["GET"]}}],"collection":[{"href":"https:\/\/anopri.com\/index.php?rest_route=\/wp\/v2\/product"}],"about":[{"href":"https:\/\/anopri.com\/index.php?rest_route=\/wp\/v2\/types\/product"}],"replies":[{"embeddable":true,"href":"https:\/\/anopri.com\/index.php?rest_route=%2Fwp%2Fv2%2Fcomments&post=8800"}],"wp:featuredmedia":[{"embeddable":true,"href":"https:\/\/anopri.com\/index.php?rest_route=\/wp\/v2\/media\/7349"}],"wp:attachment":[{"href":"https:\/\/anopri.com\/index.php?rest_route=%2Fwp%2Fv2%2Fmedia&parent=8800"}],"wp:term":[{"taxonomy":"product_brand","embeddable":true,"href":"https:\/\/anopri.com\/index.php?rest_route=%2Fwp%2Fv2%2Fproduct_brand&post=8800"},{"taxonomy":"product_cat","embeddable":true,"href":"https:\/\/anopri.com\/index.php?rest_route=%2Fwp%2Fv2%2Fproduct_cat&post=8800"},{"taxonomy":"product_tag","embeddable":true,"href":"https:\/\/anopri.com\/index.php?rest_route=%2Fwp%2Fv2%2Fproduct_tag&post=8800"},{"taxonomy":"product_brands","embeddable":true,"href":"https:\/\/anopri.com\/index.php?rest_route=%2Fwp%2Fv2%2Fproduct_brands&post=8800"}],"curies":[{"name":"wp","href":"https:\/\/api.w.org\/{rel}","templated":true}]}}