{"id":8799,"date":"2026-04-25T13:05:51","date_gmt":"2026-04-25T13:05:51","guid":{"rendered":"https:\/\/anopri.com\/?post_type=product&#038;p=8799"},"modified":"2026-04-25T13:05:53","modified_gmt":"2026-04-25T13:05:53","slug":"refrigerateur-innova-in-440-300-litres","status":"publish","type":"product","link":"https:\/\/anopri.com\/?product=refrigerateur-innova-in-440-300-litres","title":{"rendered":"R\u00e9frig\u00e9rateur INNOVA IN-440 &#8211; 300 Litres"},"content":{"rendered":"<ul>\n<li><strong>Cat\u00e9gorie :<\/strong>\u00a0Electrom\u00e9nager<\/li>\n<li><strong>Marque :<\/strong>\u00a0Innova<\/li>\n<li><strong>Mod\u00e8les :<\/strong>\u00a0IN440<\/li>\n<li><strong>Type de produit :<\/strong>\u00a0R\u00e9frig\u00e9rateur Combin\u00e9<\/li>\n<li><strong>Nombre de portes :\u00a0<\/strong>2<\/li>\n<li><strong>Volume brut \/ Volume net :<\/strong>\u00a0210 litres \/ 90 litres<\/li>\n<li><strong>Volume du r\u00e9frig\u00e9rateur :<\/strong>\u00a0210 litres<\/li>\n<li><strong>Volume du cong\u00e9lateur :<\/strong>\u00a090 Litres<\/li>\n<li><strong>Classe \u00e9nerg\u00e9tique\/Climatique :<\/strong>\u00a0A \/ ST<\/li>\n<li><strong>R\u00e9frig\u00e9rant :<\/strong>\u00a0R600a<\/li>\n<li><strong>Tension\/Frequency :<\/strong>\u00a0220\/240Hz<\/li>\n<li><strong>Autre caract\u00e9ristiques cl\u00e9s :<\/strong>\u00a0Congelateur en Bas\u00a0Avec 3 Tirroir<\/li>\n<li><strong>Garantie :<\/strong>\u00a06 mois<\/li>\n<\/ul>\n","protected":false},"excerpt":{"rendered":"<p>Cat\u00e9gorie :\u00a0Electrom\u00e9nager Marque :\u00a0Innova Mod\u00e8les :\u00a0IN440 Type de produit :\u00a0R\u00e9frig\u00e9rateur Combin\u00e9 Nombre de portes :\u00a02 Volume brut \/ Volume net :\u00a0210 litres \/ 90 litres Volume du r\u00e9frig\u00e9rateur :\u00a0210 litres Volume du cong\u00e9lateur :\u00a090 Litres Classe \u00e9nerg\u00e9tique\/Climatique :\u00a0A \/ ST R\u00e9frig\u00e9rant :\u00a0R600a Tension\/Frequency :\u00a0220\/240Hz Autre caract\u00e9ristiques cl\u00e9s :\u00a0Congelateur en Bas\u00a0Avec 3 Tirroir Garantie :\u00a06 mois<\/p>\n","protected":false},"featured_media":7346,"comment_status":"closed","ping_status":"closed","template":"","meta":{"_bst_post_transparent":"","_bst_post_title":"","_bst_post_layout":"","_bst_post_sidebar_id":"","_bst_post_content_style":"","_bst_post_vertical_padding":"","_bst_post_feature":"","_bst_post_feature_position":"","_bst_post_header":false,"_bst_post_footer":false},"product_brand":[],"product_cat":[145,157],"product_tag":[],"product_brands":[],"class_list":{"0":"post-8799","1":"product","2":"type-product","3":"status-publish","4":"has-post-thumbnail","6":"product_cat-electromenager","7":"product_cat-refrigerateur","9":"first","10":"instock","11":"purchasable","12":"product-type-simple","13":"entry","14":"content-bg","15":"loop-entry"},"_links":{"self":[{"href":"https:\/\/anopri.com\/index.php?rest_route=\/wp\/v2\/product\/8799","targetHints":{"allow":["GET"]}}],"collection":[{"href":"https:\/\/anopri.com\/index.php?rest_route=\/wp\/v2\/product"}],"about":[{"href":"https:\/\/anopri.com\/index.php?rest_route=\/wp\/v2\/types\/product"}],"replies":[{"embeddable":true,"href":"https:\/\/anopri.com\/index.php?rest_route=%2Fwp%2Fv2%2Fcomments&post=8799"}],"wp:featuredmedia":[{"embeddable":true,"href":"https:\/\/anopri.com\/index.php?rest_route=\/wp\/v2\/media\/7346"}],"wp:attachment":[{"href":"https:\/\/anopri.com\/index.php?rest_route=%2Fwp%2Fv2%2Fmedia&parent=8799"}],"wp:term":[{"taxonomy":"product_brand","embeddable":true,"href":"https:\/\/anopri.com\/index.php?rest_route=%2Fwp%2Fv2%2Fproduct_brand&post=8799"},{"taxonomy":"product_cat","embeddable":true,"href":"https:\/\/anopri.com\/index.php?rest_route=%2Fwp%2Fv2%2Fproduct_cat&post=8799"},{"taxonomy":"product_tag","embeddable":true,"href":"https:\/\/anopri.com\/index.php?rest_route=%2Fwp%2Fv2%2Fproduct_tag&post=8799"},{"taxonomy":"product_brands","embeddable":true,"href":"https:\/\/anopri.com\/index.php?rest_route=%2Fwp%2Fv2%2Fproduct_brands&post=8799"}],"curies":[{"name":"wp","href":"https:\/\/api.w.org\/{rel}","templated":true}]}}