{"id":8797,"date":"2026-04-25T13:05:44","date_gmt":"2026-04-25T13:05:44","guid":{"rendered":"https:\/\/anopri.com\/?post_type=product&#038;p=8797"},"modified":"2026-04-25T13:05:49","modified_gmt":"2026-04-25T13:05:49","slug":"congelateur-innova-in660-550litre","status":"publish","type":"product","link":"https:\/\/anopri.com\/?product=congelateur-innova-in660-550litre","title":{"rendered":"Cong\u00e9lateur INNOVA IN660-550Litre"},"content":{"rendered":"<ul>\n<li><strong>Type de produit:\u00a0<\/strong>Cong\u00e9lateur<\/li>\n<li><strong>Marque:<\/strong>\u00a0 INNOVA<\/li>\n<li><strong>Mod\u00e8le:<\/strong>\u00a0IN660<\/li>\n<li><strong>Cat\u00e9gorie:<\/strong>\u00a0Gros \u00e9lectrom\u00e9nager<\/li>\n<li><strong>Type Cong\u00e9lateur:<\/strong>\u00a0Double Battant<\/li>\n<li><strong>Capacit\u00e9 Totale:<\/strong>\u00a0550 Litres<\/li>\n<li><strong>Nombre de porte:<\/strong>\u00a002<\/li>\n<li><strong>Classe d\u2019efficacit\u00e9 \u00e9nerg\u00e9tique:<\/strong>\u00a0A +<\/li>\n<li><strong>Consommation \u00e9lectrique:<\/strong>\u00a0222 kWh \/ an<\/li>\n<li><strong>Cong\u00e9lateur Automatique:<\/strong>\u00a0Oui<\/li>\n<li><strong>Afficher:<\/strong>\u00a0H\u0415<\/li>\n<li><strong>Nombre de panier:<\/strong>\u00a002<\/li>\n<li><strong>Couleur:<\/strong>\u00a0Gris<\/li>\n<li><strong>Garantie:\u00a0<\/strong>06 mois<\/li>\n<\/ul>\n","protected":false},"excerpt":{"rendered":"<p>Le Cong\u00e9lateur Coffre avec vitre \u2013 INNOVA IN660 \u2013 -500L \u2013 est un cong\u00e9lateur haut fiable qui vous offre des performances \u00e9lev\u00e9es pour congeler vos aliments pour les garder frais. Il a une fonction de super cong\u00e9lation efficace qui g\u00e8le tout ce qu\u2019il contient si rapidement que m\u00eame en cas de panne de courant, il reste au frais et permet ainsi de conserver vos denr\u00e9es p\u00e9rissables pendant tr\u00e8s longtemps.<\/p>\n<p>Le cong\u00e9lateur offre un espace de stockage ad\u00e9quat pour de nombreux articles \u00e0 stocker car il est con\u00e7u pour vous permettre de stocker de grandes quantit\u00e9s d\u2019articles p\u00e9rissables et non p\u00e9rissables. Vous n\u2019avez pas besoin de magasiner r\u00e9guli\u00e8rement lorsque vous stockez les aliments dans ce cong\u00e9lateur, car ils conserveront leur go\u00fbt naturel et leur fra\u00eecheur.<\/p>\n<p>Il est \u00e9conome en \u00e9nergie et le refroidissement ultra-rapide se fait en un minimum de temps, ce qui entra\u00eene une faible consommation d\u2019\u00e9nergie.<\/p>\n","protected":false},"featured_media":7344,"comment_status":"closed","ping_status":"closed","template":"","meta":{"_bst_post_transparent":"","_bst_post_title":"","_bst_post_layout":"","_bst_post_sidebar_id":"","_bst_post_content_style":"","_bst_post_vertical_padding":"","_bst_post_feature":"","_bst_post_feature_position":"","_bst_post_header":false,"_bst_post_footer":false},"product_brand":[],"product_cat":[153,145],"product_tag":[],"product_brands":[],"class_list":{"0":"post-8797","1":"product","2":"type-product","3":"status-publish","4":"has-post-thumbnail","6":"product_cat-congelateur-coffre","7":"product_cat-electromenager","9":"first","10":"outofstock","11":"purchasable","12":"product-type-simple","13":"entry","14":"content-bg","15":"loop-entry"},"_links":{"self":[{"href":"https:\/\/anopri.com\/index.php?rest_route=\/wp\/v2\/product\/8797","targetHints":{"allow":["GET"]}}],"collection":[{"href":"https:\/\/anopri.com\/index.php?rest_route=\/wp\/v2\/product"}],"about":[{"href":"https:\/\/anopri.com\/index.php?rest_route=\/wp\/v2\/types\/product"}],"replies":[{"embeddable":true,"href":"https:\/\/anopri.com\/index.php?rest_route=%2Fwp%2Fv2%2Fcomments&post=8797"}],"wp:featuredmedia":[{"embeddable":true,"href":"https:\/\/anopri.com\/index.php?rest_route=\/wp\/v2\/media\/7344"}],"wp:attachment":[{"href":"https:\/\/anopri.com\/index.php?rest_route=%2Fwp%2Fv2%2Fmedia&parent=8797"}],"wp:term":[{"taxonomy":"product_brand","embeddable":true,"href":"https:\/\/anopri.com\/index.php?rest_route=%2Fwp%2Fv2%2Fproduct_brand&post=8797"},{"taxonomy":"product_cat","embeddable":true,"href":"https:\/\/anopri.com\/index.php?rest_route=%2Fwp%2Fv2%2Fproduct_cat&post=8797"},{"taxonomy":"product_tag","embeddable":true,"href":"https:\/\/anopri.com\/index.php?rest_route=%2Fwp%2Fv2%2Fproduct_tag&post=8797"},{"taxonomy":"product_brands","embeddable":true,"href":"https:\/\/anopri.com\/index.php?rest_route=%2Fwp%2Fv2%2Fproduct_brands&post=8797"}],"curies":[{"name":"wp","href":"https:\/\/api.w.org\/{rel}","templated":true}]}}